{"id":13189,"date":"2025-03-13T16:21:20","date_gmt":"2025-03-13T14:21:20","guid":{"rendered":"https:\/\/nordic-chefs.com\/?post_type=product&#038;p=13189"},"modified":"2026-02-20T23:34:41","modified_gmt":"2026-02-20T21:34:41","slug":"fer-a-rosette-miniature-fivemount","status":"publish","type":"product","link":"https:\/\/nordic-chefs.com\/fr\/shop\/fivemount-mini-rosette-iron\/","title":{"rendered":"FiveMount Petite rosette en fer"},"content":{"rendered":"<p class=\"p1\">Voici le fer \u00e0 rosette FiveMount, l'outil ultime pour cr\u00e9er de petits bunuelos et une vari\u00e9t\u00e9 de snacks. Parfait pour les snacks mexicains qui peuvent \u00eatre mang\u00e9s en une seule bouch\u00e9e. Nos outils de chef sont fabriqu\u00e9s en acier inoxydable de haute qualit\u00e9, ce qui les rend durables, faciles \u00e0 nettoyer et l\u00e9gers pour les cuisines professionnelles et domestiques.<\/p>\n<p class=\"p1\">Dot\u00e9 d'un syst\u00e8me \u00e0 cinq montures, il vous permet de produire simultan\u00e9ment cinq mini-cro\u00fbtes \u00e0 tarte parfaites, maximisant ainsi l'efficacit\u00e9. Il est facilement interchangeable avec nos autres moules tels que Croustade, Small Flat Top et Small Oval Croustade.<\/p>\n<p class=\"p1\"><b>Ce produit comprend<\/b><\/p>\n<p class=\"p1\">5 x Moules pour petites rosettes<\/p>\n<p class=\"p1\">1 x Single handle<\/p>\n<p class=\"p1\">1 x FiveMount<\/p>","protected":false},"excerpt":{"rendered":"<p class=\"p1\">Voici le fer \u00e0 rosette FiveMount, l'outil ultime pour cr\u00e9er de petits bunuelos et une vari\u00e9t\u00e9 de snacks. Parfait pour les snacks mexicains qui peuvent \u00eatre mang\u00e9s en une seule bouch\u00e9e. Nos outils de chef sont fabriqu\u00e9s en acier inoxydable de haute qualit\u00e9, ce qui les rend durables, faciles \u00e0 nettoyer et l\u00e9gers pour les cuisines professionnelles et domestiques.<\/p>\n<p class=\"p1\">Dot\u00e9 d'un syst\u00e8me \u00e0 cinq montures, il vous permet de produire simultan\u00e9ment cinq mini-cro\u00fbtes \u00e0 tarte parfaites, maximisant ainsi l'efficacit\u00e9. Il est facilement interchangeable avec nos autres moules tels que Croustade, Small Flat Top et Small Oval Croustade.<\/p>\n<p>Vous pouvez d\u00e9sormais personnaliser la poign\u00e9e avec une gravure sur mesure.<\/p>\n<p class=\"p1\"><b>Ce produit comprend<\/b><\/p>\n<p class=\"p1\">5 x Moules pour petites rosettes<\/p>\n<p class=\"p1\">1 x poign\u00e9e simple<\/p>\n<p class=\"p1\">1 x FiveMount<\/p>\n<p class=\"p1\">Pr\u00eat pour la friture !<\/p>","protected":false},"featured_media":13196,"template":"","meta":{"_acf_changed":false,"_seopress_robots_primary_cat":"152","_seopress_titles_title":"FiveMount Small Rosette Iron - Create Bunuelos like a pro","_seopress_titles_desc":"Our FiveMount Small Rosette Iron makes you create fried snacks 5x as fast! New Rosette iron edition for professional chefs! World Wide Shipping!","_seopress_robots_index":""},"product_brand":[],"product_cat":[152,170],"product_tag":[],"class_list":{"0":"post-13189","1":"product","2":"type-product","3":"status-publish","4":"has-post-thumbnail","6":"product_cat-croustade-iron-and-rosette-iron","7":"product_cat-fivemount-croustade-iron","8":"product-type-variable","9":"tm-no-options","11":"first","12":"instock","13":"taxable","14":"shipping-taxable","15":"purchasable","17":"has-default-attributes"},"acf":[],"_links":{"self":[{"href":"https:\/\/nordic-chefs.com\/fr\/wp-json\/wp\/v2\/product\/13189","targetHints":{"allow":["GET"]}}],"collection":[{"href":"https:\/\/nordic-chefs.com\/fr\/wp-json\/wp\/v2\/product"}],"about":[{"href":"https:\/\/nordic-chefs.com\/fr\/wp-json\/wp\/v2\/types\/product"}],"version-history":[{"count":0,"href":"https:\/\/nordic-chefs.com\/fr\/wp-json\/wp\/v2\/product\/13189\/revisions"}],"wp:featuredmedia":[{"embeddable":true,"href":"https:\/\/nordic-chefs.com\/fr\/wp-json\/wp\/v2\/media\/13196"}],"wp:attachment":[{"href":"https:\/\/nordic-chefs.com\/fr\/wp-json\/wp\/v2\/media?parent=13189"}],"wp:term":[{"taxonomy":"product_brand","embeddable":true,"href":"https:\/\/nordic-chefs.com\/fr\/wp-json\/wp\/v2\/product_brand?post=13189"},{"taxonomy":"product_cat","embeddable":true,"href":"https:\/\/nordic-chefs.com\/fr\/wp-json\/wp\/v2\/product_cat?post=13189"},{"taxonomy":"product_tag","embeddable":true,"href":"https:\/\/nordic-chefs.com\/fr\/wp-json\/wp\/v2\/product_tag?post=13189"}],"curies":[{"name":"wp","href":"https:\/\/api.w.org\/{rel}","templated":true}]}}