{"id":13210,"date":"2025-03-14T11:06:20","date_gmt":"2025-03-14T09:06:20","guid":{"rendered":"https:\/\/nordic-chefs.com\/?post_type=product&#038;p=13210"},"modified":"2026-04-24T15:31:40","modified_gmt":"2026-04-24T13:31:40","slug":"fivemount-petit-fer-a-repasser-plat","status":"publish","type":"product","link":"https:\/\/nordic-chefs.com\/fr\/shop\/fivemount-small-flat-top-iron\/","title":{"rendered":"FiveMount Petit fer \u00e0 repasser plat"},"content":{"rendered":"<div data-elementor-type=\"product-post\" data-elementor-id=\"13210\" class=\"elementor elementor-13210\" data-elementor-post-type=\"product\">\n\t\t\t\t<div class=\"elementor-element elementor-element-6a4af23c e-flex e-con-boxed e-con e-parent\" data-id=\"6a4af23c\" data-element_type=\"container\" data-e-type=\"container\">\n\t\t\t\t\t<div class=\"e-con-inner\">\n\t\t\t\t<div class=\"elementor-element elementor-element-69cd8eb8 elementor-widget elementor-widget-text-editor\" data-id=\"69cd8eb8\" data-element_type=\"widget\" data-e-type=\"widget\" data-widget_type=\"text-editor.default\">\n\t\t\t\t<div class=\"elementor-widget-container\">\n\t\t\t\t\t\t\t\t\t<p class=\"p1\">Voici le fer \u00e0 repasser FiveMount Small Flat Top, l'outil ultime des chefs pour cr\u00e9er de petites croustades frites et une vari\u00e9t\u00e9 d'en-cas. Parfait pour les snacks fran\u00e7ais qui peuvent \u00eatre mang\u00e9s en une seule bouch\u00e9e. Nos outils de chef sont fabriqu\u00e9s en acier inoxydable de haute qualit\u00e9, ce qui les rend durables, faciles \u00e0 nettoyer et l\u00e9gers pour les cuisines professionnelles et domestiques.<\/p>\r\n<p class=\"p1\">Dot\u00e9 d'un syst\u00e8me \u00e0 cinq montures, il vous permet de produire simultan\u00e9ment cinq mini-cro\u00fbtes \u00e0 tarte parfaites, maximisant ainsi l'efficacit\u00e9. Il est facilement interchangeable avec nos autres moules tels que le Croustade, le Petit fer \u00e0 rosette et le Petit Croustade ovale.<\/p>\r\nVous pouvez d\u00e9sormais personnaliser la poign\u00e9e avec une gravure sur mesure.\r\n<p class=\"p1\"><b>Ce produit comprend<\/b><\/p>\r\n<p class=\"p1\">5 x Petits moules Flat Top<\/p>\r\n<p class=\"p1\">1 x poign\u00e9e simple<\/p>\r\n<p class=\"p1\">1 x FiveMount<\/p>\r\n<p class=\"p1\">Pr\u00eat pour la friture !<\/p>\t\t\t\t\t\t\t\t<\/div>\n\t\t\t\t<\/div>\n\t\t\t\t\t<\/div>\n\t\t\t\t<\/div>\n\t\t\t\t<\/div>","protected":false},"excerpt":{"rendered":"<p>Pr\u00e9sentation du Fer Plat Cinq Montagnes, l'outil ultime pour les chefs afin de cr\u00e9er de petites croustades frites et une vari\u00e9t\u00e9 d'en-cas. Parfait pour les amuse-gueules fran\u00e7ais qui se mangent en une bouch\u00e9e. Notre ustensile de chef est fabriqu\u00e9 en acier inoxydable de haute qualit\u00e9, ce qui le rend durable, facile \u00e0 nettoyer et l\u00e9ger pour les cuisines professionnelles et domestiques.<\/p>","protected":false},"featured_media":13198,"template":"","meta":{"_acf_changed":false,"_seopress_robots_primary_cat":"none","_seopress_titles_title":"FiveMount Small Flat Top Iron - Be effective & save time!","_seopress_titles_desc":"Our FiveMount Small Flat Top Iron makes you create fried snacks 5x as fast! New & improved cooking tools for chefs around the world! Be Faster","_seopress_robots_index":"","wprm-recipe-roundup-name":"","wprm-recipe-roundup-description":""},"product_brand":[],"product_cat":[278,152,170],"product_tag":[],"class_list":{"0":"post-13210","1":"product","2":"type-product","3":"status-publish","4":"has-post-thumbnail","6":"product_cat-20-off-croustade","7":"product_cat-croustade-iron-and-rosette-iron","8":"product_cat-fivemount-croustade-iron","9":"product-type-variable","10":"tm-no-options","12":"first","13":"instock","14":"sale","15":"taxable","16":"shipping-taxable","17":"purchasable","19":"has-default-attributes"},"acf":[],"_links":{"self":[{"href":"https:\/\/nordic-chefs.com\/fr\/wp-json\/wp\/v2\/product\/13210","targetHints":{"allow":["GET"]}}],"collection":[{"href":"https:\/\/nordic-chefs.com\/fr\/wp-json\/wp\/v2\/product"}],"about":[{"href":"https:\/\/nordic-chefs.com\/fr\/wp-json\/wp\/v2\/types\/product"}],"version-history":[{"count":0,"href":"https:\/\/nordic-chefs.com\/fr\/wp-json\/wp\/v2\/product\/13210\/revisions"}],"wp:featuredmedia":[{"embeddable":true,"href":"https:\/\/nordic-chefs.com\/fr\/wp-json\/wp\/v2\/media\/13198"}],"wp:attachment":[{"href":"https:\/\/nordic-chefs.com\/fr\/wp-json\/wp\/v2\/media?parent=13210"}],"wp:term":[{"taxonomy":"product_brand","embeddable":true,"href":"https:\/\/nordic-chefs.com\/fr\/wp-json\/wp\/v2\/product_brand?post=13210"},{"taxonomy":"product_cat","embeddable":true,"href":"https:\/\/nordic-chefs.com\/fr\/wp-json\/wp\/v2\/product_cat?post=13210"},{"taxonomy":"product_tag","embeddable":true,"href":"https:\/\/nordic-chefs.com\/fr\/wp-json\/wp\/v2\/product_tag?post=13210"}],"curies":[{"name":"wp","href":"https:\/\/api.w.org\/{rel}","templated":true}]}}