{"id":14120,"date":"2025-04-07T23:51:10","date_gmt":"2025-04-07T21:51:10","guid":{"rendered":"https:\/\/nordic-chefs.com\/?post_type=product&#038;p=14120"},"modified":"2026-04-07T16:46:33","modified_gmt":"2026-04-07T14:46:33","slug":"ensemble-de-moules-a-bunuelo-en-fer-a-double-rosette-6-pieces","status":"publish","type":"product","link":"https:\/\/nordic-chefs.com\/fr\/shop\/6-piece-double-rosette-iron-bunuelo-mold-set\/","title":{"rendered":"Set de 6 moules \u00e0 rosette double en fer et Bunuelo"},"content":{"rendered":"<p>Faites passer vos talents de frites au niveau sup\u00e9rieur avec cet ensemble de 6 moules \u00e0 rosette \u00e0 double poign\u00e9e et bunuelo de Nordic Chefs, une collection d'outils de chef essentielle pour toute cuisine. Con\u00e7u pour les chefs et les cuisiniers passionn\u00e9s, cet ensemble comprend deux moules de chaque type - douze t\u00eates interchangeables au total - fabriqu\u00e9s en aluminium r\u00e9sistant \u00e0 la chaleur pour une friture uniforme et un d\u00e9moulage facile.<\/p>\n<p>Les deux poign\u00e9es ergonomiques antid\u00e9rapantes assurent une bonne prise en main, ce qui facilite la pr\u00e9paration des bu\u00f1uelos mexicains, des croustades fran\u00e7aises et d'autres friandises croustillantes. Que ce soit dans une cuisine professionnelle ou \u00e0 la maison, cet outil polyvalent garantit des r\u00e9sultats uniformes et dor\u00e9s \u00e0 chaque fois.<\/p>\n<p>Ce qui est inclus :<\/p>\n<p>\u2714 2x Croustade Mold<\/p>\n<p>\u2714 2x Rosette Iron<\/p>\n<p>\u2714 2x Petit moule \u00e0 dessus plat<\/p>\n<p>\u2714 2x Ring Bunuelo Mold<\/p>\n<p>\u2714 2x T\u00eate de croustade ovale<\/p>\n<p>\u2714 2x Flat-Top Croustade Iron<\/p>\n<p>\u2714 2x Double Poign\u00e9e<\/p>\n<p>Principaux avantages :<\/p>\n<p>\u2705 Design multi-usages - Id\u00e9al pour les bu\u00f1uelos, les rosettes et les mini-tartes<\/p>\n<p>\u2705 Naturellement antiadh\u00e9sif - Assure un d\u00e9moulage facile et un minimum de d\u00e9g\u00e2ts<\/p>\n<p>\u2705 Poign\u00e9es ergonomiques - Poign\u00e9e antid\u00e9rapante pour un contr\u00f4le pr\u00e9cis<\/p>\n<p>\u2705 Durable et r\u00e9sistant \u00e0 la chaleur - Con\u00e7u pour une utilisation fr\u00e9quente de la friture<\/p>\n<p>\u2705 Bonus - Inclut une recette inspir\u00e9e du guide Michelin<\/p>","protected":false},"excerpt":{"rendered":"<p>Faites passer vos talents de frites au niveau sup\u00e9rieur avec cet ensemble de 6 moules \u00e0 rosette \u00e0 double poign\u00e9e et bunuelo de Nordic Chefs, une collection d'outils de chef essentielle pour toute cuisine. Con\u00e7u pour les chefs et les cuisiniers passionn\u00e9s, cet ensemble comprend deux moules de chaque type - douze t\u00eates interchangeables au total - fabriqu\u00e9s en aluminium r\u00e9sistant \u00e0 la chaleur pour une friture uniforme et un d\u00e9moulage facile.<\/p>","protected":false},"featured_media":18852,"template":"","meta":{"_acf_changed":false,"_seopress_robots_primary_cat":"none","_seopress_titles_title":"","_seopress_titles_desc":"","_seopress_robots_index":""},"product_brand":[],"product_cat":[151,152,168],"product_tag":[],"class_list":{"0":"post-14120","1":"product","2":"type-product","3":"status-publish","4":"has-post-thumbnail","6":"product_cat-bestsellers","7":"product_cat-croustade-iron-and-rosette-iron","8":"product_cat-double-iron","9":"product-type-variable","10":"tm-no-options","12":"first","13":"instock","14":"taxable","15":"shipping-taxable","16":"purchasable","18":"has-default-attributes"},"acf":[],"_links":{"self":[{"href":"https:\/\/nordic-chefs.com\/fr\/wp-json\/wp\/v2\/product\/14120","targetHints":{"allow":["GET"]}}],"collection":[{"href":"https:\/\/nordic-chefs.com\/fr\/wp-json\/wp\/v2\/product"}],"about":[{"href":"https:\/\/nordic-chefs.com\/fr\/wp-json\/wp\/v2\/types\/product"}],"version-history":[{"count":0,"href":"https:\/\/nordic-chefs.com\/fr\/wp-json\/wp\/v2\/product\/14120\/revisions"}],"wp:featuredmedia":[{"embeddable":true,"href":"https:\/\/nordic-chefs.com\/fr\/wp-json\/wp\/v2\/media\/18852"}],"wp:attachment":[{"href":"https:\/\/nordic-chefs.com\/fr\/wp-json\/wp\/v2\/media?parent=14120"}],"wp:term":[{"taxonomy":"product_brand","embeddable":true,"href":"https:\/\/nordic-chefs.com\/fr\/wp-json\/wp\/v2\/product_brand?post=14120"},{"taxonomy":"product_cat","embeddable":true,"href":"https:\/\/nordic-chefs.com\/fr\/wp-json\/wp\/v2\/product_cat?post=14120"},{"taxonomy":"product_tag","embeddable":true,"href":"https:\/\/nordic-chefs.com\/fr\/wp-json\/wp\/v2\/product_tag?post=14120"}],"curies":[{"name":"wp","href":"https:\/\/api.w.org\/{rel}","templated":true}]}}