{"id":14248,"date":"2025-04-17T20:55:41","date_gmt":"2025-04-17T18:55:41","guid":{"rendered":"https:\/\/nordic-chefs.com\/shop\/uncategorized\/the-ultimate-cutter-set\/"},"modified":"2026-02-20T23:39:36","modified_gmt":"2026-02-20T21:39:36","slug":"lensemble-de-coupe-ultime","status":"publish","type":"product","link":"https:\/\/nordic-chefs.com\/fr\/shop\/the-ultimate-cutter-set\/","title":{"rendered":"Le set ultime de cookie cutters"},"content":{"rendered":"<p>L'Ultimate Cutter Set est la solution compl\u00e8te pour les chefs et les cuisiniers ambitieux qui exigent pr\u00e9cision et polyvalence dans la cuisine. Ce set r\u00e9unit quatre de nos kits de d\u00e9coupe les plus populaires en un seul, vous donnant l'outil ad\u00e9quat pour chaque t\u00e2che, de la mise en place d\u00e9licate aux pr\u00e9parations plus importantes et \u00e0 la pr\u00e9sentation des desserts.<\/p>\n<p>Fabriqu\u00e9 en acier inoxydable de haute qualit\u00e9, sans soudure visible, chaque anneau permet de r\u00e9aliser facilement des coupes lisses et parfaitement rondes. Utilisez la presse incluse pour fa\u00e7onner des plats tels que le tartare de thon, le caviar ou des desserts raffin\u00e9s. Que vous travailliez sur de petits d\u00e9tails ou sur de grandes portions, cet ensemble garantit la coh\u00e9rence et l'\u00e9l\u00e9gance sous pression.<\/p>\n<p>L'ensemble comprend<\/p>\n<p>1 x Kit de presse \u00e0 d\u00e9couper (8 pi\u00e8ces)<\/p>\n<p>1 x Kit de coupe essentielle (11 pi\u00e8ces)<\/p>\n<p>1 x Kit de coupe large (6pcs - Add On Kit)<\/p>\n<p>1 x Kit de petits cutters (5pcs - Annonces sur le kit)<\/p>\n<p>Con\u00e7us et fabriqu\u00e9s par des chefs nordiques<\/p>","protected":false},"excerpt":{"rendered":"<p style=\"text-align: center\">L'Ultimate Cutter Set est la solution compl\u00e8te pour les chefs et les cuisiniers ambitieux qui exigent pr\u00e9cision et polyvalence dans la cuisine. Ce set r\u00e9unit quatre de nos kits de d\u00e9coupe les plus populaires en un seul, vous donnant l'outil ad\u00e9quat pour chaque t\u00e2che, de la mise en place d\u00e9licate aux pr\u00e9parations plus importantes et \u00e0 la pr\u00e9sentation des desserts.<\/p>\n<p style=\"text-align: center\">L'ensemble comprend<\/p>\n<p style=\"text-align: center\">1 x Kit de presse \u00e0 d\u00e9couper (8 pi\u00e8ces)<\/p>\n<p style=\"text-align: center\">1 x Kit de coupe essentielle (11 pi\u00e8ces)<\/p>\n<p style=\"text-align: center\">1 x Kit de coupe large (6pcs - Add On Kit)<\/p>\n<p style=\"text-align: center\">1 x Kit de petits cutters (5pcs - Annonces sur le kit)<\/p>\n<p style=\"text-align: center\">Con\u00e7us et fabriqu\u00e9s par des chefs nordiques<\/p>","protected":false},"featured_media":10025,"template":"","meta":{"_acf_changed":false,"_seopress_robots_primary_cat":"none","_seopress_titles_title":"Ultimate Cutter Set for Professional Chefs and Home Cooks","_seopress_titles_desc":"Stainless Steel Food Rings and Press for Perfect Plating - Desserts, Tartare, and Elegant Presentation. Made from one piece of steel in Jet Black","_seopress_robots_index":""},"product_brand":[],"product_cat":[116,105],"product_tag":[25],"class_list":{"0":"post-14248","1":"product","2":"type-product","3":"status-publish","4":"has-post-thumbnail","6":"product_cat-cutter","7":"product_cat-kitchen-utensils","8":"product_tag-engraving","9":"product-type-simple","10":"tm-has-options","12":"first","13":"instock","14":"taxable","15":"shipping-taxable","16":"purchasable"},"acf":[],"_links":{"self":[{"href":"https:\/\/nordic-chefs.com\/fr\/wp-json\/wp\/v2\/product\/14248","targetHints":{"allow":["GET"]}}],"collection":[{"href":"https:\/\/nordic-chefs.com\/fr\/wp-json\/wp\/v2\/product"}],"about":[{"href":"https:\/\/nordic-chefs.com\/fr\/wp-json\/wp\/v2\/types\/product"}],"version-history":[{"count":0,"href":"https:\/\/nordic-chefs.com\/fr\/wp-json\/wp\/v2\/product\/14248\/revisions"}],"wp:featuredmedia":[{"embeddable":true,"href":"https:\/\/nordic-chefs.com\/fr\/wp-json\/wp\/v2\/media\/10025"}],"wp:attachment":[{"href":"https:\/\/nordic-chefs.com\/fr\/wp-json\/wp\/v2\/media?parent=14248"}],"wp:term":[{"taxonomy":"product_brand","embeddable":true,"href":"https:\/\/nordic-chefs.com\/fr\/wp-json\/wp\/v2\/product_brand?post=14248"},{"taxonomy":"product_cat","embeddable":true,"href":"https:\/\/nordic-chefs.com\/fr\/wp-json\/wp\/v2\/product_cat?post=14248"},{"taxonomy":"product_tag","embeddable":true,"href":"https:\/\/nordic-chefs.com\/fr\/wp-json\/wp\/v2\/product_tag?post=14248"}],"curies":[{"name":"wp","href":"https:\/\/api.w.org\/{rel}","templated":true}]}}