{"id":14929,"date":"2025-06-26T14:24:09","date_gmt":"2025-06-26T12:24:09","guid":{"rendered":"https:\/\/nordic-chefs.com\/?post_type=product&#038;p=14929"},"modified":"2025-12-16T15:12:42","modified_gmt":"2025-12-16T13:12:42","slug":"monaka-tartelette","status":"publish","type":"product","link":"https:\/\/nordic-chefs.com\/fr\/shop\/monaka-tartelette\/","title":{"rendered":"Set de tartelettes Monaka"},"content":{"rendered":"<p>Notre set de tartelettes Monaka a \u00e9t\u00e9 d\u00e9velopp\u00e9 en collaboration avec le chef Michelin Edward Lee du restaurant Udtryk \u00e0 Copenhague. Il a ouvert ses portes en mai 2025 et a re\u00e7u sa premi\u00e8re \u00e9toile Michelin apr\u00e8s 41 jours d'ouverture.<\/p>\n<p>Ce moule est compos\u00e9 de 5 pi\u00e8ces en une et s'inspire des bonbons japonais \u00e0 base de mochi (riz croustillant). Le design est con\u00e7u pour que vous puissiez les remplir et les utiliser pour faire des mochi's ou vous pouvez les utiliser comme tartelette comme Edward l'a fait.<\/p>\n<p>Le moule est livr\u00e9 avec 5 pi\u00e8ces m\u00e9dianes pour la r\u00e9alisation de la tartelette et un emporte-pi\u00e8ce pour obtenir un beau bord.<\/p>\n<p>Les moules en silicone sont fabriqu\u00e9s au Danemark et peuvent r\u00e9sister \u00e0 des temp\u00e9ratures comprises entre -40 et 250+ degr\u00e9s.<\/p>","protected":false},"excerpt":{"rendered":"<p style=\"text-align: center;\">Our <strong>Monaka<\/strong> tartelette set is developed in collaboration with <strong>Michelin chef Edward Lee<\/strong> from restaurant Udtryk in <strong>Copenhagen<\/strong>. He opened his doors may of 2025 and received his first ever <strong>michelin star<\/strong> after 41 days of having been open.<\/p>\n<p style=\"text-align: center;\">Ce moule est compos\u00e9 de 5 pi\u00e8ces en une et s'inspire des bonbons japonais \u00e0 base de mochi (riz croustillant). Le design est con\u00e7u pour que vous puissiez les remplir et les utiliser pour faire des mochi's ou vous pouvez les utiliser comme tartelette comme Edward l'a fait.<\/p>","protected":false},"featured_media":14917,"template":"","meta":{"_acf_changed":false,"_seopress_robots_primary_cat":"none","_seopress_titles_title":"Monaka tartelette set inspired by a japanese sweet","_seopress_titles_desc":"With our japanese inspired tart you are able to create crips monaka shells - made in collaboration with Restaurant Udtryk - 1 michelin star","_seopress_robots_index":""},"product_brand":[],"product_cat":[91,104,136],"product_tag":[],"class_list":{"0":"post-14929","1":"product","2":"type-product","3":"status-publish","4":"has-post-thumbnail","6":"product_cat-silicone-molds","7":"product_cat-silicone-molds-3d","8":"product_cat-tartelette-silicone-molds","9":"product-type-simple","10":"tm-no-options","12":"first","13":"instock","14":"taxable","15":"shipping-taxable","16":"purchasable"},"acf":[],"_links":{"self":[{"href":"https:\/\/nordic-chefs.com\/fr\/wp-json\/wp\/v2\/product\/14929","targetHints":{"allow":["GET"]}}],"collection":[{"href":"https:\/\/nordic-chefs.com\/fr\/wp-json\/wp\/v2\/product"}],"about":[{"href":"https:\/\/nordic-chefs.com\/fr\/wp-json\/wp\/v2\/types\/product"}],"version-history":[{"count":0,"href":"https:\/\/nordic-chefs.com\/fr\/wp-json\/wp\/v2\/product\/14929\/revisions"}],"wp:featuredmedia":[{"embeddable":true,"href":"https:\/\/nordic-chefs.com\/fr\/wp-json\/wp\/v2\/media\/14917"}],"wp:attachment":[{"href":"https:\/\/nordic-chefs.com\/fr\/wp-json\/wp\/v2\/media?parent=14929"}],"wp:term":[{"taxonomy":"product_brand","embeddable":true,"href":"https:\/\/nordic-chefs.com\/fr\/wp-json\/wp\/v2\/product_brand?post=14929"},{"taxonomy":"product_cat","embeddable":true,"href":"https:\/\/nordic-chefs.com\/fr\/wp-json\/wp\/v2\/product_cat?post=14929"},{"taxonomy":"product_tag","embeddable":true,"href":"https:\/\/nordic-chefs.com\/fr\/wp-json\/wp\/v2\/product_tag?post=14929"}],"curies":[{"name":"wp","href":"https:\/\/api.w.org\/{rel}","templated":true}]}}