{"id":15191,"date":"2025-07-25T17:00:18","date_gmt":"2025-07-25T15:00:18","guid":{"rendered":"https:\/\/nordic-chefs.com\/shop\/uncategorized\/scallop-mold-limited-edition\/"},"modified":"2026-02-04T14:44:19","modified_gmt":"2026-02-04T12:44:19","slug":"scallop-mold","status":"publish","type":"product","link":"https:\/\/nordic-chefs.com\/fr\/shop\/scallop-mold\/","title":{"rendered":"Scallop Mold"},"content":{"rendered":"<p style=\"text-align: center\">Our scallop mold is a professional-grade kitchen tool inspired by the asian pie tee mold but crafted from premium Aluminium steel. Whether you\u2019re creating sweet snacks, or savory mini tart shells, this croustade makes it with ease. It is designed for the use in Michelin-star kitchens, but it\u2019s also perfect for home cooks looking for quality kitchen tools. With its lightweight and quality feeling this chefs tool is built to last.<\/p>\n<p class=\"p1\" style=\"font-family: Inter, sans-serif;font-size: 10px;font-style: normal;font-weight: 400;letter-spacing: normal;text-align: center;text-indent: 0px;text-transform: none;text-decoration: none\"><span style=\"font-size: 10pt\"><strong>A noter :<\/strong><\/span><span style=\"font-size: 10pt\"><span class=\"Apple-converted-space\">&nbsp;<\/span><\/span><span style=\"font-size: 10pt\"><i>Ce produit ne comprend que le moule. Les poign\u00e9es doivent \u00eatre achet\u00e9es s\u00e9par\u00e9ment.<\/i><\/span><\/p>","protected":false},"excerpt":{"rendered":"<p style=\"text-align: center\"><strong>LIMITED EDITION<\/strong><\/p>\n<p style=\"text-align: center\">Our scallop mold is a professional-grade kitchen tool inspired by the asian pie tee mold but crafted from premium Aluminium steel. Whether you\u2019re creating sweet snacks, or savory mini tart shells, this croustade makes it with ease. It is designed for the use in Michelin-star kitchens, but it\u2019s also perfect for home cooks looking for quality kitchen tools. With its lightweight and quality feeling this chefs tool is built to last.<\/p>\n<p class=\"p1\" style=\"font-family: Inter, sans-serif;font-size: 10px;font-style: normal;font-weight: 400;letter-spacing: normal;text-align: center;text-indent: 0px;text-transform: none;text-decoration: none\"><span style=\"font-size: 12pt\"><strong>A noter :<\/strong> <i>Ce produit ne comprend que le moule. Les poign\u00e9es doivent \u00eatre achet\u00e9es s\u00e9par\u00e9ment.<\/i><\/span><\/p>","protected":false},"featured_media":18072,"template":"","meta":{"_acf_changed":false,"_seopress_robots_primary_cat":"none","_seopress_titles_title":"Scallop Croustade Mold","_seopress_titles_desc":"LIMITED EDITION - create a stunning croustade snack with our new scallop mold - its deep to fill in your favorite filling.","_seopress_robots_index":""},"product_brand":[],"product_cat":[152,168,167],"product_tag":[113],"class_list":{"0":"post-15191","1":"product","2":"type-product","3":"status-publish","4":"has-post-thumbnail","6":"product_cat-croustade-iron-and-rosette-iron","7":"product_cat-double-iron","8":"product_cat-single-iron","9":"product_tag-head","10":"product-type-simple","11":"tm-no-options","13":"first","14":"outofstock","15":"taxable","16":"shipping-taxable","17":"purchasable"},"acf":[],"_links":{"self":[{"href":"https:\/\/nordic-chefs.com\/fr\/wp-json\/wp\/v2\/product\/15191","targetHints":{"allow":["GET"]}}],"collection":[{"href":"https:\/\/nordic-chefs.com\/fr\/wp-json\/wp\/v2\/product"}],"about":[{"href":"https:\/\/nordic-chefs.com\/fr\/wp-json\/wp\/v2\/types\/product"}],"version-history":[{"count":0,"href":"https:\/\/nordic-chefs.com\/fr\/wp-json\/wp\/v2\/product\/15191\/revisions"}],"wp:featuredmedia":[{"embeddable":true,"href":"https:\/\/nordic-chefs.com\/fr\/wp-json\/wp\/v2\/media\/18072"}],"wp:attachment":[{"href":"https:\/\/nordic-chefs.com\/fr\/wp-json\/wp\/v2\/media?parent=15191"}],"wp:term":[{"taxonomy":"product_brand","embeddable":true,"href":"https:\/\/nordic-chefs.com\/fr\/wp-json\/wp\/v2\/product_brand?post=15191"},{"taxonomy":"product_cat","embeddable":true,"href":"https:\/\/nordic-chefs.com\/fr\/wp-json\/wp\/v2\/product_cat?post=15191"},{"taxonomy":"product_tag","embeddable":true,"href":"https:\/\/nordic-chefs.com\/fr\/wp-json\/wp\/v2\/product_tag?post=15191"}],"curies":[{"name":"wp","href":"https:\/\/api.w.org\/{rel}","templated":true}]}}