{"id":15983,"date":"2025-09-09T15:05:03","date_gmt":"2025-09-09T13:05:03","guid":{"rendered":"https:\/\/nordic-chefs.com\/?post_type=product&#038;p=15983"},"modified":"2026-02-20T23:37:37","modified_gmt":"2026-02-20T21:37:37","slug":"tete-de-croustade-florale-edition-limitee","status":"publish","type":"product","link":"https:\/\/nordic-chefs.com\/fr\/shop\/flower-croustade-head-limited-edition\/","title":{"rendered":"Moule \u00e0 tartelette fleur"},"content":{"rendered":"<p style=\"text-align: center\" data-start=\"578\" data-end=\"760\">Le Moule Croustade Fleur est une version raffin\u00e9e du moule \u00e0 tarte traditionnel \u2013 con\u00e7u avec une forme large, semblable \u00e0 des p\u00e9tales, qui ouvre vos possibilit\u00e9s de dressage.<\/p>\n<p style=\"text-align: center\" data-start=\"762\" data-end=\"1000\">Inspir\u00e9e par les formes florales naturelles, cette t\u00eate vous permet de r\u00e9aliser d'\u00e9l\u00e9gantes croustades au profil doux et \u00e9panoui. Id\u00e9ale pour les chefs recherchant une p\u00e2te \u00e0 tarte plus spectaculaire, capable de contenir des garnitures g\u00e9n\u00e9reuses tout en conservant des bords croustillants. Cr\u00e9ez votre propre en-cas fleuri avec notre moule \u00e0 fleurs.<\/p>\n<p style=\"text-align: center\" data-start=\"1002\" data-end=\"1237\">Fabriqu\u00e9 en acier aluminium de premi\u00e8re qualit\u00e9, il est con\u00e7u pour les cuisines professionnelles mais suffisamment l\u00e9ger pour un usage domestique. Que vous cr\u00e9iez des canap\u00e9s, des amuse-bouches ou des desserts miniatures, le moule Croustade Fleur offre \u00e0 la fois beaut\u00e9 et pr\u00e9cision.<\/p>\n<p style=\"text-align: center\" data-start=\"1002\" data-end=\"1237\"><span style=\"font-size: 8pt\"><strong data-start=\"1241\" data-end=\"1257\">A noter :<\/strong><\/span><span style=\"font-size: 8pt\"> Ce produit comprend uniquement la t\u00eate de moule. Les poign\u00e9es compatibles doivent \u00eatre achet\u00e9es s\u00e9par\u00e9ment.<\/span><\/p>","protected":false},"excerpt":{"rendered":"<p style=\"text-align: center\" data-start=\"578\" data-end=\"760\">\u00c9DITION LIMIT\u00c9E<\/p>\n<p style=\"text-align: center\" data-start=\"578\" data-end=\"760\">Le <em data-start=\"604\" data-end=\"627\">T\u00eate de croustade de fleurs<\/em> est une version raffin\u00e9e du moule \u00e0 tarte traditionnel \u2013 con\u00e7u avec une forme large, semblable \u00e0 des p\u00e9tales, qui ouvre vos possibilit\u00e9s de dressage.<\/p>\n<p><span style=\"font-size: 12pt\"><strong data-start=\"1241\" data-end=\"1257\">A noter :<\/strong> Ce produit comprend uniquement la t\u00eate de moule. Les poign\u00e9es compatibles doivent \u00eatre achet\u00e9es s\u00e9par\u00e9ment.<\/span><\/p>","protected":false},"featured_media":18788,"template":"","meta":{"_acf_changed":false,"_seopress_robots_primary_cat":"none","_seopress_titles_title":"Flower Croustade Mold \u2013 Professional pie tee chef tool","_seopress_titles_desc":"Create flower-shaped croustades with this elegant head. Create a tart shell with our flower pie tee mold - minimalistic and presentable for every guest","_seopress_robots_index":"","wprm-recipe-roundup-name":"","wprm-recipe-roundup-description":""},"product_brand":[],"product_cat":[267,152,168,167],"product_tag":[],"class_list":{"0":"post-15983","1":"product","2":"type-product","3":"status-publish","4":"has-post-thumbnail","6":"product_cat-croustade-bunuelos-molds","7":"product_cat-croustade-iron-and-rosette-iron","8":"product_cat-double-iron","9":"product_cat-single-iron","10":"product-type-simple","11":"tm-no-options","13":"first","14":"instock","15":"taxable","16":"shipping-taxable","17":"purchasable"},"acf":[],"_links":{"self":[{"href":"https:\/\/nordic-chefs.com\/fr\/wp-json\/wp\/v2\/product\/15983","targetHints":{"allow":["GET"]}}],"collection":[{"href":"https:\/\/nordic-chefs.com\/fr\/wp-json\/wp\/v2\/product"}],"about":[{"href":"https:\/\/nordic-chefs.com\/fr\/wp-json\/wp\/v2\/types\/product"}],"version-history":[{"count":0,"href":"https:\/\/nordic-chefs.com\/fr\/wp-json\/wp\/v2\/product\/15983\/revisions"}],"wp:featuredmedia":[{"embeddable":true,"href":"https:\/\/nordic-chefs.com\/fr\/wp-json\/wp\/v2\/media\/18788"}],"wp:attachment":[{"href":"https:\/\/nordic-chefs.com\/fr\/wp-json\/wp\/v2\/media?parent=15983"}],"wp:term":[{"taxonomy":"product_brand","embeddable":true,"href":"https:\/\/nordic-chefs.com\/fr\/wp-json\/wp\/v2\/product_brand?post=15983"},{"taxonomy":"product_cat","embeddable":true,"href":"https:\/\/nordic-chefs.com\/fr\/wp-json\/wp\/v2\/product_cat?post=15983"},{"taxonomy":"product_tag","embeddable":true,"href":"https:\/\/nordic-chefs.com\/fr\/wp-json\/wp\/v2\/product_tag?post=15983"}],"curies":[{"name":"wp","href":"https:\/\/api.w.org\/{rel}","templated":true}]}}