{"id":17227,"date":"2025-11-05T23:59:37","date_gmt":"2025-11-05T21:59:37","guid":{"rendered":"https:\/\/nordic-chefs.com\/?post_type=product&#038;p=17227"},"modified":"2026-02-17T23:59:09","modified_gmt":"2026-02-17T21:59:09","slug":"moule-a-tarte-ovale-en-fer","status":"publish","type":"product","link":"https:\/\/nordic-chefs.com\/fr\/shop\/oval-croustade-iron-mold\/","title":{"rendered":"Moule \u00e0 croustade ovale"},"content":{"rendered":"<p><!--StartFragment --><\/p>\n<p class=\"pf0\"><span class=\"cf0\">Notre moule \u00e0 croustade ovale est un ustensile de cuisine professionnel fabriqu\u00e9 en acier aluminium de premi\u00e8re qualit\u00e9. Que vous cr\u00e9iez des biscuits gastronomiques, <\/span><span class=\"cf0\">Bu\u00f1uelos<\/span><span class=\"cf0\"> ou tout autre en-cas croustillant, ce moule en aluminium vous permet de le faire facilement. Con\u00e7u pour \u00eatre utilis\u00e9 dans les cuisines \u00e9toil\u00e9es Michelin, il est \u00e9galement parfait pour les cuisiniers amateurs \u00e0 la recherche d'ustensiles de cuisine de qualit\u00e9. Avec une surface naturellement antiadh\u00e9sive sur notre moule et notre manche antid\u00e9rapant, il offre confort et pr\u00e9cision \u00e0 chaque session de p\u00e2tisserie.<\/span><\/p>\n<p><span class=\"cf0\">Veuillez noter : Ce produit n'inclut que le moule. Les poign\u00e9es doivent \u00eatre achet\u00e9es s\u00e9par\u00e9ment.<\/span><\/p>\n<p><!--EndFragment --><\/p>","protected":false},"excerpt":{"rendered":"<p><!--StartFragment --><\/p>\n<p class=\"pf0\"><span class=\"cf0\">Notre fer \u00e0 tartelette ovale croustade est sp\u00e9cialement con\u00e7u pour cr\u00e9er des en-cas croustillants avec garniture. Fait pour les Chefs <\/span><span class=\"cf1\">\u2013 l\u00e9ger \u2013 design \u2013 moule personnalis\u00e9 avec plus de 21 possibilit\u00e9s diff\u00e9rentes ! Cela fait de notre fer \u00e0 croustade le meilleur outil de cuisine<\/span><\/p>\n<p><!--EndFragment --><\/p>","protected":false},"featured_media":18064,"template":"","meta":{"_acf_changed":false,"_seopress_robots_primary_cat":"none","_seopress_titles_title":"Oval Croustade Mold | Aluminium Head for Crisp Shells","_seopress_titles_desc":"Professional oval aluminium croustade mold designed for crisp, hollow shells. Ensures even heat distribution and clean release after frying.","_seopress_robots_index":"","wprm-recipe-roundup-name":"","wprm-recipe-roundup-description":""},"product_brand":[],"product_cat":[267,152,168,167],"product_tag":[],"class_list":{"0":"post-17227","1":"product","2":"type-product","3":"status-publish","4":"has-post-thumbnail","6":"product_cat-croustade-bunuelos-molds","7":"product_cat-croustade-iron-and-rosette-iron","8":"product_cat-double-iron","9":"product_cat-single-iron","10":"product-type-simple","11":"tm-no-options","13":"first","14":"instock","15":"taxable","16":"shipping-taxable","17":"purchasable"},"acf":[],"_links":{"self":[{"href":"https:\/\/nordic-chefs.com\/fr\/wp-json\/wp\/v2\/product\/17227","targetHints":{"allow":["GET"]}}],"collection":[{"href":"https:\/\/nordic-chefs.com\/fr\/wp-json\/wp\/v2\/product"}],"about":[{"href":"https:\/\/nordic-chefs.com\/fr\/wp-json\/wp\/v2\/types\/product"}],"version-history":[{"count":0,"href":"https:\/\/nordic-chefs.com\/fr\/wp-json\/wp\/v2\/product\/17227\/revisions"}],"wp:featuredmedia":[{"embeddable":true,"href":"https:\/\/nordic-chefs.com\/fr\/wp-json\/wp\/v2\/media\/18064"}],"wp:attachment":[{"href":"https:\/\/nordic-chefs.com\/fr\/wp-json\/wp\/v2\/media?parent=17227"}],"wp:term":[{"taxonomy":"product_brand","embeddable":true,"href":"https:\/\/nordic-chefs.com\/fr\/wp-json\/wp\/v2\/product_brand?post=17227"},{"taxonomy":"product_cat","embeddable":true,"href":"https:\/\/nordic-chefs.com\/fr\/wp-json\/wp\/v2\/product_cat?post=17227"},{"taxonomy":"product_tag","embeddable":true,"href":"https:\/\/nordic-chefs.com\/fr\/wp-json\/wp\/v2\/product_tag?post=17227"}],"curies":[{"name":"wp","href":"https:\/\/api.w.org\/{rel}","templated":true}]}}