{"id":17393,"date":"2025-11-17T16:27:26","date_gmt":"2025-11-17T14:27:26","guid":{"rendered":"https:\/\/nordic-chefs.com\/?post_type=product&#038;p=17393"},"modified":"2026-02-20T23:42:29","modified_gmt":"2026-02-20T21:42:29","slug":"nordic-halo-jordnaer-edition","status":"publish","type":"product","link":"https:\/\/nordic-chefs.com\/fr\/shop\/nordic-halo-jordnaer-edition\/","title":{"rendered":"Nordic Halo &#8211; Jordn\u00e6r Edition"},"content":{"rendered":"<p><strong>Le <em data-start=\"363\" data-end=\"394\">Nordic Halo \u2013 Jordn\u00e6r Edition<\/em> <\/strong><\/p>\n<p>is a precision designed silicone ring mold developed in collaboration with the Michelin-starred Restaurant Jordn\u00e6r owner and head chef &#8211; Eric Vildgaard. Created to elevate modern plating, it allows chefs to create clean mousse, pur\u00e9e or gel rings with a built-in quenelle platform for a minimalistic and highly refined presentation.<\/p>\n<p data-start=\"418\" data-end=\"683\">Produit en <strong data-start=\"430\" data-end=\"441\">Denmark, <\/strong>each item includes <strong data-start=\"498\" data-end=\"520\">2 moules individuels<\/strong> fabriqu\u00e9 \u00e0 partir de <strong data-start=\"531\" data-end=\"559\">100% silicone de qualit\u00e9 alimentaire<\/strong>.<\/p>\n<p data-start=\"418\" data-end=\"683\">Built for professionals, it handles temperatures from <strong data-start=\"615\" data-end=\"634\">De -50\u00b0C \u00e0 +250\u00b0C<\/strong>Il est donc parfait pour <strong data-start=\"658\" data-end=\"682\">utilisation du cong\u00e9lateur et du four<\/strong>.<\/p>\n<p data-start=\"685\" data-end=\"782\">Durable, flexible et facile \u00e0 d\u00e9mouler - un moule con\u00e7u pour r\u00e9pondre aux exigences des cuisines gastronomiques.<\/p>\n<p>&nbsp;<\/p>","protected":false},"excerpt":{"rendered":"<p>Crafted in collaboration with Restaurant Jordn\u00e6r, this precision silicone ring mold allows chefs to create flawless mousse rings with an integrated quenelle platform, ideal for refined Nordic plating.<\/p>","protected":false},"featured_media":17902,"template":"","meta":{"_acf_changed":false,"_seopress_robots_primary_cat":"none","_seopress_titles_title":"Nordic Halo \u2013 Jordn\u00e6r Edition | Silicone Quenelle Ring Mold","_seopress_titles_desc":"Premium silicone plating ring mold co-developed with Restaurant Jordn\u00e6r. Made for precision mousse, quenelle and modern fine dining presentation.","_seopress_robots_index":""},"product_brand":[],"product_cat":[91,104],"product_tag":[],"class_list":{"0":"post-17393","1":"product","2":"type-product","3":"status-publish","4":"has-post-thumbnail","6":"product_cat-silicone-molds","7":"product_cat-silicone-molds-3d","8":"product-type-simple","9":"tm-no-options","11":"first","12":"outofstock","13":"taxable","14":"shipping-taxable","15":"purchasable"},"acf":[],"_links":{"self":[{"href":"https:\/\/nordic-chefs.com\/fr\/wp-json\/wp\/v2\/product\/17393","targetHints":{"allow":["GET"]}}],"collection":[{"href":"https:\/\/nordic-chefs.com\/fr\/wp-json\/wp\/v2\/product"}],"about":[{"href":"https:\/\/nordic-chefs.com\/fr\/wp-json\/wp\/v2\/types\/product"}],"version-history":[{"count":0,"href":"https:\/\/nordic-chefs.com\/fr\/wp-json\/wp\/v2\/product\/17393\/revisions"}],"wp:featuredmedia":[{"embeddable":true,"href":"https:\/\/nordic-chefs.com\/fr\/wp-json\/wp\/v2\/media\/17902"}],"wp:attachment":[{"href":"https:\/\/nordic-chefs.com\/fr\/wp-json\/wp\/v2\/media?parent=17393"}],"wp:term":[{"taxonomy":"product_brand","embeddable":true,"href":"https:\/\/nordic-chefs.com\/fr\/wp-json\/wp\/v2\/product_brand?post=17393"},{"taxonomy":"product_cat","embeddable":true,"href":"https:\/\/nordic-chefs.com\/fr\/wp-json\/wp\/v2\/product_cat?post=17393"},{"taxonomy":"product_tag","embeddable":true,"href":"https:\/\/nordic-chefs.com\/fr\/wp-json\/wp\/v2\/product_tag?post=17393"}],"curies":[{"name":"wp","href":"https:\/\/api.w.org\/{rel}","templated":true}]}}