{"id":18810,"date":"2026-02-03T00:56:44","date_gmt":"2026-02-02T22:56:44","guid":{"rendered":"https:\/\/nordic-chefs.com\/?post_type=product&#038;p=18810"},"modified":"2026-03-23T23:32:39","modified_gmt":"2026-03-23T21:32:39","slug":"construire-votre-propre-set-de-croustade","status":"publish","type":"product","link":"https:\/\/nordic-chefs.com\/fr\/shop\/build-your-own-croustade-set\/","title":{"rendered":"Construisez le v\u00f4tre \u2013 Coffret Croustade (1 fer + 4 moules)"},"content":{"rendered":"<p>Cr\u00e9ez des croustades \u00e9l\u00e9gantes et croustillantes avec des fers et moules professionnels. Con\u00e7us pour la pr\u00e9cision et la constance, ces outils vous aident \u00e0 fa\u00e7onner des coquilles de p\u00e2tisserie d\u00e9licates qui gardent leur forme et leur croquant \u2013 parfaites pour des entr\u00e9es raffin\u00e9es, des desserts et le service de canap\u00e9s.<\/p>","protected":false},"excerpt":{"rendered":"<p>Cr\u00e9ez des croustades \u00e9l\u00e9gantes et croustillantes avec des fers et moules professionnels. Con\u00e7us pour la pr\u00e9cision et la constance, ces outils vous aident \u00e0 fa\u00e7onner des coquilles de p\u00e2tisserie d\u00e9licates qui gardent leur forme et leur croquant \u2013 parfaites pour des entr\u00e9es raffin\u00e9es, des desserts et le service de canap\u00e9s.<\/p>","protected":false},"featured_media":19334,"template":"","meta":{"_acf_changed":false,"_seopress_robots_primary_cat":"none","_seopress_titles_title":"","_seopress_titles_desc":"","_seopress_robots_index":"","wprm-recipe-roundup-name":"","wprm-recipe-roundup-description":""},"product_brand":[],"product_cat":[247,237,152],"product_tag":[],"class_list":{"0":"post-18810","1":"product","2":"type-product","3":"status-publish","4":"has-post-thumbnail","6":"product_cat-buildyourown","7":"product_cat-bundle","8":"product_cat-croustade-iron-and-rosette-iron","9":"product-type-easy_product_bundle","10":"tm-no-options","12":"first","13":"instock","14":"taxable","15":"shipping-taxable","16":"purchasable"},"acf":[],"_links":{"self":[{"href":"https:\/\/nordic-chefs.com\/fr\/wp-json\/wp\/v2\/product\/18810","targetHints":{"allow":["GET"]}}],"collection":[{"href":"https:\/\/nordic-chefs.com\/fr\/wp-json\/wp\/v2\/product"}],"about":[{"href":"https:\/\/nordic-chefs.com\/fr\/wp-json\/wp\/v2\/types\/product"}],"version-history":[{"count":1,"href":"https:\/\/nordic-chefs.com\/fr\/wp-json\/wp\/v2\/product\/18810\/revisions"}],"predecessor-version":[{"id":19600,"href":"https:\/\/nordic-chefs.com\/fr\/wp-json\/wp\/v2\/product\/18810\/revisions\/19600"}],"wp:featuredmedia":[{"embeddable":true,"href":"https:\/\/nordic-chefs.com\/fr\/wp-json\/wp\/v2\/media\/19334"}],"wp:attachment":[{"href":"https:\/\/nordic-chefs.com\/fr\/wp-json\/wp\/v2\/media?parent=18810"}],"wp:term":[{"taxonomy":"product_brand","embeddable":true,"href":"https:\/\/nordic-chefs.com\/fr\/wp-json\/wp\/v2\/product_brand?post=18810"},{"taxonomy":"product_cat","embeddable":true,"href":"https:\/\/nordic-chefs.com\/fr\/wp-json\/wp\/v2\/product_cat?post=18810"},{"taxonomy":"product_tag","embeddable":true,"href":"https:\/\/nordic-chefs.com\/fr\/wp-json\/wp\/v2\/product_tag?post=18810"}],"curies":[{"name":"wp","href":"https:\/\/api.w.org\/{rel}","templated":true}]}}