{"id":19343,"date":"2026-02-24T11:59:44","date_gmt":"2026-02-24T09:59:44","guid":{"rendered":"https:\/\/nordic-chefs.com\/?post_type=product&#038;p=19343"},"modified":"2026-04-10T11:47:19","modified_gmt":"2026-04-10T09:47:19","slug":"build-your-own-fivemount-set","status":"publish","type":"product","link":"https:\/\/nordic-chefs.com\/fr\/shop\/build-your-own-fivemount-set\/","title":{"rendered":"Build Your Own &#8211; FiveMount Set"},"content":{"rendered":"<p class=\"p1\">Introducing the FiveMount, the ultimate bunuelos tool for creating small bunuelos and a variety of snacks. Perfect for mexican snacks that can be eating in one bite. Our chef tools is crafted from high-quality stainless steel, making it durable, easy to clean, and lightweight for both professional and home kitchens.<\/p>\n<p class=\"p1\">Dot\u00e9 d'un syst\u00e8me \u00e0 cinq montures, il vous permet de produire simultan\u00e9ment cinq mini-cro\u00fbtes \u00e0 tarte parfaites, maximisant ainsi l'efficacit\u00e9. Il est facilement interchangeable avec nos autres moules tels que Croustade, Small Flat Top et Small Oval Croustade.<\/p>\n<p class=\"p1\"><b>Ce produit comprend<\/b><\/p>\n<p class=\"p1\">5 x Molds<\/p>\n<p class=\"p1\">1 x Iron Handle<\/p>\n<p class=\"p1\">1 x FiveMount<\/p>","protected":false},"excerpt":{"rendered":"<p>Introducing the FiveMount, the ultimate bunuelos tool for creating small bunuelos and a variety of snacks. Perfect for mexican snacks that can be eating in one bite. Our chef tools is crafted from high-quality stainless steel, making it durable, easy to clean, and lightweight for both professional and home kitchens. Featuring a five-mount system, it [&hellip;]<\/p>\n","protected":false},"featured_media":12098,"template":"","meta":{"_acf_changed":false,"_seopress_robots_primary_cat":"none","_seopress_titles_title":"","_seopress_titles_desc":"","_seopress_robots_index":""},"product_brand":[],"product_cat":[151,247,152,170],"product_tag":[],"class_list":{"0":"post-19343","1":"product","2":"type-product","3":"status-publish","4":"has-post-thumbnail","6":"product_cat-bestsellers","7":"product_cat-buildyourown","8":"product_cat-croustade-iron-and-rosette-iron","9":"product_cat-fivemount-croustade-iron","10":"product-type-easy_product_bundle","11":"tm-no-options","13":"first","14":"instock","15":"taxable","16":"shipping-taxable","17":"purchasable"},"acf":[],"_links":{"self":[{"href":"https:\/\/nordic-chefs.com\/fr\/wp-json\/wp\/v2\/product\/19343","targetHints":{"allow":["GET"]}}],"collection":[{"href":"https:\/\/nordic-chefs.com\/fr\/wp-json\/wp\/v2\/product"}],"about":[{"href":"https:\/\/nordic-chefs.com\/fr\/wp-json\/wp\/v2\/types\/product"}],"version-history":[{"count":1,"href":"https:\/\/nordic-chefs.com\/fr\/wp-json\/wp\/v2\/product\/19343\/revisions"}],"predecessor-version":[{"id":19508,"href":"https:\/\/nordic-chefs.com\/fr\/wp-json\/wp\/v2\/product\/19343\/revisions\/19508"}],"wp:featuredmedia":[{"embeddable":true,"href":"https:\/\/nordic-chefs.com\/fr\/wp-json\/wp\/v2\/media\/12098"}],"wp:attachment":[{"href":"https:\/\/nordic-chefs.com\/fr\/wp-json\/wp\/v2\/media?parent=19343"}],"wp:term":[{"taxonomy":"product_brand","embeddable":true,"href":"https:\/\/nordic-chefs.com\/fr\/wp-json\/wp\/v2\/product_brand?post=19343"},{"taxonomy":"product_cat","embeddable":true,"href":"https:\/\/nordic-chefs.com\/fr\/wp-json\/wp\/v2\/product_cat?post=19343"},{"taxonomy":"product_tag","embeddable":true,"href":"https:\/\/nordic-chefs.com\/fr\/wp-json\/wp\/v2\/product_tag?post=19343"}],"curies":[{"name":"wp","href":"https:\/\/api.w.org\/{rel}","templated":true}]}}