{"id":3686,"date":"2023-07-01T13:18:59","date_gmt":"2023-07-01T13:18:59","guid":{"rendered":"https:\/\/nordic-chefs.com\/?post_type=product&#038;p=3686"},"modified":"2026-02-20T23:40:23","modified_gmt":"2026-02-20T21:40:23","slug":"quenellespoonkit","status":"publish","type":"product","link":"https:\/\/nordic-chefs.com\/fr\/shop\/quenellespoonkit\/","title":{"rendered":"Kit cuill\u00e8re Quenelle - Manche Texture, Noir de jais"},"content":{"rendered":"<p>Nos cuill\u00e8res \u00e0 quenelle sont fabriqu\u00e9es en acier inoxydable de haute qualit\u00e9 et recouvertes d'une couche de noir de jais. La cuill\u00e8re Rocher n'est pas seulement belle, sa forme sp\u00e9ciale vous aidera \u00e0 produire les meilleures quenelles pour votre assiette. Vous pouvez utiliser une ou deux cuill\u00e8res pour obtenir la forme souhait\u00e9e.<\/p>\n<p>Cet ensemble comprend<\/p>\n<p>Cuill\u00e8re Quenelle - Manche Texture 20cm - Jet Black<br \/>\nCuill\u00e8re Quenelle - Texture Poign\u00e9e 14cm- Jet Black<\/p>","protected":false},"excerpt":{"rendered":"<p>Our Quenelle spoons are made of high quality stainless steel with our jet black coat. The Rocher Spoon is not only beautiful, its special shape will help you produce some of the best quenelle scoops for your plate. You are able to use both one or two spoons to form the wanted shape. This set [&hellip;]<\/p>\n","protected":false},"featured_media":10226,"template":"","meta":{"_acf_changed":false,"_seopress_robots_primary_cat":"none","_seopress_titles_title":"Quenelle Spoon Texture-Handle Kit: Made For Chefs!","_seopress_titles_desc":"Craft perfect quenelles with our elegant Nordic Chefs Rocher Spoons in jet black, crafted from fine stainless steel for unmatched style","_seopress_robots_index":""},"product_brand":[],"product_cat":[22],"product_tag":[],"class_list":{"0":"post-3686","1":"product","2":"type-product","3":"status-publish","4":"has-post-thumbnail","6":"product_cat-quenelle-spoon","7":"product-type-simple","8":"tm-no-options","10":"first","11":"onbackorder","12":"taxable","13":"shipping-taxable","14":"purchasable"},"acf":[],"_links":{"self":[{"href":"https:\/\/nordic-chefs.com\/fr\/wp-json\/wp\/v2\/product\/3686","targetHints":{"allow":["GET"]}}],"collection":[{"href":"https:\/\/nordic-chefs.com\/fr\/wp-json\/wp\/v2\/product"}],"about":[{"href":"https:\/\/nordic-chefs.com\/fr\/wp-json\/wp\/v2\/types\/product"}],"version-history":[{"count":0,"href":"https:\/\/nordic-chefs.com\/fr\/wp-json\/wp\/v2\/product\/3686\/revisions"}],"wp:featuredmedia":[{"embeddable":true,"href":"https:\/\/nordic-chefs.com\/fr\/wp-json\/wp\/v2\/media\/10226"}],"wp:attachment":[{"href":"https:\/\/nordic-chefs.com\/fr\/wp-json\/wp\/v2\/media?parent=3686"}],"wp:term":[{"taxonomy":"product_brand","embeddable":true,"href":"https:\/\/nordic-chefs.com\/fr\/wp-json\/wp\/v2\/product_brand?post=3686"},{"taxonomy":"product_cat","embeddable":true,"href":"https:\/\/nordic-chefs.com\/fr\/wp-json\/wp\/v2\/product_cat?post=3686"},{"taxonomy":"product_tag","embeddable":true,"href":"https:\/\/nordic-chefs.com\/fr\/wp-json\/wp\/v2\/product_tag?post=3686"}],"curies":[{"name":"wp","href":"https:\/\/api.w.org\/{rel}","templated":true}]}}