{"id":4138,"date":"2023-08-20T21:30:47","date_gmt":"2023-08-20T19:30:47","guid":{"rendered":"https:\/\/nordic-chefs.com\/product\/bunuelos-ring-head\/"},"modified":"2026-02-17T23:59:51","modified_gmt":"2026-02-17T21:59:51","slug":"moule-a-anneaux-2","status":"publish","type":"product","link":"https:\/\/nordic-chefs.com\/fr\/shop\/ring-mold\/","title":{"rendered":"Moule \u00e0 Croustade Rond"},"content":{"rendered":"<p class=\"p1\" style=\"text-align: center\">Notre moule \u00e0 Bu\u00f1uelos est un ustensile de cuisine de qualit\u00e9 professionnelle fabriqu\u00e9 \u00e0 partir d'un acier aluminium de premi\u00e8re qualit\u00e9. Que vous souhaitiez cr\u00e9er des snacks croustillants, des Bu\u00f1uelos traditionnels ou tout autre snack fran\u00e7ais, ce moule en aluminium vous permet de le faire facilement. Con\u00e7u pour \u00eatre utilis\u00e9 dans les cuisines des \u00e9toiles Michelin, il est \u00e9galement parfait pour les cuisiniers amateurs \u00e0 la recherche d'un outil de chef de qualit\u00e9. Gr\u00e2ce \u00e0 la surface naturellement antiadh\u00e9sive de nos t\u00eates de moules et \u00e0 notre poign\u00e9e antid\u00e9rapante, il offre confort et pr\u00e9cision lors de chaque cuisson.<\/p>\n<p class=\"p1\" style=\"text-align: center\">Passez facilement d'un moule \u00e0 l'autre pour les bunuelos et ouvrez encore plus de possibilit\u00e9s avec notre outil indispensable pour les bunuelos.<\/p>","protected":false},"excerpt":{"rendered":"<p class=\"p1\" style=\"text-align: center\">Am\u00e9liorez votre fer \u00e0 rosette avec notre moule \u00e0 bunuelos - id\u00e9al pour cr\u00e9er des bu\u00f1uelos uniques et frits dans de nouvelles formes et de nouveaux styles.<br \/>\nA noter : <i>Ce produit ne comprend que le moule. Les poign\u00e9es doivent \u00eatre achet\u00e9es s\u00e9par\u00e9ment.<\/i><\/p>","protected":false},"featured_media":18067,"template":"","meta":{"_acf_changed":false,"_seopress_robots_primary_cat":"none","_seopress_titles_title":"Bunuelos Ring Iron professional chefs tool for fried snacks","_seopress_titles_desc":"fry gourmet Bunuelos with our premium bunuelos tool made for Michelin kitchens or home cooks. change your molds with ease - 21 different options","_seopress_robots_index":"","wprm-recipe-roundup-name":"","wprm-recipe-roundup-description":""},"product_brand":[],"product_cat":[267,152,168,167],"product_tag":[113],"class_list":{"0":"post-4138","1":"product","2":"type-product","3":"status-publish","4":"has-post-thumbnail","6":"product_cat-croustade-bunuelos-molds","7":"product_cat-croustade-iron-and-rosette-iron","8":"product_cat-double-iron","9":"product_cat-single-iron","10":"product_tag-head","11":"product-type-simple","12":"tm-no-options","14":"first","15":"instock","16":"taxable","17":"shipping-taxable","18":"purchasable"},"acf":[],"_links":{"self":[{"href":"https:\/\/nordic-chefs.com\/fr\/wp-json\/wp\/v2\/product\/4138","targetHints":{"allow":["GET"]}}],"collection":[{"href":"https:\/\/nordic-chefs.com\/fr\/wp-json\/wp\/v2\/product"}],"about":[{"href":"https:\/\/nordic-chefs.com\/fr\/wp-json\/wp\/v2\/types\/product"}],"version-history":[{"count":0,"href":"https:\/\/nordic-chefs.com\/fr\/wp-json\/wp\/v2\/product\/4138\/revisions"}],"wp:featuredmedia":[{"embeddable":true,"href":"https:\/\/nordic-chefs.com\/fr\/wp-json\/wp\/v2\/media\/18067"}],"wp:attachment":[{"href":"https:\/\/nordic-chefs.com\/fr\/wp-json\/wp\/v2\/media?parent=4138"}],"wp:term":[{"taxonomy":"product_brand","embeddable":true,"href":"https:\/\/nordic-chefs.com\/fr\/wp-json\/wp\/v2\/product_brand?post=4138"},{"taxonomy":"product_cat","embeddable":true,"href":"https:\/\/nordic-chefs.com\/fr\/wp-json\/wp\/v2\/product_cat?post=4138"},{"taxonomy":"product_tag","embeddable":true,"href":"https:\/\/nordic-chefs.com\/fr\/wp-json\/wp\/v2\/product_tag?post=4138"}],"curies":[{"name":"wp","href":"https:\/\/api.w.org\/{rel}","templated":true}]}}