{"id":4142,"date":"2023-08-20T21:37:45","date_gmt":"2023-08-20T19:37:45","guid":{"rendered":"https:\/\/nordic-chefs.com\/product\/batman-head\/"},"modified":"2026-02-18T00:02:50","modified_gmt":"2026-02-17T22:02:50","slug":"thebatman","status":"publish","type":"product","link":"https:\/\/nordic-chefs.com\/fr\/shop\/thebatman\/","title":{"rendered":"Le Moule \u00e0 Croustade Batman \u2013 \u00c9dition Limit\u00e9e"},"content":{"rendered":"<p><strong>\u00c9dition Limit\u00e9e \u2013 La Croustade Batman <\/strong>Mold \ud83e\udd87<\/p>\n<p>Inspired by the world of Batman and developed in collaboration with chef @gabrieleri1212, this mold brings cinematic flair to the professional kitchen.<\/p>\n<p>Precision-crafted from premium aluminium steel, it creates bold, crispy shells with a silhouette that commands attention. Designed for Michelin-level kitchens \u2013 but available to anyone who dares to create something different.<\/p>\n<p>Disponible en <strong>quantit\u00e9s limit\u00e9es<\/strong>.<\/p>\n<p>It may return one day\u2026 but for now, it\u2019s a rare catch.<\/p>\n<p><em>Poign\u00e9e vendue s\u00e9par\u00e9ment<\/em><\/p>","protected":false},"excerpt":{"rendered":"<p><strong><span style=\"font-size: 18pt\"><em>Veuillez noter : poign\u00e9e vendue s\u00e9par\u00e9ment<\/em><\/span><\/strong><\/p>\n<p>Notre t\u00eate de croustade \"Batman pie tee\" est sp\u00e9cialement con\u00e7ue pour cr\u00e9er des snacks croustillants avec une garniture. Durable, facile \u00e0 nettoyer et conviviale, elle assure la perfection \u00e0 chaque utilisation.<\/p>\n<p>Taille par t\u00eate : 6,5 cm de long x 3,3 cm de large 1,3 cm de haut Poids : 0,040 Kg<\/p>\n<p>Mat\u00e9riau : Aluminium<\/p>","protected":false},"featured_media":15254,"template":"","meta":{"_acf_changed":false,"_seopress_robots_primary_cat":"none","_seopress_titles_title":"Batman croustade - Snack for real heroes","_seopress_titles_desc":"Our batman croustade iron, is perfect for the playfull chef, who is a fan of Snacks and Superheroes","_seopress_robots_index":"","wprm-recipe-roundup-name":"","wprm-recipe-roundup-description":""},"product_brand":[],"product_cat":[267,152,168,167],"product_tag":[],"class_list":{"0":"post-4142","1":"product","2":"type-product","3":"status-publish","4":"has-post-thumbnail","6":"product_cat-croustade-bunuelos-molds","7":"product_cat-croustade-iron-and-rosette-iron","8":"product_cat-double-iron","9":"product_cat-single-iron","10":"product-type-simple","11":"tm-no-options","13":"first","14":"instock","15":"taxable","16":"shipping-taxable","17":"purchasable"},"acf":[],"_links":{"self":[{"href":"https:\/\/nordic-chefs.com\/fr\/wp-json\/wp\/v2\/product\/4142","targetHints":{"allow":["GET"]}}],"collection":[{"href":"https:\/\/nordic-chefs.com\/fr\/wp-json\/wp\/v2\/product"}],"about":[{"href":"https:\/\/nordic-chefs.com\/fr\/wp-json\/wp\/v2\/types\/product"}],"version-history":[{"count":0,"href":"https:\/\/nordic-chefs.com\/fr\/wp-json\/wp\/v2\/product\/4142\/revisions"}],"wp:featuredmedia":[{"embeddable":true,"href":"https:\/\/nordic-chefs.com\/fr\/wp-json\/wp\/v2\/media\/15254"}],"wp:attachment":[{"href":"https:\/\/nordic-chefs.com\/fr\/wp-json\/wp\/v2\/media?parent=4142"}],"wp:term":[{"taxonomy":"product_brand","embeddable":true,"href":"https:\/\/nordic-chefs.com\/fr\/wp-json\/wp\/v2\/product_brand?post=4142"},{"taxonomy":"product_cat","embeddable":true,"href":"https:\/\/nordic-chefs.com\/fr\/wp-json\/wp\/v2\/product_cat?post=4142"},{"taxonomy":"product_tag","embeddable":true,"href":"https:\/\/nordic-chefs.com\/fr\/wp-json\/wp\/v2\/product_tag?post=4142"}],"curies":[{"name":"wp","href":"https:\/\/api.w.org\/{rel}","templated":true}]}}