{"id":4145,"date":"2023-08-20T21:52:35","date_gmt":"2023-08-20T19:52:35","guid":{"rendered":"https:\/\/nordic-chefs.com\/product\/croustade-head\/"},"modified":"2026-02-20T23:36:23","modified_gmt":"2026-02-20T21:36:23","slug":"fer-a-croustade","status":"publish","type":"product","link":"https:\/\/nordic-chefs.com\/fr\/shop\/croustade-iron\/","title":{"rendered":"Moule de Croustade"},"content":{"rendered":"<p class=\"p1\">Notre moule \u00e0 croustade est un outil de cuisine de qualit\u00e9 professionnelle inspir\u00e9 du moule \u00e0 tarte asiatique, mais fabriqu\u00e9 en acier aluminium de premi\u00e8re qualit\u00e9. Qu'il s'agisse de cr\u00e9er des snacks sucr\u00e9s ou des mini-tartes sal\u00e9es, cette croustade est facile \u00e0 utiliser. Elle est con\u00e7ue pour \u00eatre utilis\u00e9e dans les cuisines des \u00e9toiles Michelin, mais elle est \u00e9galement parfaite pour les cuisiniers amateurs \u00e0 la recherche d'outils de cuisine de qualit\u00e9. Gr\u00e2ce \u00e0 sa l\u00e9g\u00e8ret\u00e9 et \u00e0 sa qualit\u00e9, cet outil de chef est con\u00e7u pour durer.<\/p>","protected":false},"excerpt":{"rendered":"<p class=\"p1\" style=\"text-align: center\">Nordic Chefs Pie tee mold is known as a professional kitchen tool for creating tart shells. It is used worldwide and is created with the chefs in mind &#8211; It is easy to clean, lightweight &amp; has an ergonomic design with changeable molds for creating versatile gourmet snacks!<\/p>\n<p style=\"text-align: center\">A noter : <i>Ce produit ne comprend que le moule. Les poign\u00e9es doivent \u00eatre achet\u00e9es s\u00e9par\u00e9ment.<\/i><\/p>","protected":false},"featured_media":18045,"template":"","meta":{"_acf_changed":false,"_seopress_robots_primary_cat":"none","_seopress_titles_title":"Croustade Iron ideal for mini tart shells and crunchy snacks","_seopress_titles_desc":"Recommended by Chefs - create your own gourmet snacks at home or in a professional kitchen with our chef tool!","_seopress_robots_index":""},"product_brand":[],"product_cat":[267,152,168,167],"product_tag":[113],"class_list":{"0":"post-4145","1":"product","2":"type-product","3":"status-publish","4":"has-post-thumbnail","6":"product_cat-croustade-bunuelos-molds","7":"product_cat-croustade-iron-and-rosette-iron","8":"product_cat-double-iron","9":"product_cat-single-iron","10":"product_tag-head","11":"product-type-simple","12":"tm-no-options","14":"first","15":"instock","16":"taxable","17":"shipping-taxable","18":"purchasable"},"acf":[],"_links":{"self":[{"href":"https:\/\/nordic-chefs.com\/fr\/wp-json\/wp\/v2\/product\/4145","targetHints":{"allow":["GET"]}}],"collection":[{"href":"https:\/\/nordic-chefs.com\/fr\/wp-json\/wp\/v2\/product"}],"about":[{"href":"https:\/\/nordic-chefs.com\/fr\/wp-json\/wp\/v2\/types\/product"}],"version-history":[{"count":0,"href":"https:\/\/nordic-chefs.com\/fr\/wp-json\/wp\/v2\/product\/4145\/revisions"}],"wp:featuredmedia":[{"embeddable":true,"href":"https:\/\/nordic-chefs.com\/fr\/wp-json\/wp\/v2\/media\/18045"}],"wp:attachment":[{"href":"https:\/\/nordic-chefs.com\/fr\/wp-json\/wp\/v2\/media?parent=4145"}],"wp:term":[{"taxonomy":"product_brand","embeddable":true,"href":"https:\/\/nordic-chefs.com\/fr\/wp-json\/wp\/v2\/product_brand?post=4145"},{"taxonomy":"product_cat","embeddable":true,"href":"https:\/\/nordic-chefs.com\/fr\/wp-json\/wp\/v2\/product_cat?post=4145"},{"taxonomy":"product_tag","embeddable":true,"href":"https:\/\/nordic-chefs.com\/fr\/wp-json\/wp\/v2\/product_tag?post=4145"}],"curies":[{"name":"wp","href":"https:\/\/api.w.org\/{rel}","templated":true}]}}