{"id":4149,"date":"2023-08-20T21:54:28","date_gmt":"2023-08-20T19:54:28","guid":{"rendered":"https:\/\/nordic-chefs.com\/product\/flat-top-head\/"},"modified":"2026-02-17T23:57:03","modified_gmt":"2026-02-17T21:57:03","slug":"fer-a-croustade-a-dessus-plat","status":"publish","type":"product","link":"https:\/\/nordic-chefs.com\/fr\/shop\/flat-top-croustade-iron\/","title":{"rendered":"Moule \u00e0 croustade Flat Top"},"content":{"rendered":"<p class=\"p1\" style=\"text-align: center\">Notre moule \u00e0 croustade Flat Top est un ustensile de cuisine de qualit\u00e9 professionnelle fabriqu\u00e9 en aluminium de premi\u00e8re qualit\u00e9. Que vous souhaitiez cr\u00e9er des snacks gourmands ou tout autre snack croquant, ce moule en aluminium vous permet de le faire en toute simplicit\u00e9. Con\u00e7u pour \u00eatre utilis\u00e9 dans les cuisines des \u00e9toiles Michelin, il est \u00e9galement parfait pour les cuisiniers amateurs \u00e0 la recherche d'ustensiles de cuisine de qualit\u00e9. Avec une surface naturellement antiadh\u00e9sive sur notre croustade et notre poign\u00e9e antid\u00e9rapante, il offre confort et pr\u00e9cision comme un parfait outil de chef.<\/p>","protected":false},"excerpt":{"rendered":"<p class=\"p1\" style=\"text-align: center\">This Flat Top Croustade Iron is specifically designed for creating small tart shells with filling. Made for Chefs &#8211; lightweight &#8211; design &#8211; custom mold with over 21 different possibilities! This makes our croustade the best chefs tool<br \/>\n<strong>A noter : <i>Ce produit ne comprend que le moule. Les poign\u00e9es doivent \u00eatre achet\u00e9es s\u00e9par\u00e9ment.<\/i><\/strong><\/p>","protected":false},"featured_media":18565,"template":"","meta":{"_acf_changed":false,"_seopress_robots_primary_cat":"none","_seopress_titles_title":"Flat Top Croustade Iron improve your kitchen tools","_seopress_titles_desc":"Used by chefs worldwide and in michelin restaurants, designed for chef & home cooks. improve your gourmet snack & croustade skills - Nordic Chefs","_seopress_robots_index":""},"product_brand":[],"product_cat":[267,152,168,167],"product_tag":[113],"class_list":{"0":"post-4149","1":"product","2":"type-product","3":"status-publish","4":"has-post-thumbnail","6":"product_cat-croustade-bunuelos-molds","7":"product_cat-croustade-iron-and-rosette-iron","8":"product_cat-double-iron","9":"product_cat-single-iron","10":"product_tag-head","11":"product-type-simple","12":"tm-no-options","14":"first","15":"instock","16":"taxable","17":"shipping-taxable","18":"purchasable"},"acf":[],"_links":{"self":[{"href":"https:\/\/nordic-chefs.com\/fr\/wp-json\/wp\/v2\/product\/4149","targetHints":{"allow":["GET"]}}],"collection":[{"href":"https:\/\/nordic-chefs.com\/fr\/wp-json\/wp\/v2\/product"}],"about":[{"href":"https:\/\/nordic-chefs.com\/fr\/wp-json\/wp\/v2\/types\/product"}],"version-history":[{"count":0,"href":"https:\/\/nordic-chefs.com\/fr\/wp-json\/wp\/v2\/product\/4149\/revisions"}],"wp:featuredmedia":[{"embeddable":true,"href":"https:\/\/nordic-chefs.com\/fr\/wp-json\/wp\/v2\/media\/18565"}],"wp:attachment":[{"href":"https:\/\/nordic-chefs.com\/fr\/wp-json\/wp\/v2\/media?parent=4149"}],"wp:term":[{"taxonomy":"product_brand","embeddable":true,"href":"https:\/\/nordic-chefs.com\/fr\/wp-json\/wp\/v2\/product_brand?post=4149"},{"taxonomy":"product_cat","embeddable":true,"href":"https:\/\/nordic-chefs.com\/fr\/wp-json\/wp\/v2\/product_cat?post=4149"},{"taxonomy":"product_tag","embeddable":true,"href":"https:\/\/nordic-chefs.com\/fr\/wp-json\/wp\/v2\/product_tag?post=4149"}],"curies":[{"name":"wp","href":"https:\/\/api.w.org\/{rel}","templated":true}]}}