{"id":4184,"date":"2023-08-21T20:16:04","date_gmt":"2023-08-21T18:16:04","guid":{"rendered":"https:\/\/nordic-chefs.com\/product\/full-croustade-bunuelos-kit\/"},"modified":"2026-04-24T15:28:51","modified_gmt":"2026-04-24T13:28:51","slug":"rosette-fer-bunuelo-moule-6-pieces","status":"publish","type":"product","link":"https:\/\/nordic-chefs.com\/fr\/shop\/rosette-iron-bunuelo-mold-6-piece\/","title":{"rendered":"Set de 6 moules \u00e0 rosette en fer et \u00e0 bunuelo"},"content":{"rendered":"<p>Faites passer vos comp\u00e9tences en mati\u00e8re de friture au niveau sup\u00e9rieur avec cet ensemble de 6 pi\u00e8ces en fer \u00e0 rosette et moules \u00e0 bunuelo de Nordic Chefs, une collection d'outils de chef essentielle pour toute cuisine. Con\u00e7u pour les chefs et les cuisiniers passionn\u00e9s, cet ensemble comprend six moules interchangeables, fabriqu\u00e9s en aluminium r\u00e9sistant \u00e0 la chaleur pour une friture uniforme et un d\u00e9moulage facile.<\/p>\n<p>La poign\u00e9e ergonomique antid\u00e9rapante offre une bonne prise en main, ce qui facilite la pr\u00e9paration des bu\u00f1uelos mexicains, des croustades fran\u00e7aises et d'autres friandises croustillantes. Que ce soit dans une cuisine professionnelle ou \u00e0 la maison, cet outil polyvalent garantit des r\u00e9sultats uniformes et dor\u00e9s \u00e0 chaque fois.<\/p>\n<h3><strong>Ce qui est inclus :<\/strong><\/h3>\n<p>\u2714 <strong>Moule de Croustade<\/strong><br \/>\n\u2714 Rosette en fer<br \/>\n\u2714 Petit moule \u00e0 dessus plat<br \/>\nBague Bunuelo Mold<br \/>\n\u2714 T\u00eate de croustade ovale<br \/>\n\u2714 Fer \u00e0 croustade plat<\/p>\n<h3><strong>Principaux avantages :<\/strong><\/h3>\n<p>\u2705 <strong>Conception multi-usages<\/strong> - Id\u00e9al pour les bu\u00f1uelos, les rosettes et les mini-tartes<br \/>\n\u2705 <strong>Naturellement antiadh\u00e9sif<\/strong> - Facilite le d\u00e9gagement et minimise le d\u00e9sordre<br \/>\n\u2705 <strong>Poign\u00e9e ergonomique<\/strong> - Poign\u00e9e antid\u00e9rapante pour un contr\u00f4le pr\u00e9cis<br \/>\n\u2705 <strong>Durable et r\u00e9sistant \u00e0 la chaleur<\/strong> - Con\u00e7u pour une utilisation fr\u00e9quente de la friture<br \/>\n\u2705 <strong>Bonus<\/strong> - Comprend un <strong>Recette inspir\u00e9e du guide Michelin<\/strong><\/p>","protected":false},"excerpt":{"rendered":"<p>Cet ensemble de 6 moules \u00e0 rosette et \u00e0 bunuelo vous permet de cr\u00e9er des bu\u00f1uelos, des rosettes et des fonds de tarte parfaitement croustillants. Fabriqu\u00e9 en aluminium durable, il garantit un chauffage uniforme et une surface antiadh\u00e9sive. La poign\u00e9e ergonomique antid\u00e9rapante permet un contr\u00f4le pr\u00e9cis.<\/p>","protected":false},"featured_media":18832,"template":"","meta":{"_acf_changed":false,"_seopress_robots_primary_cat":"none","_seopress_titles_title":"6-Piece Rosette Iron & Bunuelo Mold Set \u2013 Chef Tools","_seopress_titles_desc":"Make crispy bu\u00f1uelos, rosettes & tart shells with this 6-piece bunuelo mold set. Includes 6 molds, an ergonomic handle & a Michelin-inspired recipe.","_seopress_robots_index":"","wprm-recipe-roundup-name":"","wprm-recipe-roundup-description":""},"product_brand":[],"product_cat":[278,152,167],"product_tag":[],"class_list":{"0":"post-4184","1":"product","2":"type-product","3":"status-publish","4":"has-post-thumbnail","6":"product_cat-20-off-croustade","7":"product_cat-croustade-iron-and-rosette-iron","8":"product_cat-single-iron","9":"product-type-variable","10":"tm-no-options","12":"first","13":"instock","14":"sale","15":"taxable","16":"shipping-taxable","17":"purchasable","19":"has-default-attributes"},"acf":[],"_links":{"self":[{"href":"https:\/\/nordic-chefs.com\/fr\/wp-json\/wp\/v2\/product\/4184","targetHints":{"allow":["GET"]}}],"collection":[{"href":"https:\/\/nordic-chefs.com\/fr\/wp-json\/wp\/v2\/product"}],"about":[{"href":"https:\/\/nordic-chefs.com\/fr\/wp-json\/wp\/v2\/types\/product"}],"version-history":[{"count":0,"href":"https:\/\/nordic-chefs.com\/fr\/wp-json\/wp\/v2\/product\/4184\/revisions"}],"wp:featuredmedia":[{"embeddable":true,"href":"https:\/\/nordic-chefs.com\/fr\/wp-json\/wp\/v2\/media\/18832"}],"wp:attachment":[{"href":"https:\/\/nordic-chefs.com\/fr\/wp-json\/wp\/v2\/media?parent=4184"}],"wp:term":[{"taxonomy":"product_brand","embeddable":true,"href":"https:\/\/nordic-chefs.com\/fr\/wp-json\/wp\/v2\/product_brand?post=4184"},{"taxonomy":"product_cat","embeddable":true,"href":"https:\/\/nordic-chefs.com\/fr\/wp-json\/wp\/v2\/product_cat?post=4184"},{"taxonomy":"product_tag","embeddable":true,"href":"https:\/\/nordic-chefs.com\/fr\/wp-json\/wp\/v2\/product_tag?post=4184"}],"curies":[{"name":"wp","href":"https:\/\/api.w.org\/{rel}","templated":true}]}}