{"id":4186,"date":"2023-08-21T20:19:32","date_gmt":"2023-08-21T18:19:32","guid":{"rendered":"https:\/\/nordic-chefs.com\/product\/nordic-chefs-ironhandle\/"},"modified":"2026-02-20T12:37:29","modified_gmt":"2026-02-20T10:37:29","slug":"poignee-unique","status":"publish","type":"product","link":"https:\/\/nordic-chefs.com\/fr\/shop\/single-handle\/","title":{"rendered":"Fer \u00e0 croustade"},"content":{"rendered":"<p class=\"p1\">Notre fer \u00e0 croustade \/ rosette est un ustensile de cuisine de qualit\u00e9 professionnelle fabriqu\u00e9 en acier inoxydable de premi\u00e8re qualit\u00e9. Que vous cr\u00e9iez des biscuits gastronomiques, des Bu\u00f1uelos ou tout autre en-cas croustillant, cet ustensile de cuisine en acier inoxydable vous permet de le faire en toute simplicit\u00e9. Con\u00e7ue pour \u00eatre utilis\u00e9e dans les cuisines des \u00e9toiles Michelin, elle est \u00e9galement parfaite pour les cuisiniers amateurs \u00e0 la recherche d'une batterie de cuisine de qualit\u00e9. Gr\u00e2ce \u00e0 la surface naturellement antiadh\u00e9sive de nos t\u00eates de moules et \u00e0 notre poign\u00e9e antid\u00e9rapante, cet ustensile offre confort et pr\u00e9cision \u00e0 chaque cuisson.<\/p>\n<p class=\"p2\"><b>Caract\u00e9ristiques principales<\/b><\/p>\n<ul class=\"ul1\">\n<li class=\"li3\">Construction en acier inoxydable de premi\u00e8re qualit\u00e9 pour les cuisines professionnelles.<\/li>\n<li class=\"li3\">Outil de cuisine polyvalent pour cr\u00e9er des biscuits, des snacks, des bu\u00f1uelos ou des p\u00e2tisseries gourmandes.<\/li>\n<li class=\"li3\">Passez facilement d'un moule \u00e0 l'autre pour des cr\u00e9ations culinaires vari\u00e9es.<\/li>\n<li class=\"li3\">Surface antiadh\u00e9sive et poign\u00e9e ergonomique pour une utilisation et un nettoyage faciles.<\/li>\n<li class=\"li3\">Inclut une recette \u00e9toil\u00e9e au Michelin pour ma\u00eetriser les en-cas gastronomiques.<\/li>\n<\/ul>","protected":false},"excerpt":{"rendered":"<p>Our Single Croustade \/ Rosette Iron is a professional-grade kitchen tool crafted from premium stainless steel. Whether you\u2019re creating gourmet cookies, Bu\u00f1uelos or any other crisp snacks, , this Stainless steel cookware allows you to do so with ease. Designed for use in Michelin-star kitchens, it\u2019s also perfect for home cooks looking for quality cookware. [&hellip;]<\/p>\n","protected":false},"featured_media":9597,"template":"","meta":{"_acf_changed":false,"_seopress_robots_primary_cat":"none","_seopress_titles_title":"Single Handle for making crispy fried snacks","_seopress_titles_desc":"Try our Single handle for making Croustade - a premium stainless steel tool perfect for creating gourmet snacks. Great chef tool for professional chefs","_seopress_robots_index":""},"product_brand":[],"product_cat":[152,167],"product_tag":[112,243],"class_list":{"0":"post-4186","1":"product","2":"type-product","3":"status-publish","4":"has-post-thumbnail","6":"product_cat-croustade-iron-and-rosette-iron","7":"product_cat-single-iron","8":"product_tag-handle","9":"product_tag-handle-color-iron","10":"product-type-variable","11":"tm-no-options","13":"first","14":"instock","15":"taxable","16":"shipping-taxable","17":"purchasable","19":"has-default-attributes"},"acf":[],"_links":{"self":[{"href":"https:\/\/nordic-chefs.com\/fr\/wp-json\/wp\/v2\/product\/4186","targetHints":{"allow":["GET"]}}],"collection":[{"href":"https:\/\/nordic-chefs.com\/fr\/wp-json\/wp\/v2\/product"}],"about":[{"href":"https:\/\/nordic-chefs.com\/fr\/wp-json\/wp\/v2\/types\/product"}],"version-history":[{"count":0,"href":"https:\/\/nordic-chefs.com\/fr\/wp-json\/wp\/v2\/product\/4186\/revisions"}],"wp:featuredmedia":[{"embeddable":true,"href":"https:\/\/nordic-chefs.com\/fr\/wp-json\/wp\/v2\/media\/9597"}],"wp:attachment":[{"href":"https:\/\/nordic-chefs.com\/fr\/wp-json\/wp\/v2\/media?parent=4186"}],"wp:term":[{"taxonomy":"product_brand","embeddable":true,"href":"https:\/\/nordic-chefs.com\/fr\/wp-json\/wp\/v2\/product_brand?post=4186"},{"taxonomy":"product_cat","embeddable":true,"href":"https:\/\/nordic-chefs.com\/fr\/wp-json\/wp\/v2\/product_cat?post=4186"},{"taxonomy":"product_tag","embeddable":true,"href":"https:\/\/nordic-chefs.com\/fr\/wp-json\/wp\/v2\/product_tag?post=4186"}],"curies":[{"name":"wp","href":"https:\/\/api.w.org\/{rel}","templated":true}]}}