{"id":4584,"date":"2023-10-21T15:33:53","date_gmt":"2023-10-21T13:33:53","guid":{"rendered":"https:\/\/nordic-chefs.com\/?post_type=product&#038;p=4584"},"modified":"2026-04-24T15:29:42","modified_gmt":"2026-04-24T13:29:42","slug":"croustade-fer-double-poignee","status":"publish","type":"product","link":"https:\/\/nordic-chefs.com\/fr\/shop\/croustade-iron-double-handle\/","title":{"rendered":"Fer \u00e0 repasser Croustade - Double poign\u00e9e"},"content":{"rendered":"<p class=\"p1\">Notre fer \u00e0 Croustade est sp\u00e9cialement con\u00e7u pour cr\u00e9er deux mini fonds de tarte croustillants - Vous aimez la cuisine d'inspiration fran\u00e7aise ou les snacks asiatiques ? Vous avez peut-\u00eatre un faible pour les snacks sucr\u00e9s - Pas de probl\u00e8me, notre moule \u00e0 tarte peut tout faire ! Cet outil de chef est fabriqu\u00e9 en acier inoxydable, durable, facile \u00e0 nettoyer et l\u00e9ger. Le syst\u00e8me de moule facile \u00e0 changer vous permet de cr\u00e9er diff\u00e9rents kueh pie tee, transformant vos cro\u00fbtes de tarte en une vari\u00e9t\u00e9 d'en-cas gourmands. Nous savons que vous appr\u00e9cierez les possibilit\u00e9s illimit\u00e9es d'en-cas croustillants en deux fois moins de temps - nous sommes impatients de voir vos cr\u00e9ations !<\/p>","protected":false},"excerpt":{"rendered":"<p>Notre moule \u00e0 tarte kueh est parfait pour faire des mini-cro\u00fbtes \u00e0 tarte, des snacks gourmands et a \u00e9t\u00e9 cr\u00e9\u00e9 en pensant au chef - l\u00e9ger, ergonomique et facile \u00e0 nettoyer ! Utilis\u00e9 par les chefs Michelin dans le monde entier.<\/p>","protected":false},"featured_media":13878,"template":"","meta":{"_acf_changed":false,"_seopress_robots_primary_cat":"none","_seopress_titles_title":"Rosette & Croustade Iron Set For Gourmet Tart Shells","_seopress_titles_desc":"Make perfect mini tart shells with our croustade iron and rosette iron. Easy-to-clean, stainless steel mold ideal for sweet and savory gourmet snacks.","_seopress_robots_index":"","wprm-recipe-roundup-name":"","wprm-recipe-roundup-description":""},"product_brand":[],"product_cat":[278,152,168],"product_tag":[],"class_list":{"0":"post-4584","1":"product","2":"type-product","3":"status-publish","4":"has-post-thumbnail","6":"product_cat-20-off-croustade","7":"product_cat-croustade-iron-and-rosette-iron","8":"product_cat-double-iron","9":"product-type-variable","10":"tm-no-options","12":"first","13":"instock","14":"sale","15":"featured","16":"taxable","17":"shipping-taxable","18":"purchasable","20":"has-default-attributes"},"acf":[],"_links":{"self":[{"href":"https:\/\/nordic-chefs.com\/fr\/wp-json\/wp\/v2\/product\/4584","targetHints":{"allow":["GET"]}}],"collection":[{"href":"https:\/\/nordic-chefs.com\/fr\/wp-json\/wp\/v2\/product"}],"about":[{"href":"https:\/\/nordic-chefs.com\/fr\/wp-json\/wp\/v2\/types\/product"}],"version-history":[{"count":1,"href":"https:\/\/nordic-chefs.com\/fr\/wp-json\/wp\/v2\/product\/4584\/revisions"}],"predecessor-version":[{"id":20209,"href":"https:\/\/nordic-chefs.com\/fr\/wp-json\/wp\/v2\/product\/4584\/revisions\/20209"}],"wp:featuredmedia":[{"embeddable":true,"href":"https:\/\/nordic-chefs.com\/fr\/wp-json\/wp\/v2\/media\/13878"}],"wp:attachment":[{"href":"https:\/\/nordic-chefs.com\/fr\/wp-json\/wp\/v2\/media?parent=4584"}],"wp:term":[{"taxonomy":"product_brand","embeddable":true,"href":"https:\/\/nordic-chefs.com\/fr\/wp-json\/wp\/v2\/product_brand?post=4584"},{"taxonomy":"product_cat","embeddable":true,"href":"https:\/\/nordic-chefs.com\/fr\/wp-json\/wp\/v2\/product_cat?post=4584"},{"taxonomy":"product_tag","embeddable":true,"href":"https:\/\/nordic-chefs.com\/fr\/wp-json\/wp\/v2\/product_tag?post=4584"}],"curies":[{"name":"wp","href":"https:\/\/api.w.org\/{rel}","templated":true}]}}