{"id":4643,"date":"2023-10-25T15:34:16","date_gmt":"2023-10-25T15:34:16","guid":{"rendered":"https:\/\/nordic-chefs.com\/product\/nordic-chefs-double-bunuelos-rosette-iron\/"},"modified":"2026-04-24T15:34:13","modified_gmt":"2026-04-24T13:34:13","slug":"rosette-fer-double-poignee","status":"publish","type":"product","link":"https:\/\/nordic-chefs.com\/fr\/shop\/rosette-iron-double-handle\/","title":{"rendered":"Rosette en fer - Double poign\u00e9e"},"content":{"rendered":"<p>Nos moules \u00e0 bunuelos sont sp\u00e9cialement con\u00e7us pour cr\u00e9er deux rosettes croustillantes ou deux bu\u00f1uelos frits en m\u00eame temps. Cet outil \u00e0 bunuelo est dot\u00e9 de poign\u00e9es en acier inoxydable durables, faciles \u00e0 nettoyer et l\u00e9g\u00e8res. Le syst\u00e8me de t\u00eate facile \u00e0 changer vous permet de fixer diff\u00e9rents moules, transformant votre fer \u00e0 rosette en une solution polyvalente pour les moules \u00e0 bunuelos de toutes sortes. Des rosettes de dessert sucr\u00e9es aux snacks mexicains traditionnels, vous pouvez r\u00e9aliser toutes les recettes avec cet ensemble de fers \u00e0 rosette pratique. Profitez de possibilit\u00e9s illimit\u00e9es pour des snacks croustillants et dor\u00e9s en deux fois moins de temps.<\/p>\n<p>&nbsp;<\/p>","protected":false},"excerpt":{"rendered":"<p>Nos moules \u00e0 bunuelos sont sp\u00e9cialement con\u00e7us pour cr\u00e9er deux rosettes croustillantes ou deux bu\u00f1uelos frits en m\u00eame temps. Cet outil \u00e0 bunuelo est dot\u00e9 de poign\u00e9es en acier inoxydable durables, faciles \u00e0 nettoyer et l\u00e9g\u00e8res. Le syst\u00e8me de t\u00eate facile \u00e0 changer vous permet de fixer diff\u00e9rents moules, transformant votre fer \u00e0 rosette en une solution polyvalente pour les moules \u00e0 bunuelos de toutes sortes. Des rosettes de dessert sucr\u00e9es aux snacks mexicains traditionnels, vous pouvez r\u00e9aliser toutes les recettes avec cet ensemble de fers \u00e0 rosette pratique. Profitez de possibilit\u00e9s illimit\u00e9es pour des snacks croustillants et dor\u00e9s en deux fois moins de temps.<\/p>\n<p>&nbsp;<\/p>","protected":false},"featured_media":14045,"template":"","meta":{"_acf_changed":false,"_seopress_robots_primary_cat":"none","_seopress_titles_title":"Rosette Iron - Cook Two Perfect Bunuelos molds at once","_seopress_titles_desc":"Work smarter with our Double Rosette Iron. Fry crispy mexican snacks and more using our professional bunuelos molds- Professional baking tool","_seopress_robots_index":"","wprm-recipe-roundup-name":"","wprm-recipe-roundup-description":""},"product_brand":[],"product_cat":[278,152,168],"product_tag":[],"class_list":{"0":"post-4643","1":"product","2":"type-product","3":"status-publish","4":"has-post-thumbnail","6":"product_cat-20-off-croustade","7":"product_cat-croustade-iron-and-rosette-iron","8":"product_cat-double-iron","9":"product-type-variable","10":"tm-no-options","12":"first","13":"instock","14":"sale","15":"taxable","16":"shipping-taxable","17":"purchasable","19":"has-default-attributes"},"acf":[],"_links":{"self":[{"href":"https:\/\/nordic-chefs.com\/fr\/wp-json\/wp\/v2\/product\/4643","targetHints":{"allow":["GET"]}}],"collection":[{"href":"https:\/\/nordic-chefs.com\/fr\/wp-json\/wp\/v2\/product"}],"about":[{"href":"https:\/\/nordic-chefs.com\/fr\/wp-json\/wp\/v2\/types\/product"}],"version-history":[{"count":0,"href":"https:\/\/nordic-chefs.com\/fr\/wp-json\/wp\/v2\/product\/4643\/revisions"}],"wp:featuredmedia":[{"embeddable":true,"href":"https:\/\/nordic-chefs.com\/fr\/wp-json\/wp\/v2\/media\/14045"}],"wp:attachment":[{"href":"https:\/\/nordic-chefs.com\/fr\/wp-json\/wp\/v2\/media?parent=4643"}],"wp:term":[{"taxonomy":"product_brand","embeddable":true,"href":"https:\/\/nordic-chefs.com\/fr\/wp-json\/wp\/v2\/product_brand?post=4643"},{"taxonomy":"product_cat","embeddable":true,"href":"https:\/\/nordic-chefs.com\/fr\/wp-json\/wp\/v2\/product_cat?post=4643"},{"taxonomy":"product_tag","embeddable":true,"href":"https:\/\/nordic-chefs.com\/fr\/wp-json\/wp\/v2\/product_tag?post=4643"}],"curies":[{"name":"wp","href":"https:\/\/api.w.org\/{rel}","templated":true}]}}