{"id":7753,"date":"2024-05-21T16:34:03","date_gmt":"2024-05-21T14:34:03","guid":{"rendered":"https:\/\/nordic-chefs.com\/?post_type=product&#038;p=7753"},"modified":"2025-11-28T15:53:19","modified_gmt":"2025-11-28T13:53:19","slug":"moule-solaire","status":"publish","type":"product","link":"https:\/\/nordic-chefs.com\/fr\/shop\/sun-mold\/","title":{"rendered":"Moule \u00e0 soleil - Saint Honore"},"content":{"rendered":"<p data-start=\"425\" data-end=\"664\">Notre moule en silicone Sun est une r\u00e9interpr\u00e9tation audacieuse du moule classique. <em data-start=\"489\" data-end=\"503\">Saint-Honor\u00e9<\/em> Des lignes \u00e9pur\u00e9es et un impact visuel qui font rayonner la forme. Con\u00e7u pour les chefs qui souhaitent cr\u00e9er des desserts ou des \u00e9l\u00e9ments moul\u00e9s accrocheurs avec une finition professionnelle.<\/p>\n<p data-start=\"666\" data-end=\"865\">Fabriqu\u00e9 au Danemark \u00e0 partir de silicone alimentaire 100%, le moule a \u00e9t\u00e9 d\u00e9velopp\u00e9 en collaboration avec Elisabeth Madsen, laur\u00e9ate de la m\u00e9daille d'or du Bocuse d'Or 2023 en tant que commis du chef Brian Mark Hansen.<\/p>\n<p data-start=\"867\" data-end=\"977\">Chaque commande comprend un moule, utilisable de -50\u00b0C \u00e0 +250\u00b0C - parfait pour les applications au four et au cong\u00e9lateur.<\/p>\n<p><strong>\u00a0<\/strong><\/p>","protected":false},"excerpt":{"rendered":"<p>Notre moule en silicone Sun est une r\u00e9interpr\u00e9tation audacieuse du moule classique. <em data-start=\"489\" data-end=\"503\">Saint-Honor\u00e9<\/em> Des lignes \u00e9pur\u00e9es et un impact visuel qui font rayonner la forme. Con\u00e7u pour les chefs qui souhaitent cr\u00e9er des desserts ou des \u00e9l\u00e9ments moul\u00e9s accrocheurs avec une finition professionnelle.<\/p>","protected":false},"featured_media":14874,"template":"","meta":{"_acf_changed":false,"_seopress_robots_primary_cat":"none","_seopress_titles_title":"Sun Silicone Mold \u2013 Saint-Honor\u00e9 Inspired dessert mold","_seopress_titles_desc":"Make stunning desserts with our Sun Mold, developed with Elisabeth Madsen. Made in Denmark from 100% food-grade silicone. Oven & freezer safe.","_seopress_robots_index":""},"product_brand":[],"product_cat":[104],"product_tag":[103],"class_list":{"0":"post-7753","1":"product","2":"type-product","3":"status-publish","4":"has-post-thumbnail","6":"product_cat-silicone-molds-3d","7":"product_tag-with-variants","8":"product-type-simple","9":"tm-no-options","11":"first","12":"instock","13":"taxable","14":"shipping-taxable","15":"purchasable"},"acf":[],"_links":{"self":[{"href":"https:\/\/nordic-chefs.com\/fr\/wp-json\/wp\/v2\/product\/7753","targetHints":{"allow":["GET"]}}],"collection":[{"href":"https:\/\/nordic-chefs.com\/fr\/wp-json\/wp\/v2\/product"}],"about":[{"href":"https:\/\/nordic-chefs.com\/fr\/wp-json\/wp\/v2\/types\/product"}],"version-history":[{"count":0,"href":"https:\/\/nordic-chefs.com\/fr\/wp-json\/wp\/v2\/product\/7753\/revisions"}],"wp:featuredmedia":[{"embeddable":true,"href":"https:\/\/nordic-chefs.com\/fr\/wp-json\/wp\/v2\/media\/14874"}],"wp:attachment":[{"href":"https:\/\/nordic-chefs.com\/fr\/wp-json\/wp\/v2\/media?parent=7753"}],"wp:term":[{"taxonomy":"product_brand","embeddable":true,"href":"https:\/\/nordic-chefs.com\/fr\/wp-json\/wp\/v2\/product_brand?post=7753"},{"taxonomy":"product_cat","embeddable":true,"href":"https:\/\/nordic-chefs.com\/fr\/wp-json\/wp\/v2\/product_cat?post=7753"},{"taxonomy":"product_tag","embeddable":true,"href":"https:\/\/nordic-chefs.com\/fr\/wp-json\/wp\/v2\/product_tag?post=7753"}],"curies":[{"name":"wp","href":"https:\/\/api.w.org\/{rel}","templated":true}]}}