{"id":8064,"date":"2024-05-26T18:56:48","date_gmt":"2024-05-26T18:56:48","guid":{"rendered":"https:\/\/nordic-chefs.com\/?post_type=product&#038;p=8064"},"modified":"2025-11-28T15:52:44","modified_gmt":"2025-11-28T13:52:44","slug":"moule-ovale","status":"publish","type":"product","link":"https:\/\/nordic-chefs.com\/fr\/shop\/oval-mold\/","title":{"rendered":"Moule ovale - Saint Honore"},"content":{"rendered":"<p data-start=\"520\" data-end=\"773\">Notre moule en silicone ovale est une version raffin\u00e9e du moule traditionnel. <em data-start=\"580\" data-end=\"594\">Saint-Honor\u00e9<\/em> Cette forme est propre, moderne et id\u00e9ale pour les pr\u00e9sentations \u00e9l\u00e9gantes. Qu'il s'agisse de pr\u00e9senter des desserts ou de cr\u00e9er des \u00e9l\u00e9ments moul\u00e9s, cette forme apporte une touche professionnelle avec un minimum d'effort.<\/p>\n<p data-start=\"775\" data-end=\"990\">Le moule est con\u00e7u et produit au Danemark \u00e0 partir de silicone alimentaire 100%. Il a \u00e9t\u00e9 d\u00e9velopp\u00e9 en collaboration avec Elisabeth Madsen, qui a remport\u00e9 l'or au Bocuse d'Or 2023 en tant que commis aux c\u00f4t\u00e9s du chef Brian Mark Hansen.<\/p>\n<p data-start=\"992\" data-end=\"1110\">Chaque commande comprend un moule, r\u00e9sistant aux temp\u00e9ratures de -50\u00b0C \u00e0 +250\u00b0C, adapt\u00e9 \u00e0 tous les types de fours et de cong\u00e9lateurs.<\/p>","protected":false},"excerpt":{"rendered":"<p>Notre moule en silicone ovale est une version raffin\u00e9e du moule traditionnel. <em data-start=\"580\" data-end=\"594\">Saint-Honor\u00e9<\/em> Cette forme est propre, moderne et id\u00e9ale pour les pr\u00e9sentations \u00e9l\u00e9gantes. Qu'il s'agisse de pr\u00e9senter des desserts ou de cr\u00e9er des \u00e9l\u00e9ments moul\u00e9s, cette forme apporte une touche professionnelle avec un minimum d'effort.<\/p>","protected":false},"featured_media":14926,"template":"","meta":{"_acf_changed":false,"_seopress_robots_primary_cat":"none","_seopress_titles_title":"Oval Silicone Mold \u2013 Saint-Honor\u00e9 Inspired, Made with Elisabeth Madsen","_seopress_titles_desc":"Create elegant desserts with our Oval Mold, designed with Elisabeth Madsen. Made in Denmark from 100% food-grade silicone. Oven & freezer safe.","_seopress_robots_index":"","_seopress_analysis_target_kw":"","wprm-recipe-roundup-name":"","wprm-recipe-roundup-description":""},"product_brand":[],"product_cat":[104],"product_tag":[27],"class_list":{"0":"post-8064","1":"product","2":"type-product","3":"status-publish","4":"has-post-thumbnail","6":"product_cat-silicone-molds-3d","7":"product_tag-none","8":"product-type-simple","9":"tm-no-options","11":"first","12":"instock","13":"taxable","14":"shipping-taxable","15":"purchasable"},"acf":[],"_links":{"self":[{"href":"https:\/\/nordic-chefs.com\/fr\/wp-json\/wp\/v2\/product\/8064","targetHints":{"allow":["GET"]}}],"collection":[{"href":"https:\/\/nordic-chefs.com\/fr\/wp-json\/wp\/v2\/product"}],"about":[{"href":"https:\/\/nordic-chefs.com\/fr\/wp-json\/wp\/v2\/types\/product"}],"version-history":[{"count":0,"href":"https:\/\/nordic-chefs.com\/fr\/wp-json\/wp\/v2\/product\/8064\/revisions"}],"wp:featuredmedia":[{"embeddable":true,"href":"https:\/\/nordic-chefs.com\/fr\/wp-json\/wp\/v2\/media\/14926"}],"wp:attachment":[{"href":"https:\/\/nordic-chefs.com\/fr\/wp-json\/wp\/v2\/media?parent=8064"}],"wp:term":[{"taxonomy":"product_brand","embeddable":true,"href":"https:\/\/nordic-chefs.com\/fr\/wp-json\/wp\/v2\/product_brand?post=8064"},{"taxonomy":"product_cat","embeddable":true,"href":"https:\/\/nordic-chefs.com\/fr\/wp-json\/wp\/v2\/product_cat?post=8064"},{"taxonomy":"product_tag","embeddable":true,"href":"https:\/\/nordic-chefs.com\/fr\/wp-json\/wp\/v2\/product_tag?post=8064"}],"curies":[{"name":"wp","href":"https:\/\/api.w.org\/{rel}","templated":true}]}}