{"id":8332,"date":"2024-06-05T19:18:45","date_gmt":"2024-06-05T19:18:45","guid":{"rendered":"https:\/\/nordic-chefs.com\/shop\/uncategorized\/leaves-ring-tuille\/"},"modified":"2026-02-20T23:41:57","modified_gmt":"2026-02-20T21:41:57","slug":"tuile-florakrans","status":"publish","type":"product","link":"https:\/\/nordic-chefs.com\/fr\/shop\/florakrans-tuile\/","title":{"rendered":"Florakrans Tuile"},"content":{"rendered":"<p>Notre tuile Florakrans est con\u00e7ue pour s'adapter \u00e0 presque tous les plats. Le moule contient 3 motifs en 1 et a un design minimaliste.<\/p>\n<p>Con\u00e7ue et produite au Danemark, elle est fabriqu\u00e9e en silicone alimentaire 100%. Chaque commande comprend 1 tuile, capable de r\u00e9sister \u00e0 des temp\u00e9ratures allant de -50\u00b0C \u00e0 +250\u00b0C.<\/p>\n<p>Id\u00e9al pour tous les types de cong\u00e9lateurs et de fours.<\/p>","protected":false},"excerpt":{"rendered":"<p>Our Florakrans tuile is made to fit almost any dish. The mold contains 3 designs in 1 and has a minimalistic design. It is designed and produced in Denmark, made from 100% food-grade silicone. Each order includes 1 tuile, capable of withstanding temperatures from -50\u00b0C to +250\u00b0C. Ideal for all types of freezers and ovens.<\/p>","protected":false},"featured_media":14890,"template":"","meta":{"_acf_changed":false,"_seopress_robots_primary_cat":"none","_seopress_titles_title":"Florakrans tuile - create crispy tuilles","_seopress_titles_desc":"Create beautiful flower tuiles with our Florakrans. perfect for desserts or on top of an entree! made in Denmark by Nordic Chefs","_seopress_robots_index":""},"product_brand":[],"product_cat":[91,102],"product_tag":[],"class_list":{"0":"post-8332","1":"product","2":"type-product","3":"status-publish","4":"has-post-thumbnail","6":"product_cat-silicone-molds","7":"product_cat-silicone-molds-2d","8":"product-type-simple","9":"tm-no-options","11":"first","12":"instock","13":"taxable","14":"shipping-taxable","15":"purchasable"},"acf":[],"_links":{"self":[{"href":"https:\/\/nordic-chefs.com\/fr\/wp-json\/wp\/v2\/product\/8332","targetHints":{"allow":["GET"]}}],"collection":[{"href":"https:\/\/nordic-chefs.com\/fr\/wp-json\/wp\/v2\/product"}],"about":[{"href":"https:\/\/nordic-chefs.com\/fr\/wp-json\/wp\/v2\/types\/product"}],"version-history":[{"count":0,"href":"https:\/\/nordic-chefs.com\/fr\/wp-json\/wp\/v2\/product\/8332\/revisions"}],"wp:featuredmedia":[{"embeddable":true,"href":"https:\/\/nordic-chefs.com\/fr\/wp-json\/wp\/v2\/media\/14890"}],"wp:attachment":[{"href":"https:\/\/nordic-chefs.com\/fr\/wp-json\/wp\/v2\/media?parent=8332"}],"wp:term":[{"taxonomy":"product_brand","embeddable":true,"href":"https:\/\/nordic-chefs.com\/fr\/wp-json\/wp\/v2\/product_brand?post=8332"},{"taxonomy":"product_cat","embeddable":true,"href":"https:\/\/nordic-chefs.com\/fr\/wp-json\/wp\/v2\/product_cat?post=8332"},{"taxonomy":"product_tag","embeddable":true,"href":"https:\/\/nordic-chefs.com\/fr\/wp-json\/wp\/v2\/product_tag?post=8332"}],"curies":[{"name":"wp","href":"https:\/\/api.w.org\/{rel}","templated":true}]}}