{"id":8497,"date":"2024-06-28T06:38:19","date_gmt":"2024-06-28T06:38:19","guid":{"rendered":"https:\/\/nordic-chefs.com\/?post_type=product&#038;p=8497"},"modified":"2025-08-18T15:23:08","modified_gmt":"2025-08-18T13:23:08","slug":"tuile-papillon","status":"publish","type":"product","link":"https:\/\/nordic-chefs.com\/fr\/shop\/butterfly-tuile\/","title":{"rendered":"Tuile papillon"},"content":{"rendered":"<p class=\"p1\">Notre tuile papillon est compos\u00e9e d'un moule en silicone qui vous permet de r\u00e9aliser 7 tuiles papillon \u00e0 la fois. Elle est con\u00e7ue avec un effet 3D de sorte qu'elle est un peu plus \u00e9paisse au milieu, pour une texture maximale tout au long de la bouch\u00e9e.  Il est con\u00e7u et produit au Danemark, en silicone alimentaire 100% et dans notre couleur unique, le vert for\u00eat fonc\u00e9, qui refl\u00e8te la nature nordique. Nos moules en silicone pour la cuisson sont capables de r\u00e9sister \u00e0 des temp\u00e9ratures allant de -50\u00b0C \u00e0 +250\u00b0C. Id\u00e9al pour tous les types de cong\u00e9lateurs et de fours.<\/p>","protected":false},"excerpt":{"rendered":"<p>Our Butterfly tuile, consists of one silicone mold that makes you be able to make 7 butterfly tuille at the time. It is designed with a 3D effect so it is a bit thicker in the middle, for maximal texture throughout the bite.\u00a0 It is designed and produced in Denmark and made from 100% food-grade [&hellip;]<\/p>\n","protected":false},"featured_media":14877,"template":"","meta":{"_acf_changed":false,"_seopress_robots_primary_cat":"none","_seopress_titles_title":"Butterfly Tuile Silicone Molds - Made in Denmark","_seopress_titles_desc":"Our Tuille silicone mold is made with a 3D effect making the texture both crunchy and rich - Unique silicon molds made in our unique dark forest green!","_seopress_robots_index":""},"product_brand":[],"product_cat":[91,102],"product_tag":[],"class_list":{"0":"post-8497","1":"product","2":"type-product","3":"status-publish","4":"has-post-thumbnail","6":"product_cat-silicone-molds","7":"product_cat-silicone-molds-2d","8":"product-type-simple","9":"tm-has-options","11":"first","12":"instock","13":"taxable","14":"shipping-taxable","15":"purchasable"},"acf":[],"_links":{"self":[{"href":"https:\/\/nordic-chefs.com\/fr\/wp-json\/wp\/v2\/product\/8497","targetHints":{"allow":["GET"]}}],"collection":[{"href":"https:\/\/nordic-chefs.com\/fr\/wp-json\/wp\/v2\/product"}],"about":[{"href":"https:\/\/nordic-chefs.com\/fr\/wp-json\/wp\/v2\/types\/product"}],"version-history":[{"count":0,"href":"https:\/\/nordic-chefs.com\/fr\/wp-json\/wp\/v2\/product\/8497\/revisions"}],"wp:featuredmedia":[{"embeddable":true,"href":"https:\/\/nordic-chefs.com\/fr\/wp-json\/wp\/v2\/media\/14877"}],"wp:attachment":[{"href":"https:\/\/nordic-chefs.com\/fr\/wp-json\/wp\/v2\/media?parent=8497"}],"wp:term":[{"taxonomy":"product_brand","embeddable":true,"href":"https:\/\/nordic-chefs.com\/fr\/wp-json\/wp\/v2\/product_brand?post=8497"},{"taxonomy":"product_cat","embeddable":true,"href":"https:\/\/nordic-chefs.com\/fr\/wp-json\/wp\/v2\/product_cat?post=8497"},{"taxonomy":"product_tag","embeddable":true,"href":"https:\/\/nordic-chefs.com\/fr\/wp-json\/wp\/v2\/product_tag?post=8497"}],"curies":[{"name":"wp","href":"https:\/\/api.w.org\/{rel}","templated":true}]}}