{"id":9575,"date":"2024-09-22T20:41:00","date_gmt":"2024-09-22T18:41:00","guid":{"rendered":"https:\/\/nordic-chefs.com\/shop\/uncategorized\/nordic-chefs-single-handle-new-style\/"},"modified":"2025-11-23T23:25:02","modified_gmt":"2025-11-23T21:25:02","slug":"chefs-nordiques-poignee-unique-nouveau-style","status":"publish","type":"product","link":"https:\/\/nordic-chefs.com\/fr\/shop\/nordic-chefs-single-handle-new-style\/","title":{"rendered":"Nouveau style de poign\u00e9e"},"content":{"rendered":"<p class=\"p1\">Notre Poign\u00e9e unique - Nouveau style pour la cr\u00e9ation de croustades, est un outil de cuisine de qualit\u00e9 professionnelle fabriqu\u00e9 \u00e0 partir d'acier inoxydable de premi\u00e8re qualit\u00e9. Que vous cr\u00e9iez des biscuits gastronomiques, des Bu\u00f1uelos ou tout autre en-cas croustillant, cet ustensile de cuisine en acier inoxydable vous permet de le faire avec facilit\u00e9. Con\u00e7ue pour \u00eatre utilis\u00e9e dans les cuisines des \u00e9toiles Michelin, elle est \u00e9galement parfaite pour les cuisiniers amateurs \u00e0 la recherche d'une batterie de cuisine de qualit\u00e9. Gr\u00e2ce \u00e0 la surface naturellement antiadh\u00e9sive de nos t\u00eates de moules et \u00e0 notre poign\u00e9e antid\u00e9rapante, cet ustensile offre confort et pr\u00e9cision \u00e0 chaque cuisson.<\/p>\n<p class=\"p2\"><b>Caract\u00e9ristiques principales<\/b><\/p>\n<ul class=\"ul1\">\n<li class=\"li3\">Construction en acier inoxydable de premi\u00e8re qualit\u00e9 pour les cuisines professionnelles.<\/li>\n<li class=\"li3\">Outil de cuisine polyvalent pour cr\u00e9er des biscuits, des snacks, des bu\u00f1uelos ou des p\u00e2tisseries gourmandes.<\/li>\n<li class=\"li3\">Passez facilement d'un moule \u00e0 l'autre pour des cr\u00e9ations culinaires vari\u00e9es.<\/li>\n<li class=\"li3\">Surface antiadh\u00e9sive et poign\u00e9e ergonomique pour une utilisation et un nettoyage faciles.<\/li>\n<li class=\"li3\">Inclut une recette \u00e9toil\u00e9e au Michelin pour ma\u00eetriser les en-cas gastronomiques.<\/li>\n<\/ul>","protected":false},"excerpt":{"rendered":"<p class=\"p1\">Notre Poign\u00e9e unique - Nouveau style pour la cr\u00e9ation de croustades, est un outil de cuisine de qualit\u00e9 professionnelle fabriqu\u00e9 \u00e0 partir d'acier inoxydable de premi\u00e8re qualit\u00e9. Que vous cr\u00e9iez des biscuits gastronomiques, des Bu\u00f1uelos ou tout autre en-cas croustillant, cet ustensile de cuisine en acier inoxydable vous permet de le faire avec facilit\u00e9. Con\u00e7ue pour \u00eatre utilis\u00e9e dans les cuisines des \u00e9toiles Michelin, elle est \u00e9galement parfaite pour les cuisiniers amateurs \u00e0 la recherche d'une batterie de cuisine de qualit\u00e9. Gr\u00e2ce \u00e0 la surface naturellement antiadh\u00e9sive de nos t\u00eates de moules et \u00e0 notre poign\u00e9e antid\u00e9rapante, cet ustensile offre confort et pr\u00e9cision \u00e0 chaque cuisson.<\/p>\n<p class=\"p2\"><b>Caract\u00e9ristiques principales<\/b><\/p>\n<ul class=\"ul1\">\n<li class=\"li3\">Construction en acier inoxydable de premi\u00e8re qualit\u00e9 pour les cuisines professionnelles.<\/li>\n<li class=\"li3\">Outil de cuisine polyvalent pour cr\u00e9er des biscuits, des snacks, des bu\u00f1uelos ou des p\u00e2tisseries gourmandes.<\/li>\n<li class=\"li3\">Passez facilement d'un moule \u00e0 l'autre pour des cr\u00e9ations culinaires vari\u00e9es.<\/li>\n<li class=\"li3\">Surface antiadh\u00e9sive et poign\u00e9e ergonomique pour une utilisation et un nettoyage faciles.<\/li>\n<li class=\"li3\">Inclut une recette \u00e9toil\u00e9e au Michelin pour ma\u00eetriser les en-cas gastronomiques.<\/li>\n<\/ul>","protected":false},"featured_media":9573,"template":"","meta":{"_acf_changed":false,"_seopress_robots_primary_cat":"none","_seopress_titles_title":"New style Croustade iron","_seopress_titles_desc":"Make croustades & bu\u00f1uelos with ease using our stainless steel tool. Non-stick, ergonomic design for pro & home kitchens. Includes Michelin recipe!","_seopress_robots_index":"","wprm-recipe-roundup-name":"","wprm-recipe-roundup-description":""},"product_brand":[],"product_cat":[152,167],"product_tag":[],"class_list":{"0":"post-9575","1":"product","2":"type-product","3":"status-publish","4":"has-post-thumbnail","6":"product_cat-croustade-iron-and-rosette-iron","7":"product_cat-single-iron","8":"product-type-variable","9":"tm-no-options","11":"first","12":"instock","13":"taxable","14":"shipping-taxable","15":"purchasable","17":"has-default-attributes"},"acf":[],"_links":{"self":[{"href":"https:\/\/nordic-chefs.com\/fr\/wp-json\/wp\/v2\/product\/9575","targetHints":{"allow":["GET"]}}],"collection":[{"href":"https:\/\/nordic-chefs.com\/fr\/wp-json\/wp\/v2\/product"}],"about":[{"href":"https:\/\/nordic-chefs.com\/fr\/wp-json\/wp\/v2\/types\/product"}],"version-history":[{"count":0,"href":"https:\/\/nordic-chefs.com\/fr\/wp-json\/wp\/v2\/product\/9575\/revisions"}],"wp:featuredmedia":[{"embeddable":true,"href":"https:\/\/nordic-chefs.com\/fr\/wp-json\/wp\/v2\/media\/9573"}],"wp:attachment":[{"href":"https:\/\/nordic-chefs.com\/fr\/wp-json\/wp\/v2\/media?parent=9575"}],"wp:term":[{"taxonomy":"product_brand","embeddable":true,"href":"https:\/\/nordic-chefs.com\/fr\/wp-json\/wp\/v2\/product_brand?post=9575"},{"taxonomy":"product_cat","embeddable":true,"href":"https:\/\/nordic-chefs.com\/fr\/wp-json\/wp\/v2\/product_cat?post=9575"},{"taxonomy":"product_tag","embeddable":true,"href":"https:\/\/nordic-chefs.com\/fr\/wp-json\/wp\/v2\/product_tag?post=9575"}],"curies":[{"name":"wp","href":"https:\/\/api.w.org\/{rel}","templated":true}]}}