{"id":9578,"date":"2024-09-22T20:47:41","date_gmt":"2024-09-22T18:47:41","guid":{"rendered":"https:\/\/nordic-chefs.com\/shop\/uncategorized\/nordic-chefs-double-croustade-iron-2\/"},"modified":"2026-02-26T14:24:20","modified_gmt":"2026-02-26T12:24:20","slug":"double-poignee-en-fer","status":"publish","type":"product","link":"https:\/\/nordic-chefs.com\/fr\/shop\/double-iron-handle\/","title":{"rendered":"Poign\u00e9e double en fer"},"content":{"rendered":"<p class=\"p1\">Notre fer \u00e0 double croustade \/ rosette est un ustensile de cuisine de qualit\u00e9 professionnelle fabriqu\u00e9 en acier inoxydable de premi\u00e8re qualit\u00e9. Que vous cr\u00e9iez des biscuits gastronomiques, des Bu\u00f1uelos ou tout autre en-cas croustillant, cet ustensile de cuisine en acier inoxydable vous permet de le faire en toute simplicit\u00e9. Con\u00e7ue pour \u00eatre utilis\u00e9e dans les cuisines des \u00e9toiles Michelin, elle est \u00e9galement parfaite pour les cuisiniers amateurs \u00e0 la recherche d'une batterie de cuisine de qualit\u00e9. Gr\u00e2ce \u00e0 la surface naturellement antiadh\u00e9sive de nos t\u00eates de moules et \u00e0 notre poign\u00e9e antid\u00e9rapante, cet ustensile offre confort et pr\u00e9cision \u00e0 chaque cuisson.<\/p>\n<p class=\"p2\"><b>Caract\u00e9ristiques principales<\/b><\/p>\n<ul class=\"ul1\">\n<li class=\"li3\">Construction en acier inoxydable de premi\u00e8re qualit\u00e9 pour les cuisines professionnelles.<\/li>\n<li class=\"li3\">Outil de cuisine polyvalent pour cr\u00e9er des biscuits, des snacks, des bu\u00f1uelos ou des p\u00e2tisseries gourmandes.<\/li>\n<li class=\"li3\">Passez facilement d'un moule \u00e0 l'autre pour des cr\u00e9ations culinaires vari\u00e9es.<\/li>\n<li class=\"li3\">Surface antiadh\u00e9sive et poign\u00e9e ergonomique pour une utilisation et un nettoyage faciles.<\/li>\n<li class=\"li3\">Inclut une recette \u00e9toil\u00e9e du chef Eric Vildgaard pour ma\u00eetriser la croustade gastronomique.<\/li>\n<\/ul>","protected":false},"excerpt":{"rendered":"<p class=\"p1\">Notre fer \u00e0 double croustade \/ rosette est un ustensile de cuisine de qualit\u00e9 professionnelle fabriqu\u00e9 en acier inoxydable de premi\u00e8re qualit\u00e9. Que vous cr\u00e9iez des biscuits gastronomiques, des Bu\u00f1uelos ou tout autre en-cas croustillant, cet ustensile de cuisine en acier inoxydable vous permet de le faire en toute simplicit\u00e9. Con\u00e7ue pour \u00eatre utilis\u00e9e dans les cuisines des \u00e9toiles Michelin, elle est \u00e9galement parfaite pour les cuisiniers amateurs \u00e0 la recherche d'une batterie de cuisine de qualit\u00e9. Gr\u00e2ce \u00e0 la surface naturellement antiadh\u00e9sive de nos t\u00eates de moules et \u00e0 notre poign\u00e9e antid\u00e9rapante, cet ustensile offre confort et pr\u00e9cision \u00e0 chaque cuisson.<\/p>\n<p class=\"p2\"><b>Caract\u00e9ristiques principales<\/b><\/p>\n<ul class=\"ul1\">\n<li class=\"li3\">Construction en acier inoxydable de premi\u00e8re qualit\u00e9 pour les cuisines professionnelles.<\/li>\n<li class=\"li3\">Outil de cuisine polyvalent pour cr\u00e9er des biscuits, des snacks, des bu\u00f1uelos ou des p\u00e2tisseries gourmandes.<\/li>\n<li class=\"li3\">Passez facilement d'un moule \u00e0 l'autre pour des cr\u00e9ations culinaires vari\u00e9es.<\/li>\n<li class=\"li3\">Surface antiadh\u00e9sive et poign\u00e9e ergonomique pour une utilisation et un nettoyage faciles.<\/li>\n<li class=\"li3\">Inclut une recette \u00e9toil\u00e9e du chef Eric Vildgaard pour ma\u00eetriser la croustade gastronomique.<\/li>\n<\/ul>","protected":false},"featured_media":9577,"template":"","meta":{"_acf_changed":false,"_seopress_robots_primary_cat":"none","_seopress_titles_title":"Krustadejern dobbelt s\u00e5 effektivt - kokkenes foretrukne","_seopress_titles_desc":"Single, dobbelt eller FiveMount - design selv. V\u00e6lg mellem 9 krustade forme og farve p\u00e5 dit h\u00e5ndtag til samme lave pris og dansk design","_seopress_robots_index":""},"product_brand":[],"product_cat":[152,168],"product_tag":[117,119,112,118,120],"class_list":{"0":"post-9578","1":"product","2":"type-product","3":"status-publish","4":"has-post-thumbnail","6":"product_cat-croustade-iron-and-rosette-iron","7":"product_cat-double-iron","8":"product_tag-croustade","9":"product_tag-double","10":"product_tag-handle","11":"product_tag-rosette","12":"product_tag-snacks","13":"product-type-variable","14":"tm-no-options","16":"first","17":"instock","18":"taxable","19":"shipping-taxable","20":"purchasable","22":"has-default-attributes"},"acf":[],"_links":{"self":[{"href":"https:\/\/nordic-chefs.com\/fr\/wp-json\/wp\/v2\/product\/9578","targetHints":{"allow":["GET"]}}],"collection":[{"href":"https:\/\/nordic-chefs.com\/fr\/wp-json\/wp\/v2\/product"}],"about":[{"href":"https:\/\/nordic-chefs.com\/fr\/wp-json\/wp\/v2\/types\/product"}],"version-history":[{"count":0,"href":"https:\/\/nordic-chefs.com\/fr\/wp-json\/wp\/v2\/product\/9578\/revisions"}],"wp:featuredmedia":[{"embeddable":true,"href":"https:\/\/nordic-chefs.com\/fr\/wp-json\/wp\/v2\/media\/9577"}],"wp:attachment":[{"href":"https:\/\/nordic-chefs.com\/fr\/wp-json\/wp\/v2\/media?parent=9578"}],"wp:term":[{"taxonomy":"product_brand","embeddable":true,"href":"https:\/\/nordic-chefs.com\/fr\/wp-json\/wp\/v2\/product_brand?post=9578"},{"taxonomy":"product_cat","embeddable":true,"href":"https:\/\/nordic-chefs.com\/fr\/wp-json\/wp\/v2\/product_cat?post=9578"},{"taxonomy":"product_tag","embeddable":true,"href":"https:\/\/nordic-chefs.com\/fr\/wp-json\/wp\/v2\/product_tag?post=9578"}],"curies":[{"name":"wp","href":"https:\/\/api.w.org\/{rel}","templated":true}]}}