{"id":9582,"date":"2024-09-22T21:00:13","date_gmt":"2024-09-22T19:00:13","guid":{"rendered":"https:\/\/nordic-chefs.com\/shop\/uncategorized\/nordic-chefs-small-flat-top-head\/"},"modified":"2026-02-18T00:00:25","modified_gmt":"2026-02-17T22:00:25","slug":"petit-fer-a-croustade-plat","status":"publish","type":"product","link":"https:\/\/nordic-chefs.com\/fr\/shop\/small-flat-top-croustade-iron\/","title":{"rendered":"Emporte-pi\u00e8ce \u00e0 croustade petit dessus plat"},"content":{"rendered":"<p class=\"p1\" style=\"text-align: center\">L'outil de chef Nordic Chefs pour petites cro\u00fbtes plates est un ustensile de cuisine en acier aluminium de premi\u00e8re qualit\u00e9. Il est con\u00e7u pour \u00eatre utilis\u00e9 dans les cuisines \u00e9toil\u00e9es Michelin, et est \u00e9galement parfait pour les cuisiniers amateurs souhaitant r\u00e9aliser des cro\u00fbtes de qualit\u00e9. Que vous soyez inspir\u00e9 par les snacks asiatiques ou fran\u00e7ais, c'est la petite p\u00e2te \u00e0 frire qu'il vous faut. Gr\u00e2ce \u00e0 sa surface naturellement antiadh\u00e9sive et \u00e0 sa poign\u00e9e antid\u00e9rapante, nos cro\u00fbtes offrent confort et pr\u00e9cision, comme tout bon ustensile de cuisine se doit de le faire.<\/p>","protected":false},"excerpt":{"rendered":"<p class=\"p1\" style=\"text-align: center\">Notre petit fer \u00e0 croustades \u00e0 dessus plat est sp\u00e9cialement con\u00e7u pour les chefs sp\u00e9cialis\u00e9s en haute cuisine et dans la cr\u00e9ation de petites tartelettes garnies. Il est l\u00e9ger, poss\u00e8de un design ergonomique et vous pouvez personnaliser votre propre fer \u00e0 croustades ou \u00e0 rosettes avec plus de 21 possibilit\u00e9s diff\u00e9rentes ! Cela fait de notre fer \u00e0 croustades le meilleur outil pour les chefs.<\/p>\n<p style=\"text-align: center\"><strong>Veuillez noter :<\/strong> <i>Ce produit ne comprend que le moule. Les poign\u00e9es doivent \u00eatre achet\u00e9es s\u00e9par\u00e9ment.<\/i><\/p>","protected":false},"featured_media":18074,"template":"","meta":{"_acf_changed":false,"_seopress_robots_primary_cat":"none","_seopress_titles_title":"Small Flat Top Croustade Iron Make your own gourmet snacks","_seopress_titles_desc":"Used by michelin chefs worldwide - get the only croustade iron you need at Nordic Chefs. 21 different possibilities for custom your own crunchy snacks","_seopress_robots_index":"","wprm-recipe-roundup-name":"","wprm-recipe-roundup-description":""},"product_brand":[],"product_cat":[267,152,168,167],"product_tag":[],"class_list":{"0":"post-9582","1":"product","2":"type-product","3":"status-publish","4":"has-post-thumbnail","6":"product_cat-croustade-bunuelos-molds","7":"product_cat-croustade-iron-and-rosette-iron","8":"product_cat-double-iron","9":"product_cat-single-iron","10":"product-type-simple","11":"tm-no-options","13":"first","14":"instock","15":"taxable","16":"shipping-taxable","17":"purchasable"},"acf":[],"_links":{"self":[{"href":"https:\/\/nordic-chefs.com\/fr\/wp-json\/wp\/v2\/product\/9582","targetHints":{"allow":["GET"]}}],"collection":[{"href":"https:\/\/nordic-chefs.com\/fr\/wp-json\/wp\/v2\/product"}],"about":[{"href":"https:\/\/nordic-chefs.com\/fr\/wp-json\/wp\/v2\/types\/product"}],"version-history":[{"count":0,"href":"https:\/\/nordic-chefs.com\/fr\/wp-json\/wp\/v2\/product\/9582\/revisions"}],"wp:featuredmedia":[{"embeddable":true,"href":"https:\/\/nordic-chefs.com\/fr\/wp-json\/wp\/v2\/media\/18074"}],"wp:attachment":[{"href":"https:\/\/nordic-chefs.com\/fr\/wp-json\/wp\/v2\/media?parent=9582"}],"wp:term":[{"taxonomy":"product_brand","embeddable":true,"href":"https:\/\/nordic-chefs.com\/fr\/wp-json\/wp\/v2\/product_brand?post=9582"},{"taxonomy":"product_cat","embeddable":true,"href":"https:\/\/nordic-chefs.com\/fr\/wp-json\/wp\/v2\/product_cat?post=9582"},{"taxonomy":"product_tag","embeddable":true,"href":"https:\/\/nordic-chefs.com\/fr\/wp-json\/wp\/v2\/product_tag?post=9582"}],"curies":[{"name":"wp","href":"https:\/\/api.w.org\/{rel}","templated":true}]}}