{"id":9737,"date":"2024-09-28T20:10:42","date_gmt":"2024-09-28T18:10:42","guid":{"rendered":"https:\/\/nordic-chefs.com\/?post_type=product&#038;p=9737"},"modified":"2025-11-28T15:42:35","modified_gmt":"2025-11-28T13:42:35","slug":"moule-a-anneaux","status":"publish","type":"product","link":"https:\/\/nordic-chefs.com\/fr\/shop\/ring-twist-mold\/","title":{"rendered":"Moule pour anneau torsad\u00e9"},"content":{"rendered":"<p data-start=\"175\" data-end=\"416\">Apportez une touche dynamique \u00e0 vos plats avec le moule Ring Twist, qui associe des lignes circulaires \u00e9pur\u00e9es \u00e0 un \u00e9l\u00e9gant mouvement en spirale. Id\u00e9al pour les desserts raffin\u00e9s, les \u00e9l\u00e9ments plaqu\u00e9s ou les \u00e9l\u00e9ments moul\u00e9s qui doivent se d\u00e9marquer par leur forme et leur structure.<\/p>\n<p data-start=\"418\" data-end=\"683\">Produit en <strong data-start=\"430\" data-end=\"441\">Danemark<\/strong> et disponible en <strong data-start=\"459\" data-end=\"477\">petit ou grand<\/strong>Chaque article comprend <strong data-start=\"498\" data-end=\"520\">2 moules individuels<\/strong> fabriqu\u00e9 \u00e0 partir de <strong data-start=\"531\" data-end=\"559\">100% silicone de qualit\u00e9 alimentaire<\/strong>. Con\u00e7u pour les professionnels, il supporte des temp\u00e9ratures de <strong data-start=\"615\" data-end=\"634\">De -50\u00b0C \u00e0 +250\u00b0C<\/strong>Il est donc parfait pour <strong data-start=\"658\" data-end=\"682\">utilisation du cong\u00e9lateur et du four<\/strong>.<\/p>\n<p data-start=\"685\" data-end=\"782\">Durable, flexible et facile \u00e0 d\u00e9mouler - un moule con\u00e7u pour r\u00e9pondre aux exigences des cuisines gastronomiques.<\/p>","protected":false},"excerpt":{"rendered":"<p style=\"text-align: center;\">Apportez une touche dynamique \u00e0 vos plats avec le moule Ring Twist, qui associe des lignes circulaires \u00e9pur\u00e9es \u00e0 un \u00e9l\u00e9gant mouvement en spirale. Id\u00e9al pour les desserts raffin\u00e9s, les \u00e9l\u00e9ments plaqu\u00e9s ou les \u00e9l\u00e9ments moul\u00e9s qui doivent se d\u00e9marquer par leur forme et leur structure.<\/p>","protected":false},"featured_media":14881,"template":"","meta":{"_acf_changed":false,"_seopress_robots_primary_cat":"none","_seopress_titles_title":"Ring Twist Silicone Mold \u2013 Small & Large | Nordic Chefs","_seopress_titles_desc":"Ring Twist mold in small or large. Made in Denmark from food-safe silicone. Oven & freezer safe Includes 2 pro-grade molds per item.","_seopress_robots_index":"","wprm-recipe-roundup-name":"","wprm-recipe-roundup-description":""},"product_brand":[],"product_cat":[104],"product_tag":[],"class_list":{"0":"post-9737","1":"product","2":"type-product","3":"status-publish","4":"has-post-thumbnail","6":"product_cat-silicone-molds-3d","7":"product-type-variable","8":"tm-no-options","10":"first","11":"instock","12":"taxable","13":"shipping-taxable","14":"purchasable"},"acf":[],"_links":{"self":[{"href":"https:\/\/nordic-chefs.com\/fr\/wp-json\/wp\/v2\/product\/9737","targetHints":{"allow":["GET"]}}],"collection":[{"href":"https:\/\/nordic-chefs.com\/fr\/wp-json\/wp\/v2\/product"}],"about":[{"href":"https:\/\/nordic-chefs.com\/fr\/wp-json\/wp\/v2\/types\/product"}],"version-history":[{"count":0,"href":"https:\/\/nordic-chefs.com\/fr\/wp-json\/wp\/v2\/product\/9737\/revisions"}],"wp:featuredmedia":[{"embeddable":true,"href":"https:\/\/nordic-chefs.com\/fr\/wp-json\/wp\/v2\/media\/14881"}],"wp:attachment":[{"href":"https:\/\/nordic-chefs.com\/fr\/wp-json\/wp\/v2\/media?parent=9737"}],"wp:term":[{"taxonomy":"product_brand","embeddable":true,"href":"https:\/\/nordic-chefs.com\/fr\/wp-json\/wp\/v2\/product_brand?post=9737"},{"taxonomy":"product_cat","embeddable":true,"href":"https:\/\/nordic-chefs.com\/fr\/wp-json\/wp\/v2\/product_cat?post=9737"},{"taxonomy":"product_tag","embeddable":true,"href":"https:\/\/nordic-chefs.com\/fr\/wp-json\/wp\/v2\/product_tag?post=9737"}],"curies":[{"name":"wp","href":"https:\/\/api.w.org\/{rel}","templated":true}]}}