{"id":9871,"date":"2024-10-04T15:06:04","date_gmt":"2024-10-04T13:06:04","guid":{"rendered":"https:\/\/nordic-chefs.com\/?post_type=product&#038;p=9871"},"modified":"2025-10-01T16:58:36","modified_gmt":"2025-10-01T14:58:36","slug":"pinces-droites-de-chefs-nordiques-30cm-noir-intense-sans-dents","status":"publish","type":"product","link":"https:\/\/nordic-chefs.com\/fr\/shop\/nordic-chefs-straight-tweezers-30cm-jet-black-without-teeth\/","title":{"rendered":"Pinces Droites Nordic Chefs \u2013 30 cm"},"content":{"rendered":"<p>Pr\u00e9parez-vous \u00e0 am\u00e9liorer vos talents culinaires avec ces pinces droites.<\/p>\n<p>Fabriqu\u00e9es et finies selon les normes les plus \u00e9lev\u00e9es, ces pinces sont un indispensable dans toute cuisine. La tension parfaite de la pince et le bord dentel\u00e9 fiable les rendent indispensables pour une cuisine pr\u00e9cise, que ce soit sur la cuisini\u00e8re, le grill ou au passe.<\/p>\n<p>Built to last a lifetime, these tweezers are great for cooking delicate items like prawns, scallops, and small fillets, and are preferred by top chefs for their precision and ease of use.<\/p>\n<p>Don&#8217;t miss out on this opportunity to impress your guests and take your cooking to the next level. Get yours today!<\/p>\n<p>&nbsp;<\/p>","protected":false},"excerpt":{"rendered":"<p>Pr\u00e9parez-vous \u00e0 am\u00e9liorer vos talents culinaires avec ces pinces droites.<\/p>\n<p>Fabriqu\u00e9es et finies selon les normes les plus \u00e9lev\u00e9es, ces pinces sont un indispensable dans toute cuisine. La tension parfaite de la pince et le bord dentel\u00e9 fiable les rendent indispensables pour une cuisine pr\u00e9cise, que ce soit sur la cuisini\u00e8re, le grill ou au passe.<\/p>","protected":false},"featured_media":10064,"template":"","meta":{"_acf_changed":false,"_seopress_robots_primary_cat":"none","_seopress_titles_title":"Master Precision Cooking with Nordic Chefs Tweezers","_seopress_titles_desc":"Enhance your culinary skills with Nordic Chefs Tweezers. Perfect pincer tension ensures precision on the stove or grill. Ideal for delicate dishes. Get yours now!","_seopress_robots_index":"","wprm-recipe-roundup-name":"","wprm-recipe-roundup-description":""},"product_brand":[],"product_cat":[125,26,126],"product_tag":[],"class_list":{"0":"post-9871","1":"product","2":"type-product","3":"status-publish","4":"has-post-thumbnail","6":"product_cat-chef-tweezers","7":"product_cat-tweezers","8":"product_cat-without-teeth-single-tweezers","9":"product-type-variable","10":"tm-no-options","12":"first","13":"instock","14":"taxable","15":"shipping-taxable","16":"purchasable","18":"has-default-attributes"},"acf":[],"_links":{"self":[{"href":"https:\/\/nordic-chefs.com\/fr\/wp-json\/wp\/v2\/product\/9871","targetHints":{"allow":["GET"]}}],"collection":[{"href":"https:\/\/nordic-chefs.com\/fr\/wp-json\/wp\/v2\/product"}],"about":[{"href":"https:\/\/nordic-chefs.com\/fr\/wp-json\/wp\/v2\/types\/product"}],"version-history":[{"count":0,"href":"https:\/\/nordic-chefs.com\/fr\/wp-json\/wp\/v2\/product\/9871\/revisions"}],"wp:featuredmedia":[{"embeddable":true,"href":"https:\/\/nordic-chefs.com\/fr\/wp-json\/wp\/v2\/media\/10064"}],"wp:attachment":[{"href":"https:\/\/nordic-chefs.com\/fr\/wp-json\/wp\/v2\/media?parent=9871"}],"wp:term":[{"taxonomy":"product_brand","embeddable":true,"href":"https:\/\/nordic-chefs.com\/fr\/wp-json\/wp\/v2\/product_brand?post=9871"},{"taxonomy":"product_cat","embeddable":true,"href":"https:\/\/nordic-chefs.com\/fr\/wp-json\/wp\/v2\/product_cat?post=9871"},{"taxonomy":"product_tag","embeddable":true,"href":"https:\/\/nordic-chefs.com\/fr\/wp-json\/wp\/v2\/product_tag?post=9871"}],"curies":[{"name":"wp","href":"https:\/\/api.w.org\/{rel}","templated":true}]}}