{"id":9884,"date":"2024-10-04T15:12:13","date_gmt":"2024-10-04T13:12:13","guid":{"rendered":"https:\/\/nordic-chefs.com\/?post_type=product&#038;p=9884"},"modified":"2025-10-23T00:20:13","modified_gmt":"2025-10-22T22:20:13","slug":"nordic-chefs-high-precision-offset-chefs-tweezers-14cm-without-teeth","status":"publish","type":"product","link":"https:\/\/nordic-chefs.com\/fr\/shop\/nordic-chefs-high-precision-offset-chefs-tweezers-14cm-without-teeth\/","title":{"rendered":"Pince \u00e0 \u00e9piler de haute pr\u00e9cision pour cuisiniers"},"content":{"rendered":"<p>Les pinces de chef de haute pr\u00e9cision sont con\u00e7ues pour les travaux de pr\u00e9cision et peuvent traiter les d\u00e9tails les plus infimes.<\/p>\n<p>Ces pinces sont particuli\u00e8rement utiles pour cueillir des fleurs d\u00e9licates ou des microgreens et apporter la touche finale \u00e0 un plat pour une pr\u00e9sentation \u00e9poustouflante.<\/p>\n<p>Fabriqu\u00e9es en acier inoxydable de qualit\u00e9 sup\u00e9rieure, ces pinces sont non seulement durables, mais aussi s\u00fbres pour une utilisation avec des aliments gr\u00e2ce \u00e0 leur couleur non toxique.<\/p>\n<p>Tout chef ou cuisinier amateur \u00e0 la recherche d'un outil fiable et de haute qualit\u00e9 pour la cuisine de pr\u00e9cision devrait envisager d'ajouter cette pince \u00e0 sa collection.<\/p>","protected":false},"excerpt":{"rendered":"<p style=\"text-align: center;\">The High Precision Offset Chef\u2019s Tweezers are designed for precision work and can handle even the smallest of details.<\/p>\n<p style=\"text-align: center;\">Ces pinces sont particuli\u00e8rement utiles pour cueillir des fleurs d\u00e9licates ou des microgreens et apporter la touche finale \u00e0 un plat pour une pr\u00e9sentation \u00e9poustouflante.<\/p>","protected":false},"featured_media":10051,"template":"","meta":{"_acf_changed":false,"_seopress_robots_primary_cat":"none","_seopress_titles_title":"High-Precision Chef's Tweezers for Perfect Presentation","_seopress_titles_desc":"Create stunning presentations with Nordic Chefs kitchen tweezers perfect for plating. it is durable, non-toxic stainless steel for precision cooking.","_seopress_robots_index":"","wprm-recipe-roundup-name":"","wprm-recipe-roundup-description":""},"product_brand":[],"product_cat":[125,26,127,126],"product_tag":[],"class_list":{"0":"post-9884","1":"product","2":"type-product","3":"status-publish","4":"has-post-thumbnail","6":"product_cat-chef-tweezers","7":"product_cat-tweezers","8":"product_cat-with-teeth-single-tweezers","9":"product_cat-without-teeth-single-tweezers","10":"product-type-variable","11":"tm-no-options","13":"first","14":"instock","15":"taxable","16":"shipping-taxable","17":"purchasable","19":"has-default-attributes"},"acf":[],"_links":{"self":[{"href":"https:\/\/nordic-chefs.com\/fr\/wp-json\/wp\/v2\/product\/9884","targetHints":{"allow":["GET"]}}],"collection":[{"href":"https:\/\/nordic-chefs.com\/fr\/wp-json\/wp\/v2\/product"}],"about":[{"href":"https:\/\/nordic-chefs.com\/fr\/wp-json\/wp\/v2\/types\/product"}],"version-history":[{"count":0,"href":"https:\/\/nordic-chefs.com\/fr\/wp-json\/wp\/v2\/product\/9884\/revisions"}],"wp:featuredmedia":[{"embeddable":true,"href":"https:\/\/nordic-chefs.com\/fr\/wp-json\/wp\/v2\/media\/10051"}],"wp:attachment":[{"href":"https:\/\/nordic-chefs.com\/fr\/wp-json\/wp\/v2\/media?parent=9884"}],"wp:term":[{"taxonomy":"product_brand","embeddable":true,"href":"https:\/\/nordic-chefs.com\/fr\/wp-json\/wp\/v2\/product_brand?post=9884"},{"taxonomy":"product_cat","embeddable":true,"href":"https:\/\/nordic-chefs.com\/fr\/wp-json\/wp\/v2\/product_cat?post=9884"},{"taxonomy":"product_tag","embeddable":true,"href":"https:\/\/nordic-chefs.com\/fr\/wp-json\/wp\/v2\/product_tag?post=9884"}],"curies":[{"name":"wp","href":"https:\/\/api.w.org\/{rel}","templated":true}]}}