{"id":9895,"date":"2024-10-04T15:14:58","date_gmt":"2024-10-04T13:14:58","guid":{"rendered":"https:\/\/nordic-chefs.com\/?post_type=product&#038;p=9895"},"modified":"2025-10-28T20:26:06","modified_gmt":"2025-10-28T18:26:06","slug":"nordic-chefs-superfine-curved-tip-chefs-tweezers-14cm-without-teeth","status":"publish","type":"product","link":"https:\/\/nordic-chefs.com\/fr\/shop\/nordic-chefs-superfine-curved-tip-chefs-tweezers-14cm-without-teeth\/","title":{"rendered":"Nordic Chefs - Pince \u00e0 \u00e9piler de chef SuperFine\u00ae \u00e0 pointe incurv\u00e9e"},"content":{"rendered":"<p>Vous \u00eates \u00e0 la recherche d'un outil qui vous permettra d'am\u00e9liorer vos comp\u00e9tences en mati\u00e8re d'assiettes et de finitions ? Ne cherchez pas plus loin que ces pinces de chef SuperFine\u00ae \u00e0 bouts incurv\u00e9s.<\/p>\n<p>Fabriqu\u00e9s et finis selon les normes les plus strictes, ils sont con\u00e7us pour offrir une pr\u00e9cision et un contr\u00f4le in\u00e9gal\u00e9s.<\/p>\n<p>La tension des pinces est parfaitement calibr\u00e9e pour offrir une prise maximale tout en manipulant d\u00e9licatement les objets les plus petits.<\/p>\n<p>Pr\u00e9f\u00e9r\u00e9es par les grands chefs pour leur pr\u00e9cision, ces pinces sont indispensables dans toute cuisine o\u00f9 le souci du d\u00e9tail est primordial.<\/p>\n<p>Ne vous contentez pas de moins - am\u00e9liorez votre jeu culinaire d\u00e8s aujourd'hui avec ces pinces indispensables !<\/p>","protected":false},"excerpt":{"rendered":"<p style=\"text-align: center;\">Vous \u00eates \u00e0 la recherche d'un outil qui vous permettra d'am\u00e9liorer vos comp\u00e9tences en mati\u00e8re d'assiettes et de finitions ? Ne cherchez pas plus loin que ces pinces de chef SuperFine\u00ae \u00e0 bouts incurv\u00e9s.<\/p>","protected":false},"featured_media":10053,"template":"","meta":{"_acf_changed":false,"_seopress_robots_primary_cat":"none","_seopress_titles_title":"Enhance Your Culinary Precision with Nordic Chefs Tweezers","_seopress_titles_desc":"Elevate your culinary skills with Nordic Chefs Tweezers, precision-designed for perfect plating. Get unmatched control and accuracy in your kitchen!","_seopress_robots_index":"","wprm-recipe-roundup-name":"","wprm-recipe-roundup-description":""},"product_brand":[],"product_cat":[125,26,127,126],"product_tag":[25],"class_list":{"0":"post-9895","1":"product","2":"type-product","3":"status-publish","4":"has-post-thumbnail","6":"product_cat-chef-tweezers","7":"product_cat-tweezers","8":"product_cat-with-teeth-single-tweezers","9":"product_cat-without-teeth-single-tweezers","10":"product_tag-engraving","11":"product-type-variable","12":"tm-has-options","14":"first","15":"instock","16":"taxable","17":"shipping-taxable","18":"purchasable","20":"has-default-attributes"},"acf":[],"_links":{"self":[{"href":"https:\/\/nordic-chefs.com\/fr\/wp-json\/wp\/v2\/product\/9895","targetHints":{"allow":["GET"]}}],"collection":[{"href":"https:\/\/nordic-chefs.com\/fr\/wp-json\/wp\/v2\/product"}],"about":[{"href":"https:\/\/nordic-chefs.com\/fr\/wp-json\/wp\/v2\/types\/product"}],"version-history":[{"count":0,"href":"https:\/\/nordic-chefs.com\/fr\/wp-json\/wp\/v2\/product\/9895\/revisions"}],"wp:featuredmedia":[{"embeddable":true,"href":"https:\/\/nordic-chefs.com\/fr\/wp-json\/wp\/v2\/media\/10053"}],"wp:attachment":[{"href":"https:\/\/nordic-chefs.com\/fr\/wp-json\/wp\/v2\/media?parent=9895"}],"wp:term":[{"taxonomy":"product_brand","embeddable":true,"href":"https:\/\/nordic-chefs.com\/fr\/wp-json\/wp\/v2\/product_brand?post=9895"},{"taxonomy":"product_cat","embeddable":true,"href":"https:\/\/nordic-chefs.com\/fr\/wp-json\/wp\/v2\/product_cat?post=9895"},{"taxonomy":"product_tag","embeddable":true,"href":"https:\/\/nordic-chefs.com\/fr\/wp-json\/wp\/v2\/product_tag?post=9895"}],"curies":[{"name":"wp","href":"https:\/\/api.w.org\/{rel}","templated":true}]}}