{"id":9960,"date":"2024-10-08T12:31:38","date_gmt":"2024-10-08T10:31:38","guid":{"rendered":"https:\/\/nordic-chefs.com\/?post_type=product&#038;p=9960"},"modified":"2025-10-06T10:44:35","modified_gmt":"2025-10-06T08:44:35","slug":"moule-a-disque-diamante","status":"publish","type":"product","link":"https:\/\/nordic-chefs.com\/fr\/shop\/diamond-disk-mold\/","title":{"rendered":"Moule \u00e0 disque diamant\u00e9"},"content":{"rendered":"<p data-start=\"305\" data-end=\"595\">Fabriqu\u00e9 avec pr\u00e9cision et \u00e9l\u00e9gance, notre moule \u00e0 disque diamant est con\u00e7u pour les chefs qui exigent la perfection dans la forme et la fonction. Disponible en <strong data-start=\"448\" data-end=\"461\">deux tailles<\/strong> (petit ou grand), ce moule est parfait pour cr\u00e9er des desserts, des garnitures ou des \u00e9l\u00e9ments sal\u00e9s saisissants avec une finition g\u00e9om\u00e9trique raffin\u00e9e.<\/p>\n<p data-start=\"597\" data-end=\"839\">Chaque article comprend <strong data-start=\"616\" data-end=\"638\">2 moules individuels<\/strong> et est <strong data-start=\"646\" data-end=\"682\">con\u00e7u et produit au Danemark<\/strong> en utilisant <strong data-start=\"689\" data-end=\"717\">100% silicone de qualit\u00e9 alimentaire<\/strong>. Le moule r\u00e9siste \u00e0 des temp\u00e9ratures extr\u00eames, de <strong data-start=\"766\" data-end=\"785\">De -50\u00b0C \u00e0 +250\u00b0C<\/strong>Il convient donc \u00e0 la fois aux <strong data-start=\"815\" data-end=\"838\">cong\u00e9lation et cuisson<\/strong>.<\/p>\n<p data-start=\"841\" data-end=\"973\">Durable, flexible et facile \u00e0 d\u00e9mouler, le moule Diamond Disk est reconnu par les professionnels pour sa fiabilit\u00e9 et ses r\u00e9sultats impeccables.<\/p>","protected":false},"excerpt":{"rendered":"<p style=\"text-align: center;\">Fabriqu\u00e9 avec pr\u00e9cision et \u00e9l\u00e9gance, notre moule \u00e0 disque diamant est con\u00e7u pour les chefs qui exigent la perfection dans la forme et la fonction. Disponible en <strong data-start=\"448\" data-end=\"461\">deux tailles<\/strong> (petit ou grand), ce moule est parfait pour cr\u00e9er des desserts, des garnitures ou des \u00e9l\u00e9ments sal\u00e9s saisissants avec une finition g\u00e9om\u00e9trique raffin\u00e9e.<\/p>","protected":false},"featured_media":14892,"template":"","meta":{"_acf_changed":false,"_seopress_robots_primary_cat":"none","_seopress_titles_title":"Diamond Disk Silicone Mold \u2013 Small & Large | Nordic Chefs","_seopress_titles_desc":"Diamond Disk mold in small or large. Made in Denmark from 100% food-safe silicone. Oven & freezer safe. Includes 2 molds per item.","_seopress_robots_index":""},"product_brand":[],"product_cat":[104],"product_tag":[],"class_list":{"0":"post-9960","1":"product","2":"type-product","3":"status-publish","4":"has-post-thumbnail","6":"product_cat-silicone-molds-3d","7":"product-type-variable","8":"tm-no-options","10":"first","11":"instock","12":"taxable","13":"shipping-taxable","14":"purchasable","16":"has-default-attributes"},"acf":[],"_links":{"self":[{"href":"https:\/\/nordic-chefs.com\/fr\/wp-json\/wp\/v2\/product\/9960","targetHints":{"allow":["GET"]}}],"collection":[{"href":"https:\/\/nordic-chefs.com\/fr\/wp-json\/wp\/v2\/product"}],"about":[{"href":"https:\/\/nordic-chefs.com\/fr\/wp-json\/wp\/v2\/types\/product"}],"version-history":[{"count":0,"href":"https:\/\/nordic-chefs.com\/fr\/wp-json\/wp\/v2\/product\/9960\/revisions"}],"wp:featuredmedia":[{"embeddable":true,"href":"https:\/\/nordic-chefs.com\/fr\/wp-json\/wp\/v2\/media\/14892"}],"wp:attachment":[{"href":"https:\/\/nordic-chefs.com\/fr\/wp-json\/wp\/v2\/media?parent=9960"}],"wp:term":[{"taxonomy":"product_brand","embeddable":true,"href":"https:\/\/nordic-chefs.com\/fr\/wp-json\/wp\/v2\/product_brand?post=9960"},{"taxonomy":"product_cat","embeddable":true,"href":"https:\/\/nordic-chefs.com\/fr\/wp-json\/wp\/v2\/product_cat?post=9960"},{"taxonomy":"product_tag","embeddable":true,"href":"https:\/\/nordic-chefs.com\/fr\/wp-json\/wp\/v2\/product_tag?post=9960"}],"curies":[{"name":"wp","href":"https:\/\/api.w.org\/{rel}","templated":true}]}}