{"id":4155,"date":"2023-08-20T21:58:46","date_gmt":"2023-08-20T19:58:46","guid":{"rendered":"https:\/\/nordic-chefs.com\/product\/bunuelos-rosette-head\/"},"modified":"2026-02-20T23:38:43","modified_gmt":"2026-02-20T21:38:43","slug":"rozet-ijzervorm","status":"publish","type":"product","link":"https:\/\/nordic-chefs.com\/nl\/shop\/rosette-iron-mold\/","title":{"rendered":"Rosette croustade ijzer"},"content":{"rendered":"<p style=\"text-align: center\">Improve your croustade molds setup with our changeable Rosette Iron mold attachment. Designed to fit perfectly on both our single and double handles. This croustade mold opens the door to creating shapes you know as &#8211; Fried rosette, rosettes, crispy fritters or mexican bu\u00f1uelos. Made for professional kitchens with its low weight and comfortably design.<\/p>\n<p style=\"text-align: center\">Switch easily between our molds for Croustade and open up for even more possibilities with our essential Croustade tool.<\/p>\n<p class=\"p1\" style=\"text-align: center\">Let op: <i>Dit product bevat alleen de mal. Handgrepen moeten apart worden aangeschaft.<\/i><\/p>\n<p style=\"text-align: center\">Heb je ons bunuelos recept al gezien? Bekijk het hier! <a href=\"https:\/\/nordic-chefs.com\/nl\/hoe-maak-je-bunuelos\/\">Hoe maak je Bunuelos<\/a><\/p>\n<p style=\"text-align: center\"><strong>&nbsp;<\/strong><\/p>","protected":false},"excerpt":{"rendered":"<p>Verbeter de opstelling van je Bunuelos mallen met ons verwisselbare Rosette mallenhulpstuk. Ontworpen om perfect te passen op zowel onze enkele als dubbele handgrepen. Deze bu\u00f1uelo vorm opent de deur naar vormen die je kent als - Gebakken bu\u00f1uelo, rozetten, knapperige beignets of Mexicaanse bu\u00f1uelos. Gemaakt voor professionele keukens met zijn lage gewicht en comfortabele ontwerp.<\/p>","protected":false},"featured_media":18069,"template":"","meta":{"_acf_changed":false,"_seopress_robots_primary_cat":"none","_seopress_titles_title":"Rosette Iron Mold \u2013 Double Handle Bunuelos Mold for Chefs","_seopress_titles_desc":"This rosette iron mold doubles as a professional bunuelos mold \u2013 made for chefs who value quality and performance.","_seopress_robots_index":"","wprm-recipe-roundup-name":"","wprm-recipe-roundup-description":""},"product_brand":[],"product_cat":[267,152,168,167],"product_tag":[113],"class_list":{"0":"post-4155","1":"product","2":"type-product","3":"status-publish","4":"has-post-thumbnail","6":"product_cat-croustade-bunuelos-molds","7":"product_cat-croustade-iron-and-rosette-iron","8":"product_cat-double-iron","9":"product_cat-single-iron","10":"product_tag-head","11":"product-type-simple","12":"tm-no-options","14":"first","15":"instock","16":"taxable","17":"shipping-taxable","18":"purchasable"},"acf":[],"_links":{"self":[{"href":"https:\/\/nordic-chefs.com\/nl\/wp-json\/wp\/v2\/product\/4155","targetHints":{"allow":["GET"]}}],"collection":[{"href":"https:\/\/nordic-chefs.com\/nl\/wp-json\/wp\/v2\/product"}],"about":[{"href":"https:\/\/nordic-chefs.com\/nl\/wp-json\/wp\/v2\/types\/product"}],"version-history":[{"count":0,"href":"https:\/\/nordic-chefs.com\/nl\/wp-json\/wp\/v2\/product\/4155\/revisions"}],"wp:featuredmedia":[{"embeddable":true,"href":"https:\/\/nordic-chefs.com\/nl\/wp-json\/wp\/v2\/media\/18069"}],"wp:attachment":[{"href":"https:\/\/nordic-chefs.com\/nl\/wp-json\/wp\/v2\/media?parent=4155"}],"wp:term":[{"taxonomy":"product_brand","embeddable":true,"href":"https:\/\/nordic-chefs.com\/nl\/wp-json\/wp\/v2\/product_brand?post=4155"},{"taxonomy":"product_cat","embeddable":true,"href":"https:\/\/nordic-chefs.com\/nl\/wp-json\/wp\/v2\/product_cat?post=4155"},{"taxonomy":"product_tag","embeddable":true,"href":"https:\/\/nordic-chefs.com\/nl\/wp-json\/wp\/v2\/product_tag?post=4155"}],"curies":[{"name":"wp","href":"https:\/\/api.w.org\/{rel}","templated":true}]}}