{"id":4643,"date":"2023-10-25T15:34:16","date_gmt":"2023-10-25T15:34:16","guid":{"rendered":"https:\/\/nordic-chefs.com\/product\/nordic-chefs-double-bunuelos-rosette-iron\/"},"modified":"2026-04-24T15:34:13","modified_gmt":"2026-04-24T13:34:13","slug":"rozet-ijzer-dubbele-greep","status":"publish","type":"product","link":"https:\/\/nordic-chefs.com\/nl\/shop\/rosette-iron-double-handle\/","title":{"rendered":"Rozet Strijkijzer - Dubbele Handgreep"},"content":{"rendered":"<p>Onze Bunuelos vormen zijn speciaal ontworpen voor het maken van twee knapperige rozetten of gefrituurde bu\u00f1uelos - in \u00e9\u00e9n keer. Dit bunuelo-gereedschap heeft roestvrijstalen handgrepen die duurzaam, eenvoudig schoon te maken en licht zijn. Met het eenvoudig te verwisselen kopsysteem kun je verschillende mallen bevestigen, waardoor je rozetijzer een veelzijdige oplossing wordt voor mallen voor allerlei soorten bunuelos. Kook zoete dessertrozetten tot traditionele Mexicaanse snacks, je kunt elk recept maken met deze handige rozetijzerset. Geniet van onbeperkte mogelijkheden voor knapperige, gouden hapjes in de helft van de tijd.<\/p>\n<p>&nbsp;<\/p>","protected":false},"excerpt":{"rendered":"<p>Onze Bunuelos vormen zijn speciaal ontworpen voor het maken van twee knapperige rozetten of gefrituurde bu\u00f1uelos - in \u00e9\u00e9n keer. Dit bunuelo-gereedschap heeft roestvrijstalen handgrepen die duurzaam, eenvoudig schoon te maken en licht zijn. Met het eenvoudig te verwisselen kopsysteem kun je verschillende mallen bevestigen, waardoor je rozetijzer een veelzijdige oplossing wordt voor mallen voor allerlei soorten bunuelos. Kook zoete dessertrozetten tot traditionele Mexicaanse snacks, je kunt elk recept maken met deze handige rozetijzerset. Geniet van onbeperkte mogelijkheden voor knapperige, gouden hapjes in de helft van de tijd.<\/p>\n<p>&nbsp;<\/p>","protected":false},"featured_media":14045,"template":"","meta":{"_acf_changed":false,"_seopress_robots_primary_cat":"none","_seopress_titles_title":"Rosette Iron - Cook Two Perfect Bunuelos molds at once","_seopress_titles_desc":"Work smarter with our Double Rosette Iron. Fry crispy mexican snacks and more using our professional bunuelos molds- Professional baking tool","_seopress_robots_index":"","wprm-recipe-roundup-name":"","wprm-recipe-roundup-description":""},"product_brand":[],"product_cat":[278,152,168],"product_tag":[],"class_list":{"0":"post-4643","1":"product","2":"type-product","3":"status-publish","4":"has-post-thumbnail","6":"product_cat-20-off-croustade","7":"product_cat-croustade-iron-and-rosette-iron","8":"product_cat-double-iron","9":"product-type-variable","10":"tm-no-options","12":"first","13":"instock","14":"sale","15":"taxable","16":"shipping-taxable","17":"purchasable","19":"has-default-attributes"},"acf":[],"_links":{"self":[{"href":"https:\/\/nordic-chefs.com\/nl\/wp-json\/wp\/v2\/product\/4643","targetHints":{"allow":["GET"]}}],"collection":[{"href":"https:\/\/nordic-chefs.com\/nl\/wp-json\/wp\/v2\/product"}],"about":[{"href":"https:\/\/nordic-chefs.com\/nl\/wp-json\/wp\/v2\/types\/product"}],"version-history":[{"count":0,"href":"https:\/\/nordic-chefs.com\/nl\/wp-json\/wp\/v2\/product\/4643\/revisions"}],"wp:featuredmedia":[{"embeddable":true,"href":"https:\/\/nordic-chefs.com\/nl\/wp-json\/wp\/v2\/media\/14045"}],"wp:attachment":[{"href":"https:\/\/nordic-chefs.com\/nl\/wp-json\/wp\/v2\/media?parent=4643"}],"wp:term":[{"taxonomy":"product_brand","embeddable":true,"href":"https:\/\/nordic-chefs.com\/nl\/wp-json\/wp\/v2\/product_brand?post=4643"},{"taxonomy":"product_cat","embeddable":true,"href":"https:\/\/nordic-chefs.com\/nl\/wp-json\/wp\/v2\/product_cat?post=4643"},{"taxonomy":"product_tag","embeddable":true,"href":"https:\/\/nordic-chefs.com\/nl\/wp-json\/wp\/v2\/product_tag?post=4643"}],"curies":[{"name":"wp","href":"https:\/\/api.w.org\/{rel}","templated":true}]}}