{"id":9578,"date":"2024-09-22T20:47:41","date_gmt":"2024-09-22T18:47:41","guid":{"rendered":"https:\/\/nordic-chefs.com\/shop\/uncategorized\/nordic-chefs-double-croustade-iron-2\/"},"modified":"2026-02-26T14:24:20","modified_gmt":"2026-02-26T12:24:20","slug":"dubbel-ijzeren-handvat","status":"publish","type":"product","link":"https:\/\/nordic-chefs.com\/nl\/shop\/double-iron-handle\/","title":{"rendered":"Dubbele ijzeren handgreep"},"content":{"rendered":"<p class=\"p1\">Ons Double Croustade \/ Rosette Strijkijzer is een professioneel keukengereedschap gemaakt van eersteklas roestvrij staal. Of je nu koekjes voor fijnproevers, Bu\u00f1uelos of andere knapperige hapjes maakt, met dit roestvrijstalen kookgerei doe je dat met gemak. Ontworpen voor gebruik in Michelin-sterrenkeukens, maar ook perfect voor thuiskoks die op zoek zijn naar kwaliteitskookgerei. Met een natuurlijk antiaanbakoppervlak op de vormkoppen en onze antisliphandgreep biedt het comfort en precisie bij elke baksessie.<\/p>\n<p class=\"p2\"><b>Belangrijkste kenmerken<\/b><\/p>\n<ul class=\"ul1\">\n<li class=\"li3\">Hoogwaardige roestvrijstalen constructie voor professionele keukens.<\/li>\n<li class=\"li3\">Veelzijdig keukenhulpmiddel voor het maken van koekjes, snacks, bu\u00f1uelos of gastronomisch gebak.<\/li>\n<li class=\"li3\">Wissel eenvoudig tussen mallen voor diverse culinaire creaties.<\/li>\n<li class=\"li3\">Non-stick oppervlak en ergonomische handgreep voor eenvoudig gebruik en schoonmaken.<\/li>\n<li class=\"li3\">Inclusief een met een Michelin-ster bekroond recept van chef-kok Eric Vildgaard om gastronomische croustaden onder de knie te krijgen.<\/li>\n<\/ul>","protected":false},"excerpt":{"rendered":"<p class=\"p1\">Ons Double Croustade \/ Rosette Strijkijzer is een professioneel keukengereedschap gemaakt van eersteklas roestvrij staal. Of je nu koekjes voor fijnproevers, Bu\u00f1uelos of andere knapperige hapjes maakt, met dit roestvrijstalen kookgerei doe je dat met gemak. Ontworpen voor gebruik in Michelin-sterrenkeukens, maar ook perfect voor thuiskoks die op zoek zijn naar kwaliteitskookgerei. Met een natuurlijk antiaanbakoppervlak op de vormkoppen en onze antisliphandgreep biedt het comfort en precisie bij elke baksessie.<\/p>\n<p class=\"p2\"><b>Belangrijkste kenmerken<\/b><\/p>\n<ul class=\"ul1\">\n<li class=\"li3\">Hoogwaardige roestvrijstalen constructie voor professionele keukens.<\/li>\n<li class=\"li3\">Veelzijdig keukenhulpmiddel voor het maken van koekjes, snacks, bu\u00f1uelos of gastronomisch gebak.<\/li>\n<li class=\"li3\">Wissel eenvoudig tussen mallen voor diverse culinaire creaties.<\/li>\n<li class=\"li3\">Non-stick oppervlak en ergonomische handgreep voor eenvoudig gebruik en schoonmaken.<\/li>\n<li class=\"li3\">Inclusief een met een Michelin-ster bekroond recept van chef-kok Eric Vildgaard om gastronomische croustaden onder de knie te krijgen.<\/li>\n<\/ul>","protected":false},"featured_media":9577,"template":"","meta":{"_acf_changed":false,"_seopress_robots_primary_cat":"none","_seopress_titles_title":"Krustadejern dobbelt s\u00e5 effektivt - kokkenes foretrukne","_seopress_titles_desc":"Single, dobbelt eller FiveMount - design selv. V\u00e6lg mellem 9 krustade forme og farve p\u00e5 dit h\u00e5ndtag til samme lave pris og dansk design","_seopress_robots_index":"","wprm-recipe-roundup-name":"","wprm-recipe-roundup-description":""},"product_brand":[],"product_cat":[152,168],"product_tag":[117,119,112,118,120],"class_list":{"0":"post-9578","1":"product","2":"type-product","3":"status-publish","4":"has-post-thumbnail","6":"product_cat-croustade-iron-and-rosette-iron","7":"product_cat-double-iron","8":"product_tag-croustade","9":"product_tag-double","10":"product_tag-handle","11":"product_tag-rosette","12":"product_tag-snacks","13":"product-type-variable","14":"tm-no-options","16":"first","17":"instock","18":"taxable","19":"shipping-taxable","20":"purchasable","22":"has-default-attributes"},"acf":[],"_links":{"self":[{"href":"https:\/\/nordic-chefs.com\/nl\/wp-json\/wp\/v2\/product\/9578","targetHints":{"allow":["GET"]}}],"collection":[{"href":"https:\/\/nordic-chefs.com\/nl\/wp-json\/wp\/v2\/product"}],"about":[{"href":"https:\/\/nordic-chefs.com\/nl\/wp-json\/wp\/v2\/types\/product"}],"version-history":[{"count":0,"href":"https:\/\/nordic-chefs.com\/nl\/wp-json\/wp\/v2\/product\/9578\/revisions"}],"wp:featuredmedia":[{"embeddable":true,"href":"https:\/\/nordic-chefs.com\/nl\/wp-json\/wp\/v2\/media\/9577"}],"wp:attachment":[{"href":"https:\/\/nordic-chefs.com\/nl\/wp-json\/wp\/v2\/media?parent=9578"}],"wp:term":[{"taxonomy":"product_brand","embeddable":true,"href":"https:\/\/nordic-chefs.com\/nl\/wp-json\/wp\/v2\/product_brand?post=9578"},{"taxonomy":"product_cat","embeddable":true,"href":"https:\/\/nordic-chefs.com\/nl\/wp-json\/wp\/v2\/product_cat?post=9578"},{"taxonomy":"product_tag","embeddable":true,"href":"https:\/\/nordic-chefs.com\/nl\/wp-json\/wp\/v2\/product_tag?post=9578"}],"curies":[{"name":"wp","href":"https:\/\/api.w.org\/{rel}","templated":true}]}}