{"id":3,"date":"2024-02-03T01:22:36","date_gmt":"2024-02-03T01:22:36","guid":{"rendered":"https:\/\/nordic-chefs.com\/?page_id=3"},"modified":"2025-03-23T00:55:41","modified_gmt":"2025-03-22T22:55:41","slug":"integritetspolicy","status":"publish","type":"page","link":"https:\/\/nordic-chefs.com\/sv\/privacy-policy\/","title":{"rendered":"Integritetspolicy"},"content":{"rendered":"<div data-elementor-type=\"wp-page\" data-elementor-id=\"3\" class=\"elementor elementor-3\" data-elementor-post-type=\"page\">\n\t\t\t\t<div class=\"elementor-element elementor-element-2266a8ea e-flex e-con-boxed e-con e-parent\" data-id=\"2266a8ea\" data-element_type=\"container\" data-e-type=\"container\">\n\t\t\t\t\t<div class=\"e-con-inner\">\n\t\t<div class=\"elementor-element elementor-element-0903ec7 e-con-full e-flex e-con e-child\" data-id=\"0903ec7\" data-element_type=\"container\" data-e-type=\"container\" data-settings=\"{&quot;background_background&quot;:&quot;classic&quot;}\">\n\t\t\t\t<div class=\"elementor-element elementor-element-970617f elementor-widget elementor-widget-heading\" data-id=\"970617f\" data-element_type=\"widget\" data-e-type=\"widget\" data-widget_type=\"heading.default\">\n\t\t\t\t<div class=\"elementor-widget-container\">\n\t\t\t\t\t<h1 class=\"elementor-heading-title elementor-size-default\">Integritetspolicy<\/h1>\t\t\t\t<\/div>\n\t\t\t\t<\/div>\n\t\t\t\t<div class=\"elementor-element elementor-element-3156e34f elementor-widget elementor-widget-text-editor\" data-id=\"3156e34f\" data-element_type=\"widget\" data-e-type=\"widget\" data-widget_type=\"text-editor.default\">\n\t\t\t\t<div class=\"elementor-widget-container\">\n\t\t\t\t\t\t\t\t\t<p>Denna integritetspolicy beskriver policyn f\u00f6r Nordic Chefs, M\u00f8llevej 17, Kirke Hyllinge 4070, Danmark, e-post: info@nordic-chefs.com, telefon: 29429089 om insamling, anv\u00e4ndning och utl\u00e4mnande av din information som vi samlar in n\u00e4r du anv\u00e4nder v\u00e5r webbplats ( https:\/\/nordic-chefs.com\/ ). (\"Tj\u00e4nsten\").<\/p>\n<p>\u00a0<\/p>\n<p>Genom att f\u00e5 tillg\u00e5ng till eller anv\u00e4nda tj\u00e4nsten samtycker du till insamling, anv\u00e4ndning och utl\u00e4mnande av din information i enlighet med denna sekretesspolicy. Om du inte samtycker till detta ska du inte g\u00e5 in p\u00e5 eller anv\u00e4nda tj\u00e4nsten. Vi kan \u00e4ndra denna sekretesspolicy n\u00e4r som helst utan f\u00f6reg\u00e5ende meddelande till dig och kommer att l\u00e4gga upp den reviderade sekretesspolicyn p\u00e5 tj\u00e4nsten.<\/p>\n<p>\u00a0<\/p>\n<p>Den reviderade Policyn tr\u00e4der i kraft 180 dagar fr\u00e5n det att den reviderade Policyn publiceras i Tj\u00e4nsten och din fortsatta tillg\u00e5ng till eller anv\u00e4ndning av Tj\u00e4nsten efter denna tidpunkt inneb\u00e4r att du accepterar den reviderade Integritetspolicyn. Vi rekommenderar d\u00e4rf\u00f6r att du regelbundet granskar denna sida.<\/p>\t\t\t\t\t\t\t\t<\/div>\n\t\t\t\t<\/div>\n\t\t\t\t<\/div>\n\t\t<div class=\"elementor-element elementor-element-2c69aa5 e-con-full e-flex e-con e-child\" data-id=\"2c69aa5\" data-element_type=\"container\" data-e-type=\"container\" data-settings=\"{&quot;background_background&quot;:&quot;classic&quot;}\">\n\t\t<div class=\"elementor-element elementor-element-151780a e-con-full e-flex e-con e-child\" data-id=\"151780a\" data-element_type=\"container\" data-e-type=\"container\">\n\t\t\t\t<div class=\"elementor-element elementor-element-9b61484 elementor-widget__width-inherit elementor-widget elementor-widget-heading\" data-id=\"9b61484\" data-element_type=\"widget\" data-e-type=\"widget\" data-widget_type=\"heading.default\">\n\t\t\t\t<div class=\"elementor-widget-container\">\n\t\t\t\t\t<h2 class=\"elementor-heading-title elementor-size-default\">Information som vi samlar in:<\/h2>\t\t\t\t<\/div>\n\t\t\t\t<\/div>\n\t\t\t\t<div class=\"elementor-element elementor-element-a6edb82 elementor-widget elementor-widget-text-editor\" data-id=\"a6edb82\" data-element_type=\"widget\" data-e-type=\"widget\" data-widget_type=\"text-editor.default\">\n\t\t\t\t<div class=\"elementor-widget-container\">\n\t\t\t\t\t\t\t\t\t<p class=\"privacy-policy-p\">Vi kommer att samla in och behandla f\u00f6ljande personuppgifter om dig:<\/p>\n<ol class=\"privacy-policy-ol\">\n<li>Namn<\/li>\n<li>E-post<\/li>\n<li>Adress<\/li>\n<li>Arbetsplats Adress<\/li>\n<li>Betalningsinformation<\/li>\n<\/ol>\t\t\t\t\t\t\t\t<\/div>\n\t\t\t\t<\/div>\n\t\t\t\t<\/div>\n\t\t<div class=\"elementor-element elementor-element-19bf55b e-con-full e-flex e-con e-child\" data-id=\"19bf55b\" data-element_type=\"container\" data-e-type=\"container\">\n\t\t\t\t<div class=\"elementor-element elementor-element-5238cb0 elementor-widget__width-inherit elementor-widget elementor-widget-heading\" data-id=\"5238cb0\" data-element_type=\"widget\" data-e-type=\"widget\" data-widget_type=\"heading.default\">\n\t\t\t\t<div class=\"elementor-widget-container\">\n\t\t\t\t\t<h2 class=\"elementor-heading-title elementor-size-default\">Hur vi anv\u00e4nder din information:<\/h2>\t\t\t\t<\/div>\n\t\t\t\t<\/div>\n\t\t\t\t<div class=\"elementor-element elementor-element-748de27 elementor-widget elementor-widget-text-editor\" data-id=\"748de27\" data-element_type=\"widget\" data-e-type=\"widget\" data-widget_type=\"text-editor.default\">\n\t\t\t\t<div class=\"elementor-widget-container\">\n\t\t\t\t\t\t\t\t\t<p class=\"privacy-policy-p\">Vi kommer att anv\u00e4nda den information som vi samlar in om dig f\u00f6r f\u00f6ljande \u00e4ndam\u00e5l:<\/p>\n<ol class=\"privacy-policy-ol\">\n<li>Marknadsf\u00f6ring\/promotion<\/li>\n<li>St\u00f6d<\/li>\n<li>Riktad annonsering<\/li>\n<li>Hantera kundorder<\/li>\n<li>Tvistl\u00f6sning<\/li>\n<\/ol>\t\t\t\t\t\t\t\t<\/div>\n\t\t\t\t<\/div>\n\t\t\t\t<\/div>\n\t\t\t\t<\/div>\n\t\t<div class=\"elementor-element elementor-element-789cf86 e-con-full e-flex e-con e-child\" data-id=\"789cf86\" data-element_type=\"container\" data-e-type=\"container\" data-settings=\"{&quot;background_background&quot;:&quot;classic&quot;}\">\n\t\t\t\t<div class=\"elementor-element elementor-element-14a1709 elementor-widget__width-inherit elementor-widget elementor-widget-heading\" data-id=\"14a1709\" data-element_type=\"widget\" data-e-type=\"widget\" data-widget_type=\"heading.default\">\n\t\t\t\t<div class=\"elementor-widget-container\">\n\t\t\t\t\t<h2 class=\"elementor-heading-title elementor-size-default\">Hur vi delar med oss av din information<\/h2>\t\t\t\t<\/div>\n\t\t\t\t<\/div>\n\t\t<div class=\"elementor-element elementor-element-2449bf3 e-con-full e-flex e-con e-child\" data-id=\"2449bf3\" data-element_type=\"container\" data-e-type=\"container\">\n\t\t\t\t<div class=\"elementor-element elementor-element-b75a790 elementor-widget elementor-widget-text-editor\" data-id=\"b75a790\" data-element_type=\"widget\" data-e-type=\"widget\" data-widget_type=\"text-editor.default\">\n\t\t\t\t<div class=\"elementor-widget-container\">\n\t\t\t\t\t\t\t\t\t<p class=\"privacy-policy-p\">Vi kommer inte att \u00f6verf\u00f6ra dina personuppgifter till tredje part utan att inh\u00e4mta ditt samtycke, f\u00f6rutom under de begr\u00e4nsade omst\u00e4ndigheter som beskrivs nedan:<\/p>\n<p>\u00a0<\/p>\n<ol class=\"privacy-policy-ol\">\n<li>Annonsservice<\/li>\n<li>Analys<\/li>\n<li>Tj\u00e4nster f\u00f6r indrivning av betalningar<\/li>\n<li>Datainsamling &amp; process<\/li>\n<\/ol>\t\t\t\t\t\t\t\t<\/div>\n\t\t\t\t<\/div>\n\t\t\t\t<\/div>\n\t\t<div class=\"elementor-element elementor-element-57a333e e-con-full e-flex e-con e-child\" data-id=\"57a333e\" data-element_type=\"container\" data-e-type=\"container\">\n\t\t\t\t<div class=\"elementor-element elementor-element-80b9904 elementor-widget elementor-widget-text-editor\" data-id=\"80b9904\" data-element_type=\"widget\" data-e-type=\"widget\" data-widget_type=\"text-editor.default\">\n\t\t\t\t<div class=\"elementor-widget-container\">\n\t\t\t\t\t\t\t\t\t<p>Vi kr\u00e4ver att s\u00e5dana tredje parter anv\u00e4nder den personliga information som vi \u00f6verf\u00f6r till dem endast f\u00f6r det syfte f\u00f6r vilket den \u00f6verf\u00f6rdes och att de inte beh\u00e5ller den l\u00e4ngre \u00e4n vad som kr\u00e4vs f\u00f6r att uppfylla det n\u00e4mnda syftet.<\/p>\n<p>\u00a0<\/p>\n<p>Vi kan ocks\u00e5 l\u00e4mna ut dina personuppgifter f\u00f6r f\u00f6ljande \u00e4ndam\u00e5l: (1) f\u00f6r att f\u00f6lja till\u00e4mplig lag, f\u00f6rordning, domstolsbeslut eller annan juridisk process; (2) f\u00f6r att verkst\u00e4lla dina avtal med oss, inklusive denna integritetspolicy; eller (3) f\u00f6r att svara p\u00e5 p\u00e5st\u00e5enden om att din anv\u00e4ndning av tj\u00e4nsten bryter mot tredje parts r\u00e4ttigheter. Om Tj\u00e4nsten eller v\u00e5rt f\u00f6retag sl\u00e5s samman eller f\u00f6rv\u00e4rvas med ett annat f\u00f6retag, kommer din information att vara en av de tillg\u00e5ngar som \u00f6verf\u00f6rs till den nya \u00e4garen.<\/p>\t\t\t\t\t\t\t\t<\/div>\n\t\t\t\t<\/div>\n\t\t\t\t<\/div>\n\t\t\t\t<\/div>\n\t\t<div class=\"elementor-element elementor-element-ddadaf5 e-con-full e-flex e-con e-child\" data-id=\"ddadaf5\" data-element_type=\"container\" data-e-type=\"container\" data-settings=\"{&quot;background_background&quot;:&quot;classic&quot;}\">\n\t\t\t\t<div class=\"elementor-element elementor-element-50d6d8d elementor-widget__width-inherit elementor-widget elementor-widget-heading\" data-id=\"50d6d8d\" data-element_type=\"widget\" data-e-type=\"widget\" data-widget_type=\"heading.default\">\n\t\t\t\t<div class=\"elementor-widget-container\">\n\t\t\t\t\t<h2 class=\"elementor-heading-title elementor-size-default\">Bevarande av din information<\/h2>\t\t\t\t<\/div>\n\t\t\t\t<\/div>\n\t\t<div class=\"elementor-element elementor-element-546bd9b e-flex e-con-boxed e-con e-child\" data-id=\"546bd9b\" data-element_type=\"container\" data-e-type=\"container\">\n\t\t\t\t\t<div class=\"e-con-inner\">\n\t\t\t\t<div class=\"elementor-element elementor-element-5d7748b elementor-widget elementor-widget-text-editor\" data-id=\"5d7748b\" data-element_type=\"widget\" data-e-type=\"widget\" data-widget_type=\"text-editor.default\">\n\t\t\t\t<div class=\"elementor-widget-container\">\n\t\t\t\t\t\t\t\t\t<p class=\"privacy-policy-p\">Vi kommer att beh\u00e5lla dina personuppgifter hos oss i 90 dagar till 2 \u00e5r efter att anv\u00e4ndarna har avslutat sina konton eller s\u00e5 l\u00e4nge vi beh\u00f6ver dem f\u00f6r att uppfylla de syften f\u00f6r vilka de samlades in enligt vad som anges i denna sekretesspolicy. Vi kan beh\u00f6va beh\u00e5lla viss information under l\u00e4ngre perioder, t.ex. f\u00f6r registerh\u00e5llning\/rapportering i enlighet med till\u00e4mplig lag eller av andra legitima sk\u00e4l, t.ex. uppr\u00e4tth\u00e5llande av lagliga r\u00e4ttigheter, f\u00f6rebyggande av bedr\u00e4gerier osv. \u00c5terst\u00e5ende anonym information och sammanst\u00e4lld information, som inte identifierar dig (direkt eller indirekt), kan lagras p\u00e5 obest\u00e4md tid.<\/p>\t\t\t\t\t\t\t\t<\/div>\n\t\t\t\t<\/div>\n\t\t\t\t\t<\/div>\n\t\t\t\t<\/div>\n\t\t\t\t<\/div>\n\t\t<div class=\"elementor-element elementor-element-db05d39 e-con-full e-flex e-con e-child\" data-id=\"db05d39\" data-element_type=\"container\" data-e-type=\"container\" data-settings=\"{&quot;background_background&quot;:&quot;classic&quot;}\">\n\t\t\t\t<div class=\"elementor-element elementor-element-2af5058 elementor-widget__width-inherit elementor-widget elementor-widget-heading\" data-id=\"2af5058\" data-element_type=\"widget\" data-e-type=\"widget\" data-widget_type=\"heading.default\">\n\t\t\t\t<div class=\"elementor-widget-container\">\n\t\t\t\t\t<h2 class=\"elementor-heading-title elementor-size-default\">Dina r\u00e4ttigheter<\/h2>\t\t\t\t<\/div>\n\t\t\t\t<\/div>\n\t\t<div class=\"elementor-element elementor-element-922716c e-flex e-con-boxed e-con e-child\" data-id=\"922716c\" data-element_type=\"container\" data-e-type=\"container\">\n\t\t\t\t\t<div class=\"e-con-inner\">\n\t\t\t\t<div class=\"elementor-element elementor-element-440447f elementor-widget elementor-widget-text-editor\" data-id=\"440447f\" data-element_type=\"widget\" data-e-type=\"widget\" data-widget_type=\"text-editor.default\">\n\t\t\t\t<div class=\"elementor-widget-container\">\n\t\t\t\t\t\t\t\t\tBeroende p\u00e5 vilken lag som g\u00e4ller kan du ha r\u00e4tt att f\u00e5 tillg\u00e5ng till och r\u00e4tta eller radera dina personuppgifter eller f\u00e5 en kopia av dina personuppgifter, begr\u00e4nsa eller inv\u00e4nda mot aktiv behandling av dina uppgifter, be oss att dela (porta) dina personuppgifter till en annan enhet, \u00e5terkalla samtycke du gett oss till att behandla dina uppgifter, r\u00e4tt att l\u00e4mna in ett klagom\u00e5l till en lagstadgad myndighet och andra r\u00e4ttigheter som kan vara relevanta enligt g\u00e4llande lagar. F\u00f6r att ut\u00f6va dessa r\u00e4ttigheter kan du skriva till oss p\u00e5 info@nordic-chefs.com. Vi kommer att besvara din beg\u00e4ran i enlighet med till\u00e4mplig lag.\n\nDu kan v\u00e4lja att inte ta emot direktmarknadsf\u00f6ringskommunikation eller den profilering vi utf\u00f6r i marknadsf\u00f6ringssyfte genom att skriva till oss p\u00e5 info@nordic-chefs.com.\n\nObservera att om du inte till\u00e5ter oss att samla in eller behandla den n\u00f6dv\u00e4ndiga personliga informationen eller \u00e5terkallar samtycket till att behandla densamma f\u00f6r de n\u00f6dv\u00e4ndiga \u00e4ndam\u00e5len, kanske du inte kan f\u00e5 tillg\u00e5ng till eller anv\u00e4nda de tj\u00e4nster f\u00f6r vilka din information s\u00f6ktes.\t\t\t\t\t\t\t\t<\/div>\n\t\t\t\t<\/div>\n\t\t\t\t\t<\/div>\n\t\t\t\t<\/div>\n\t\t\t\t<\/div>\n\t\t\t\t\t<\/div>\n\t\t\t\t<\/div>\n\t\t\t\t<\/div>","protected":false},"excerpt":{"rendered":"<p>Privacy Policy This Privacy Policy describes the policies of Nordic Chefs, M\u00f8llevej 17, Kirke Hyllinge 4070, Denmark, email: info@nordic-chefs.com, phone: 29429089 on the collection, use and disclosure of your information that we collect when you use our website ( https:\/\/nordic-chefs.com\/ ). (the \u201cService\u201d). \u00a0 By accessing or using the Service, you are consenting to the [&hellip;]<\/p>\n","protected":false},"author":1,"featured_media":0,"parent":0,"menu_order":0,"comment_status":"closed","ping_status":"closed","template":"","meta":{"_acf_changed":false,"_seopress_robots_primary_cat":"","_seopress_titles_title":"","_seopress_titles_desc":"","_seopress_robots_index":"","wprm-recipe-roundup-name":"","wprm-recipe-roundup-description":"","footnotes":""},"class_list":["post-3","page","type-page","status-publish","hentry"],"acf":[],"_links":{"self":[{"href":"https:\/\/nordic-chefs.com\/sv\/wp-json\/wp\/v2\/pages\/3","targetHints":{"allow":["GET"]}}],"collection":[{"href":"https:\/\/nordic-chefs.com\/sv\/wp-json\/wp\/v2\/pages"}],"about":[{"href":"https:\/\/nordic-chefs.com\/sv\/wp-json\/wp\/v2\/types\/page"}],"author":[{"embeddable":true,"href":"https:\/\/nordic-chefs.com\/sv\/wp-json\/wp\/v2\/users\/1"}],"replies":[{"embeddable":true,"href":"https:\/\/nordic-chefs.com\/sv\/wp-json\/wp\/v2\/comments?post=3"}],"version-history":[{"count":0,"href":"https:\/\/nordic-chefs.com\/sv\/wp-json\/wp\/v2\/pages\/3\/revisions"}],"wp:attachment":[{"href":"https:\/\/nordic-chefs.com\/sv\/wp-json\/wp\/v2\/media?parent=3"}],"curies":[{"name":"wp","href":"https:\/\/api.w.org\/{rel}","templated":true}]}}