{"id":10779,"date":"2024-12-18T16:10:17","date_gmt":"2024-12-18T14:10:17","guid":{"rendered":"https:\/\/nordic-chefs.com\/?post_type=product&#038;p=10779"},"modified":"2026-02-20T23:42:14","modified_gmt":"2026-02-20T21:42:14","slug":"hummerstjart-tartelett-set","status":"publish","type":"product","link":"https:\/\/nordic-chefs.com\/sv\/shop\/lobster-tail-tartelette-set\/","title":{"rendered":"Tartelett set med hummerstj\u00e4rt"},"content":{"rendered":"<p>V\u00e5r silikonform g\u00f6r det enkelt att skapa fem eleganta tarteletter med hummerstj\u00e4rt i en sats. Setet inneh\u00e5ller en utstickare f\u00f6r att anpassa degen perfekt till formen, vilket ger ett j\u00e4mnt resultat varje g\u00e5ng. Anv\u00e4nd den f\u00f6r att g\u00f6ra t\u00e5rtor eller en dessert - precis som v\u00e5r v\u00e4n Claus p\u00e5 restaurang MOTA se <a href=\"https:\/\/nordic-chefs.com\/sv\/hummerstjart-dessert-recept\/\">RECEPT H\u00c4R!<\/a><\/p>\n<p>Den \u00e4r tillverkad av 100% livsmedelsklassad silikon, formen \u00e4r h\u00e5llbar och t\u00e5l temperaturer fr\u00e5n -50\u00b0C till +250\u00b0C. Den \u00e4r l\u00e4mplig f\u00f6r ugnar, frysar och chockfrysning, vilket g\u00f6r den idealisk f\u00f6r b\u00e5de s\u00f6ta och salta recept.<\/p>\n<h5><strong><em>Den h\u00e4r formen \u00e4r designad och tillverkad i Danmark och \u00e4r ett praktiskt och p\u00e5litligt verktyg f\u00f6r kockar och hemmakockar som vill skapa fantastiska r\u00e4tter av restaurangkvalitet.<\/em><\/strong><\/h5>","protected":false},"excerpt":{"rendered":"<p style=\"text-align: center\">V\u00e5r silikonform g\u00f6r det enkelt att skapa fem eleganta tarteletter med hummerstj\u00e4rt i en sats. Setet inneh\u00e5ller en utstickare f\u00f6r att anpassa degen perfekt till formen, vilket ger ett j\u00e4mnt resultat varje g\u00e5ng. Anv\u00e4nd den f\u00f6r att g\u00f6ra t\u00e5rtor eller en dessert - precis som v\u00e5r v\u00e4n Claus p\u00e5 restaurang MOTA se <a href=\"https:\/\/nordic-chefs.com\/sv\/hummerstjart-dessert-recept\/\">RECEPT H\u00c4R!<\/a><\/p>","protected":false},"featured_media":14863,"template":"","meta":{"_acf_changed":false,"_seopress_robots_primary_cat":"none","_seopress_titles_title":"Lobster silicone mold - Create lobster tarts","_seopress_titles_desc":"Lobster tartelette mold design and made in Denmark. Create stunning snacks or desserts with this popular silicone mold","_seopress_robots_index":""},"product_brand":[],"product_cat":[91,136],"product_tag":[137,128,139,129,138],"class_list":{"0":"post-10779","1":"product","2":"type-product","3":"status-publish","4":"has-post-thumbnail","6":"product_cat-silicone-molds","7":"product_cat-tartelette-silicone-molds","8":"product_tag-lobster","9":"product_tag-molds","10":"product_tag-realistic","11":"product_tag-silicone","12":"product_tag-tail","13":"product-type-simple","14":"tm-no-options","16":"first","17":"instock","18":"taxable","19":"shipping-taxable","20":"purchasable"},"acf":[],"_links":{"self":[{"href":"https:\/\/nordic-chefs.com\/sv\/wp-json\/wp\/v2\/product\/10779","targetHints":{"allow":["GET"]}}],"collection":[{"href":"https:\/\/nordic-chefs.com\/sv\/wp-json\/wp\/v2\/product"}],"about":[{"href":"https:\/\/nordic-chefs.com\/sv\/wp-json\/wp\/v2\/types\/product"}],"version-history":[{"count":0,"href":"https:\/\/nordic-chefs.com\/sv\/wp-json\/wp\/v2\/product\/10779\/revisions"}],"wp:featuredmedia":[{"embeddable":true,"href":"https:\/\/nordic-chefs.com\/sv\/wp-json\/wp\/v2\/media\/14863"}],"wp:attachment":[{"href":"https:\/\/nordic-chefs.com\/sv\/wp-json\/wp\/v2\/media?parent=10779"}],"wp:term":[{"taxonomy":"product_brand","embeddable":true,"href":"https:\/\/nordic-chefs.com\/sv\/wp-json\/wp\/v2\/product_brand?post=10779"},{"taxonomy":"product_cat","embeddable":true,"href":"https:\/\/nordic-chefs.com\/sv\/wp-json\/wp\/v2\/product_cat?post=10779"},{"taxonomy":"product_tag","embeddable":true,"href":"https:\/\/nordic-chefs.com\/sv\/wp-json\/wp\/v2\/product_tag?post=10779"}],"curies":[{"name":"wp","href":"https:\/\/api.w.org\/{rel}","templated":true}]}}