{"id":12093,"date":"2025-02-19T21:55:39","date_gmt":"2025-02-19T19:55:39","guid":{"rendered":"https:\/\/nordic-chefs.com\/?post_type=product&#038;p=12093"},"modified":"2026-03-31T12:19:58","modified_gmt":"2026-03-31T10:19:58","slug":"fivemount-croustade-jarn","status":"publish","type":"product","link":"https:\/\/nordic-chefs.com\/sv\/shop\/fivemount-croustade-iron\/","title":{"rendered":"FiveMount Croustade J\u00e4rn"},"content":{"rendered":"<p>Vi introducerar FiveMount Croustade Iron, det ultimata kockverktyget f\u00f6r att skapa gourmet-minitarteletter och en m\u00e4ngd olika snacks. Det h\u00e4r m\u00e5ngsidiga j\u00e4rnet \u00e4r perfekt f\u00f6r det franska k\u00f6ket, asiatiska godsaker eller s\u00f6ta desserter och \u00e4r tillverkat av h\u00f6gkvalitativt rostfritt st\u00e5l, vilket g\u00f6r det h\u00e5llbart, l\u00e4tt att reng\u00f6ra och l\u00e4tt f\u00f6r b\u00e5de professionella k\u00f6k och hemmak\u00f6k.<\/p>\n<p>Med ett system med fem f\u00e4sten kan du samtidigt producera fem perfekta t\u00e5rtskal och maximera effektiviteten. Med formar som \u00e4r l\u00e4tta att byta ut, som Pie Tee och Kueh Pie Tee, \u00e4r m\u00f6jligheterna o\u00e4ndliga.<\/p>\n<p>Du kan nu g\u00f6ra handtaget personligt med en anpassad gravyr.<\/p>\n<p><strong>Denna produkt inneh\u00e5ller:<\/strong><\/p>\n<p>5 x croustadeformar<\/p>\n<p>1 x enkelt handtag<\/p>\n<p>1 x FiveMount<\/p>\n<p>Redo f\u00f6r fritering!<\/p>","protected":false},"excerpt":{"rendered":"<p class=\"p1\"><b>Denna produkt inneh\u00e5ller:<\/b><\/p>\n<p class=\"p1\">5 x Croustade Iron molds<\/p>\n<p class=\"p1\">1 x Single handle<\/p>\n<p class=\"p1\">1 x FiveMount<\/p>","protected":false},"featured_media":12096,"template":"","meta":{"_acf_changed":false,"_seopress_robots_primary_cat":"none","_seopress_titles_title":"FiveMount Croustade Iron - Create croustade like a pro","_seopress_titles_desc":"Our FiveMount Croustade Iron makes you create fried snacks 5x as fast! New croustade iron edition for chefs!","_seopress_robots_index":""},"product_brand":[],"product_cat":[152,170],"product_tag":[],"class_list":{"0":"post-12093","1":"product","2":"type-product","3":"status-publish","4":"has-post-thumbnail","6":"product_cat-croustade-iron-and-rosette-iron","7":"product_cat-fivemount-croustade-iron","8":"product-type-simple","9":"tm-no-options","11":"first","12":"instock","13":"featured","14":"taxable","15":"shipping-taxable","16":"purchasable"},"acf":[],"_links":{"self":[{"href":"https:\/\/nordic-chefs.com\/sv\/wp-json\/wp\/v2\/product\/12093","targetHints":{"allow":["GET"]}}],"collection":[{"href":"https:\/\/nordic-chefs.com\/sv\/wp-json\/wp\/v2\/product"}],"about":[{"href":"https:\/\/nordic-chefs.com\/sv\/wp-json\/wp\/v2\/types\/product"}],"version-history":[{"count":2,"href":"https:\/\/nordic-chefs.com\/sv\/wp-json\/wp\/v2\/product\/12093\/revisions"}],"predecessor-version":[{"id":19747,"href":"https:\/\/nordic-chefs.com\/sv\/wp-json\/wp\/v2\/product\/12093\/revisions\/19747"}],"wp:featuredmedia":[{"embeddable":true,"href":"https:\/\/nordic-chefs.com\/sv\/wp-json\/wp\/v2\/media\/12096"}],"wp:attachment":[{"href":"https:\/\/nordic-chefs.com\/sv\/wp-json\/wp\/v2\/media?parent=12093"}],"wp:term":[{"taxonomy":"product_brand","embeddable":true,"href":"https:\/\/nordic-chefs.com\/sv\/wp-json\/wp\/v2\/product_brand?post=12093"},{"taxonomy":"product_cat","embeddable":true,"href":"https:\/\/nordic-chefs.com\/sv\/wp-json\/wp\/v2\/product_cat?post=12093"},{"taxonomy":"product_tag","embeddable":true,"href":"https:\/\/nordic-chefs.com\/sv\/wp-json\/wp\/v2\/product_tag?post=12093"}],"curies":[{"name":"wp","href":"https:\/\/api.w.org\/{rel}","templated":true}]}}