{"id":12147,"date":"2025-02-24T12:28:45","date_gmt":"2025-02-24T10:28:45","guid":{"rendered":"https:\/\/nordic-chefs.com\/?post_type=product&#038;p=12147"},"modified":"2025-10-15T15:50:25","modified_gmt":"2025-10-15T13:50:25","slug":"hummerstjart-tartellett-stor","status":"publish","type":"product","link":"https:\/\/nordic-chefs.com\/sv\/shop\/lobster-tail-tartellet-large\/","title":{"rendered":"Tartelett med hummerstj\u00e4rt - Stor"},"content":{"rendered":"<p class=\"p1\">V\u00e5r Hummersvans-tartelett l\u00e5ter dig skapa en enda Hummersvans \u00e5t g\u00e5ngen. Dess design g\u00f6r denna form m\u00e5ngsidig f\u00f6r att g\u00f6ra b\u00e5de en tartelett som ett skaldjurssnacks eller som en dessertform. Produkten inneh\u00e5ller 3 saker f\u00f6r optimal anv\u00e4ndning. Hummerform, hummerpress och en hummersk\u00e4rare. V\u00e5ra formar \u00e4r designade och producerade i Danmark och tillverkade av 100% livsmedelsgodk\u00e4nd silikon i v\u00e5r signatur m\u00f6rk skogsgr\u00f6n, som \u00e5terspeglar det nordiska landskapet. Dessa h\u00e5llbara silikonformar f\u00f6r bakning t\u00e5l temperaturer fr\u00e5n -50 \u00b0C till +250 \u00b0C och \u00e4r idealiska f\u00f6r anv\u00e4ndning i frys eller ugn.<\/p>","protected":false},"excerpt":{"rendered":"<p>Our Lobster Tail tartelette, lets you create one single Lobster tail at a time. Its design makes this mold versatile for making both a tartelette as a seafood snack or as a dessert mold. The product contains 3 things for optimal use. Lobster mold, Lobster presse and a Lobster cutter. Our molds are designed and [&hellip;]<\/p>\n","protected":false},"featured_media":14866,"template":"","meta":{"_acf_changed":false,"_seopress_robots_primary_cat":"none","_seopress_titles_title":"Silicone Molds With Lobster Cutter For Unique Baking","_seopress_titles_desc":"Perfect your seafood or dessert presentation using our silicone molds, lobster cutter, and press. Creative baking starts with the right tools.","_seopress_robots_index":""},"product_brand":[],"product_cat":[91,104,136],"product_tag":[],"class_list":{"0":"post-12147","1":"product","2":"type-product","3":"status-publish","4":"has-post-thumbnail","6":"product_cat-silicone-molds","7":"product_cat-silicone-molds-3d","8":"product_cat-tartelette-silicone-molds","9":"product-type-simple","10":"tm-no-options","12":"first","13":"instock","14":"featured","15":"taxable","16":"shipping-taxable","17":"purchasable"},"acf":[],"_links":{"self":[{"href":"https:\/\/nordic-chefs.com\/sv\/wp-json\/wp\/v2\/product\/12147","targetHints":{"allow":["GET"]}}],"collection":[{"href":"https:\/\/nordic-chefs.com\/sv\/wp-json\/wp\/v2\/product"}],"about":[{"href":"https:\/\/nordic-chefs.com\/sv\/wp-json\/wp\/v2\/types\/product"}],"version-history":[{"count":0,"href":"https:\/\/nordic-chefs.com\/sv\/wp-json\/wp\/v2\/product\/12147\/revisions"}],"wp:featuredmedia":[{"embeddable":true,"href":"https:\/\/nordic-chefs.com\/sv\/wp-json\/wp\/v2\/media\/14866"}],"wp:attachment":[{"href":"https:\/\/nordic-chefs.com\/sv\/wp-json\/wp\/v2\/media?parent=12147"}],"wp:term":[{"taxonomy":"product_brand","embeddable":true,"href":"https:\/\/nordic-chefs.com\/sv\/wp-json\/wp\/v2\/product_brand?post=12147"},{"taxonomy":"product_cat","embeddable":true,"href":"https:\/\/nordic-chefs.com\/sv\/wp-json\/wp\/v2\/product_cat?post=12147"},{"taxonomy":"product_tag","embeddable":true,"href":"https:\/\/nordic-chefs.com\/sv\/wp-json\/wp\/v2\/product_tag?post=12147"}],"curies":[{"name":"wp","href":"https:\/\/api.w.org\/{rel}","templated":true}]}}