{"id":1232,"date":"2023-06-15T17:38:48","date_gmt":"2023-06-15T15:38:48","guid":{"rendered":"https:\/\/nordic-chefs.gullevdesigns.studio\/?post_type=product&#038;p=1232"},"modified":"2026-04-04T22:35:43","modified_gmt":"2026-04-04T20:35:43","slug":"nordic-chefs-kockkniv-21cm","status":"publish","type":"product","link":"https:\/\/nordic-chefs.com\/sv\/shop\/nordic-chefs-chefs-knife-21cm\/","title":{"rendered":"Nordic Chefs - Kockkniv 20 cm"},"content":{"rendered":"<p><strong>Kompromissl\u00f6s kvalitet och sk\u00e4rpa<\/strong><br \/>\nTillverkad av <strong>tyskt 1.4116 rostfritt st\u00e5l<\/strong>, v\u00e5r <strong>20 cm kockkniv<\/strong> \u00e4r utformad f\u00f6r att hantera alla dina vardagliga k\u00f6ksuppgifter med l\u00e4tthet. St\u00e5let genomg\u00e5r h\u00f6gtemperaturbehandling, vilket ger en h\u00e5rdhet p\u00e5 <strong>56-58 HRC<\/strong> som beh\u00e5ller en rakbladsvass kant. Dess <strong>15\u00b0 dubbelt avfasad vinkel<\/strong> m\u00f6jligg\u00f6r exakt och enkel skivning, medan <strong>ergonomiskt handtag i ebenholts<\/strong> ger ett s\u00e4kert grepp.<\/p>\n<p><strong>Viktiga funktioner<\/strong><\/p>\n<ul>\n<li><strong>Premium tyskt st\u00e5l<\/strong>: Korrosionsbest\u00e4ndig och l\u00e4tt att underh\u00e5lla.<\/li>\n<li><strong>Exceptionell f\u00f6rm\u00e5ga att bibeh\u00e5lla Edge<\/strong>: Njut av flera m\u00e5naders sk\u00e4rpa innan den beh\u00f6ver slipas om.<\/li>\n<li><strong>Ergonomiskt handtag i ebenholts<\/strong>: Balanserad design f\u00f6r professionella kockar eller hemmakockar.<\/li>\n<li><strong>M\u00e5ngsidig prestanda<\/strong>: Perfekt f\u00f6r gr\u00f6nsaker, k\u00f6tt och mycket mer.<\/li>\n<\/ul>\n<blockquote><p>\"Bra kvalitet beh\u00f6ver inte kosta en f\u00f6rm\u00f6genhet. Det h\u00e4r \u00e4r snygga arbetsknivar av h\u00f6g kvalitet f\u00f6r vardagsbruk.\"<\/p><\/blockquote>","protected":false},"excerpt":{"rendered":"<p style=\"text-align: center\">Nordic Chefs Chef Knife \u00e4r ett idealiskt verktyg f\u00f6r st\u00f6rre k\u00f6ksuppgifter, som att f\u00f6rbereda stekar och sk\u00e4ra st\u00f6rre gr\u00f6nsaker. Dess storlek och vikt g\u00f6r den perfekt f\u00f6r den h\u00e4r typen av jobb. Kniven \u00e4r tillverkad av tyskt 1.4116 rostfritt st\u00e5l och har en sk\u00e4rpa p\u00e5 56-58 HRC, en unik design och en knivskarp egg med en 15-graders vinkel p\u00e5 b\u00e5da sidor. Den \u00e4r ocks\u00e5 rost- och korrosionsbest\u00e4ndig, vilket garanterar l\u00e5ng livsl\u00e4ngd och tillf\u00f6rlitlig prestanda. Sammantaget \u00e4r Nordic Chef's Chef's Knife ett p\u00e5litligt och m\u00e5ngsidigt k\u00f6ksverktyg som \u00e4r perfekt f\u00f6r st\u00f6rre k\u00f6ksuppgifter.<\/p>","protected":false},"featured_media":11135,"template":"","meta":{"_acf_changed":false,"_seopress_robots_primary_cat":"none","_seopress_titles_title":"Professional & sharp Chef Knife in Premium German Steel","_seopress_titles_desc":"Elevate your cooking with our 20 cm Chef Knife. Our kitchen knife offers a perfectly balanced ebony handle for effortless slicing and dicing.","_seopress_robots_index":""},"product_brand":[],"product_cat":[15],"product_tag":[],"class_list":{"0":"post-1232","1":"product","2":"type-product","3":"status-publish","4":"has-post-thumbnail","6":"product_cat-ukategoriseret","7":"product-type-simple","8":"tm-no-options","10":"first","11":"instock","12":"taxable","13":"shipping-taxable","14":"purchasable"},"acf":[],"_links":{"self":[{"href":"https:\/\/nordic-chefs.com\/sv\/wp-json\/wp\/v2\/product\/1232","targetHints":{"allow":["GET"]}}],"collection":[{"href":"https:\/\/nordic-chefs.com\/sv\/wp-json\/wp\/v2\/product"}],"about":[{"href":"https:\/\/nordic-chefs.com\/sv\/wp-json\/wp\/v2\/types\/product"}],"version-history":[{"count":1,"href":"https:\/\/nordic-chefs.com\/sv\/wp-json\/wp\/v2\/product\/1232\/revisions"}],"predecessor-version":[{"id":19888,"href":"https:\/\/nordic-chefs.com\/sv\/wp-json\/wp\/v2\/product\/1232\/revisions\/19888"}],"wp:featuredmedia":[{"embeddable":true,"href":"https:\/\/nordic-chefs.com\/sv\/wp-json\/wp\/v2\/media\/11135"}],"wp:attachment":[{"href":"https:\/\/nordic-chefs.com\/sv\/wp-json\/wp\/v2\/media?parent=1232"}],"wp:term":[{"taxonomy":"product_brand","embeddable":true,"href":"https:\/\/nordic-chefs.com\/sv\/wp-json\/wp\/v2\/product_brand?post=1232"},{"taxonomy":"product_cat","embeddable":true,"href":"https:\/\/nordic-chefs.com\/sv\/wp-json\/wp\/v2\/product_cat?post=1232"},{"taxonomy":"product_tag","embeddable":true,"href":"https:\/\/nordic-chefs.com\/sv\/wp-json\/wp\/v2\/product_tag?post=1232"}],"curies":[{"name":"wp","href":"https:\/\/api.w.org\/{rel}","templated":true}]}}