{"id":1233,"date":"2023-06-15T15:38:49","date_gmt":"2023-06-15T15:38:49","guid":{"rendered":"https:\/\/nordic-chefs.gullevdesigns.studio\/?post_type=product&#038;p=1233"},"modified":"2026-04-04T22:36:04","modified_gmt":"2026-04-04T20:36:04","slug":"nordic-chefs-verktygskniv","status":"publish","type":"product","link":"https:\/\/nordic-chefs.com\/sv\/shop\/nordic-chefs-utility-knife\/","title":{"rendered":"Nordic Chefs - Verktygskniv 14 cm"},"content":{"rendered":"<p><strong>Praktiskt och precist<\/strong><br \/>\nIdealisk f\u00f6r att skiva frukt, trimma k\u00f6tt eller ta itu med snabba k\u00f6ksf\u00f6rberedelser, den <strong>14cm universalkniv<\/strong> sk\u00f6rdetr\u00f6skor <strong>skarp prestanda<\/strong> med en kompakt design. Tillverkad av <strong>tyskt 1.4116 rostfritt st\u00e5l<\/strong>h\u00e5ller den sk\u00e4rpan i flera m\u00e5nader och dess <strong>l\u00e4ttviktshandtag i ebenholts<\/strong> ger dig total kontroll. Oavsett om du utforskar nya <strong>typer av kockknivar<\/strong> eller helt enkelt beh\u00f6ver en <strong>verktygskniv f\u00f6r kockar<\/strong> f\u00f6r vardagsbruk passar den h\u00e4r perfekt.<\/p>\n<p><strong>Viktiga funktioner<\/strong><\/p>\n<ul>\n<li><strong>Kompakt m\u00e5ngsidighet<\/strong>: Praktisk storlek f\u00f6r detaljerade f\u00f6rberedelser.<\/li>\n<li><strong>H\u00f6gv\u00e4rdigt st\u00e5l<\/strong>: H\u00e5llbar och rostbest\u00e4ndig.<\/li>\n<li><strong>Ergonomiskt handtag i ebenholts<\/strong>: S\u00e4kert grepp f\u00f6r precisionssk\u00e4rning.<\/li>\n<li><strong>L\u00e4tt att underh\u00e5lla<\/strong>: En enkel handtv\u00e4tt g\u00f6r att den ser bra ut och fungerar som b\u00e4st.<\/li>\n<\/ul>\n<blockquote><p>\"Professionell eller glad amat\u00f6rkock - du kommer att tycka att de h\u00e4r knivarna \u00e4r de perfekta f\u00f6ljeslagarna.\"<\/p><\/blockquote>","protected":false},"excerpt":{"rendered":"<p><strong>Praktiskt och precist<\/strong><br \/>\nIdealisk f\u00f6r att skiva frukt, trimma k\u00f6tt eller ta itu med snabba k\u00f6ksf\u00f6rberedelser, den <strong>14cm universalkniv<\/strong> sk\u00f6rdetr\u00f6skor <strong>skarp prestanda<\/strong> med en kompakt design. Tillverkad av <strong>tyskt 1.4116 rostfritt st\u00e5l<\/strong>h\u00e5ller den sk\u00e4rpan i flera m\u00e5nader och dess <strong>l\u00e4ttviktshandtag i ebenholts<\/strong> ger dig total kontroll. Oavsett om du utforskar nya <strong>typer av kockknivar<\/strong> eller helt enkelt beh\u00f6ver en <strong>verktygskniv f\u00f6r kockar<\/strong> f\u00f6r vardagsbruk passar den h\u00e4r perfekt.<\/p>\n<p><strong>Viktiga funktioner<\/strong><\/p>\n<ul>\n<li><strong>Kompakt m\u00e5ngsidighet<\/strong>: Praktisk storlek f\u00f6r detaljerade f\u00f6rberedelser.<\/li>\n<li><strong>H\u00f6gv\u00e4rdigt st\u00e5l<\/strong>: H\u00e5llbar och rostbest\u00e4ndig.<\/li>\n<li><strong>Ergonomiskt handtag i ebenholts<\/strong>: S\u00e4kert grepp f\u00f6r precisionssk\u00e4rning.<\/li>\n<li><strong>L\u00e4tt att underh\u00e5lla<\/strong>: En enkel handtv\u00e4tt g\u00f6r att den ser bra ut och fungerar som b\u00e4st.<\/li>\n<\/ul>\n<blockquote><p>\"Professionell eller glad amat\u00f6rkock - du kommer att tycka att de h\u00e4r knivarna \u00e4r de perfekta f\u00f6ljeslagarna.\"<\/p><\/blockquote>","protected":false},"featured_media":11136,"template":"","meta":{"_acf_changed":false,"_seopress_robots_primary_cat":"none","_seopress_titles_title":"Nordic Chefs 14cm Utility Knife a precise tool for all chefs","_seopress_titles_desc":"Handles mall kitchen tasks with ease using the 14 cm utility Knife. Made from German 1.4116 steel, its perfect in any kitchen, for chefs and home chefs","_seopress_robots_index":"","wprm-recipe-roundup-name":"","wprm-recipe-roundup-description":""},"product_brand":[],"product_cat":[15],"product_tag":[],"class_list":{"0":"post-1233","1":"product","2":"type-product","3":"status-publish","4":"has-post-thumbnail","6":"product_cat-ukategoriseret","7":"product-type-simple","8":"tm-no-options","10":"first","11":"instock","12":"taxable","13":"shipping-taxable","14":"purchasable"},"acf":[],"_links":{"self":[{"href":"https:\/\/nordic-chefs.com\/sv\/wp-json\/wp\/v2\/product\/1233","targetHints":{"allow":["GET"]}}],"collection":[{"href":"https:\/\/nordic-chefs.com\/sv\/wp-json\/wp\/v2\/product"}],"about":[{"href":"https:\/\/nordic-chefs.com\/sv\/wp-json\/wp\/v2\/types\/product"}],"version-history":[{"count":0,"href":"https:\/\/nordic-chefs.com\/sv\/wp-json\/wp\/v2\/product\/1233\/revisions"}],"wp:featuredmedia":[{"embeddable":true,"href":"https:\/\/nordic-chefs.com\/sv\/wp-json\/wp\/v2\/media\/11136"}],"wp:attachment":[{"href":"https:\/\/nordic-chefs.com\/sv\/wp-json\/wp\/v2\/media?parent=1233"}],"wp:term":[{"taxonomy":"product_brand","embeddable":true,"href":"https:\/\/nordic-chefs.com\/sv\/wp-json\/wp\/v2\/product_brand?post=1233"},{"taxonomy":"product_cat","embeddable":true,"href":"https:\/\/nordic-chefs.com\/sv\/wp-json\/wp\/v2\/product_cat?post=1233"},{"taxonomy":"product_tag","embeddable":true,"href":"https:\/\/nordic-chefs.com\/sv\/wp-json\/wp\/v2\/product_tag?post=1233"}],"curies":[{"name":"wp","href":"https:\/\/api.w.org\/{rel}","templated":true}]}}