{"id":1238,"date":"2023-06-15T17:38:49","date_gmt":"2023-06-15T15:38:49","guid":{"rendered":"https:\/\/nordic-chefs.gullevdesigns.studio\/?post_type=product&#038;p=1238"},"modified":"2026-04-04T22:35:54","modified_gmt":"2026-04-04T20:35:54","slug":"nordic-chefs-santoku-kniv","status":"publish","type":"product","link":"https:\/\/nordic-chefs.com\/sv\/shop\/nordic-chefs-santoku-knife\/","title":{"rendered":"Nordic Chefs - Santokukniv 18 cm"},"content":{"rendered":"<p><strong>M\u00e5ngsidighet n\u00e4r den \u00e4r som b\u00e4st<\/strong><br \/>\nDen <strong>18cm Santoku-kniv<\/strong> \u00e4r den ultimata universalkniven, perfekt f\u00f6r att sk\u00e4ra, t\u00e4rna och hacka. Tillverkad av <strong>Tyskt rostfritt st\u00e5l 1.4116<\/strong> med en <strong>56-58 HRC<\/strong> h\u00e5rdhet f\u00f6rblir den skarp under l\u00e5nga perioder. Den <strong>handtag i ebenholts<\/strong> ger ett balanserat grepp, vilket g\u00f6r den till ett p\u00e5litligt val f\u00f6r b\u00e5de professionella kockar och hemmaentusiaster som vill ha en <strong>kockkniv av h\u00f6g kvalitet<\/strong>.<\/p>\n<p><strong>Viktiga funktioner<\/strong><\/p>\n<ul>\n<li><strong>Multifunktionellt blad<\/strong>: Perfekt f\u00f6r k\u00f6tt, gr\u00f6nsaker och fisk.<\/li>\n<li><strong>Behandling vid h\u00f6g temperatur<\/strong>: S\u00e4kerst\u00e4ller h\u00e5llbarhet och kanth\u00e5llning.<\/li>\n<li><strong>L\u00e4tt och balanserad<\/strong>: Minskar tr\u00f6tthet vid l\u00e5ngvarig anv\u00e4ndning.<\/li>\n<li><strong>Ren finish<\/strong>: Motst\u00e5r rost och korrosion f\u00f6r l\u00e5ngvarig glans.<\/li>\n<\/ul>\n<blockquote><p>\"Arbetsh\u00e4st: Kombinationen av st\u00e5l, som \u00e4r b\u00e5de rostfritt och vasst, g\u00f6r dessa knivar till de ultimata k\u00f6ksknivarna.\"<\/p><\/blockquote>","protected":false},"excerpt":{"rendered":"<p style=\"text-align: center\"><strong>M\u00e5ngsidighet n\u00e4r den \u00e4r som b\u00e4st<\/strong><br \/>\nDen <strong>18 cm Santoku-kniv<\/strong> \u00e4r den ultimata universalkniven, perfekt f\u00f6r att sk\u00e4ra, t\u00e4rna och hacka. Ett p\u00e5litligt val f\u00f6r b\u00e5de professionella kockar och hemmaentusiaster som s\u00f6ker en <strong>kockkniv av h\u00f6g kvalitet<\/strong>.<\/p>","protected":false},"featured_media":11138,"template":"","meta":{"_acf_changed":false,"_seopress_robots_primary_cat":"none","_seopress_titles_title":"Nordic Chefs 18 cm Santoku Knife for All-Purpose Kitchen Use","_seopress_titles_desc":"Discover Nordic Chef's Santoku Knife: precision-crafted with German steel, ergonomic ebony handle, and anti-stick design for effortless cooking.","_seopress_robots_index":""},"product_brand":[],"product_cat":[15],"product_tag":[],"class_list":{"0":"post-1238","1":"product","2":"type-product","3":"status-publish","4":"has-post-thumbnail","6":"product_cat-ukategoriseret","7":"product-type-simple","8":"tm-no-options","10":"first","11":"instock","12":"taxable","13":"shipping-taxable","14":"purchasable"},"acf":[],"_links":{"self":[{"href":"https:\/\/nordic-chefs.com\/sv\/wp-json\/wp\/v2\/product\/1238","targetHints":{"allow":["GET"]}}],"collection":[{"href":"https:\/\/nordic-chefs.com\/sv\/wp-json\/wp\/v2\/product"}],"about":[{"href":"https:\/\/nordic-chefs.com\/sv\/wp-json\/wp\/v2\/types\/product"}],"version-history":[{"count":1,"href":"https:\/\/nordic-chefs.com\/sv\/wp-json\/wp\/v2\/product\/1238\/revisions"}],"predecessor-version":[{"id":19889,"href":"https:\/\/nordic-chefs.com\/sv\/wp-json\/wp\/v2\/product\/1238\/revisions\/19889"}],"wp:featuredmedia":[{"embeddable":true,"href":"https:\/\/nordic-chefs.com\/sv\/wp-json\/wp\/v2\/media\/11138"}],"wp:attachment":[{"href":"https:\/\/nordic-chefs.com\/sv\/wp-json\/wp\/v2\/media?parent=1238"}],"wp:term":[{"taxonomy":"product_brand","embeddable":true,"href":"https:\/\/nordic-chefs.com\/sv\/wp-json\/wp\/v2\/product_brand?post=1238"},{"taxonomy":"product_cat","embeddable":true,"href":"https:\/\/nordic-chefs.com\/sv\/wp-json\/wp\/v2\/product_cat?post=1238"},{"taxonomy":"product_tag","embeddable":true,"href":"https:\/\/nordic-chefs.com\/sv\/wp-json\/wp\/v2\/product_tag?post=1238"}],"curies":[{"name":"wp","href":"https:\/\/api.w.org\/{rel}","templated":true}]}}