{"id":1241,"date":"2023-06-15T17:38:49","date_gmt":"2023-06-15T15:38:49","guid":{"rendered":"https:\/\/nordic-chefs.gullevdesigns.studio\/?post_type=product&#038;p=1241"},"modified":"2025-11-14T16:52:51","modified_gmt":"2025-11-14T14:52:51","slug":"superskarp-sax","status":"publish","type":"product","link":"https:\/\/nordic-chefs.com\/sv\/shop\/supersharp-scissor\/","title":{"rendered":"SuperSharp-sax"},"content":{"rendered":"<p>Vi presenterar den ultimata precisionssaxen!<br \/>\nMed ett justerbart tryckhjul har du full kontroll \u00f6ver trycket f\u00f6r varje snitt, vilket ger ett perfekt resultat.<br \/>\nDen h\u00e4r saxen f\u00f6r\u00e4ndrar spelreglerna i k\u00f6ket.<\/p>","protected":false},"excerpt":{"rendered":"<p>Vi presenterar den ultimata precisionssaxen!<br \/>\nMed ett justerbart tryckhjul har du full kontroll \u00f6ver trycket f\u00f6r varje snitt, vilket ger ett perfekt resultat.<br \/>\nDen h\u00e4r saxen f\u00f6r\u00e4ndrar spelreglerna i k\u00f6ket.<\/p>\n<p>Best\u00e4ll din idag och ta dina kulinariska skapelser till n\u00e4sta niv\u00e5!\"<\/p>","protected":false},"featured_media":13879,"template":"","meta":{"_acf_changed":false,"_seopress_robots_primary_cat":"none","_seopress_titles_title":"Supersharp scissor - A great kitchen scissor for all","_seopress_titles_desc":"Discover ultimate control with Nordic Chefs precision scissors. Adjustable pressure for perfect cuts. Revolutionize your kitchen experience today!","_seopress_robots_index":""},"product_brand":[],"product_cat":[24],"product_tag":[],"class_list":{"0":"post-1241","1":"product","2":"type-product","3":"status-publish","4":"has-post-thumbnail","6":"product_cat-supersharp-scissors","7":"product-type-simple","8":"tm-no-options","10":"first","11":"instock","12":"taxable","13":"shipping-taxable","14":"purchasable"},"acf":[],"_links":{"self":[{"href":"https:\/\/nordic-chefs.com\/sv\/wp-json\/wp\/v2\/product\/1241","targetHints":{"allow":["GET"]}}],"collection":[{"href":"https:\/\/nordic-chefs.com\/sv\/wp-json\/wp\/v2\/product"}],"about":[{"href":"https:\/\/nordic-chefs.com\/sv\/wp-json\/wp\/v2\/types\/product"}],"version-history":[{"count":0,"href":"https:\/\/nordic-chefs.com\/sv\/wp-json\/wp\/v2\/product\/1241\/revisions"}],"wp:featuredmedia":[{"embeddable":true,"href":"https:\/\/nordic-chefs.com\/sv\/wp-json\/wp\/v2\/media\/13879"}],"wp:attachment":[{"href":"https:\/\/nordic-chefs.com\/sv\/wp-json\/wp\/v2\/media?parent=1241"}],"wp:term":[{"taxonomy":"product_brand","embeddable":true,"href":"https:\/\/nordic-chefs.com\/sv\/wp-json\/wp\/v2\/product_brand?post=1241"},{"taxonomy":"product_cat","embeddable":true,"href":"https:\/\/nordic-chefs.com\/sv\/wp-json\/wp\/v2\/product_cat?post=1241"},{"taxonomy":"product_tag","embeddable":true,"href":"https:\/\/nordic-chefs.com\/sv\/wp-json\/wp\/v2\/product_tag?post=1241"}],"curies":[{"name":"wp","href":"https:\/\/api.w.org\/{rel}","templated":true}]}}