{"id":1242,"date":"2023-06-15T15:38:49","date_gmt":"2023-06-15T15:38:49","guid":{"rendered":"https:\/\/nordic-chefs.gullevdesigns.studio\/?post_type=product&#038;p=1242"},"modified":"2025-08-18T15:47:14","modified_gmt":"2025-08-18T13:47:14","slug":"quenelle-sked-curvey-l","status":"publish","type":"product","link":"https:\/\/nordic-chefs.com\/sv\/shop\/quenelle-spoon-curvey-l\/","title":{"rendered":"Quenelle Sked Curvey L - Jet Black"},"content":{"rendered":"<p>F\u00f6rdjupa dig i sofistikering och funktionalitet med Curvey Handle Rocher-skeden, som m\u00e4ter 20 cm i l\u00e4ngd. Denna quenelle-sked \u00e4r tillverkad av h\u00f6gkvalitativt rostfritt st\u00e5l och belagd med v\u00e5r Jet Black-f\u00e4rg.<\/p>\n<p>Rocher-skeden \u00e4r inte bara ett visuellt fantastiskt tillskott till ditt k\u00f6k, utan dess unika form \u00e4r s\u00e4rskilt utformad f\u00f6r att lyfta dina kulinariska skapelser, s\u00e5 att du kan producera vackra formade rocher-skedar som kommer att imponera p\u00e5 alla vid bordet<\/p>\n<p>Denna sked anv\u00e4nds av m\u00e5nga kockar inom dessertindustrin och \u00e4r ett m\u00e5ste f\u00f6r alla k\u00f6k som vill uppn\u00e5 h\u00f6gsta kvalitet inom desserttillverkning.<\/p>","protected":false},"excerpt":{"rendered":"<p>Immerse yourself in sophistication and functionality with the Curvey Handle Rocher spoon, measuring 20cm in length. This quenelle spoon is crafted from high a quality stainless steel and coated with our Jet Black color. Not only is the Rocher Spoon a visually stunning addition to your kitchen, but its unique shape is specifically designed to [&hellip;]<\/p>\n","protected":false},"featured_media":10062,"template":"","meta":{"_acf_changed":false,"_seopress_robots_primary_cat":"none","_seopress_titles_title":"Quenelle Spoon curvey - for perfect quenelle scoops","_seopress_titles_desc":"Improve your chef skills with our 20cm quenelle spoon made from top-grade stainless steel. Its jet black finish adds elegance to every scoop.","_seopress_robots_index":"","wprm-recipe-roundup-name":"","wprm-recipe-roundup-description":""},"product_brand":[],"product_cat":[22],"product_tag":[],"class_list":{"0":"post-1242","1":"product","2":"type-product","3":"status-publish","4":"has-post-thumbnail","6":"product_cat-quenelle-spoon","7":"product-type-simple","8":"tm-no-options","10":"first","11":"instock","12":"taxable","13":"shipping-taxable","14":"purchasable"},"acf":[],"_links":{"self":[{"href":"https:\/\/nordic-chefs.com\/sv\/wp-json\/wp\/v2\/product\/1242","targetHints":{"allow":["GET"]}}],"collection":[{"href":"https:\/\/nordic-chefs.com\/sv\/wp-json\/wp\/v2\/product"}],"about":[{"href":"https:\/\/nordic-chefs.com\/sv\/wp-json\/wp\/v2\/types\/product"}],"version-history":[{"count":0,"href":"https:\/\/nordic-chefs.com\/sv\/wp-json\/wp\/v2\/product\/1242\/revisions"}],"wp:featuredmedia":[{"embeddable":true,"href":"https:\/\/nordic-chefs.com\/sv\/wp-json\/wp\/v2\/media\/10062"}],"wp:attachment":[{"href":"https:\/\/nordic-chefs.com\/sv\/wp-json\/wp\/v2\/media?parent=1242"}],"wp:term":[{"taxonomy":"product_brand","embeddable":true,"href":"https:\/\/nordic-chefs.com\/sv\/wp-json\/wp\/v2\/product_brand?post=1242"},{"taxonomy":"product_cat","embeddable":true,"href":"https:\/\/nordic-chefs.com\/sv\/wp-json\/wp\/v2\/product_cat?post=1242"},{"taxonomy":"product_tag","embeddable":true,"href":"https:\/\/nordic-chefs.com\/sv\/wp-json\/wp\/v2\/product_tag?post=1242"}],"curies":[{"name":"wp","href":"https:\/\/api.w.org\/{rel}","templated":true}]}}