{"id":1259,"date":"2023-06-15T15:38:50","date_gmt":"2023-06-15T15:38:50","guid":{"rendered":"https:\/\/nordic-chefs.gullevdesigns.studio\/?post_type=product&#038;p=1259"},"modified":"2025-12-08T08:11:02","modified_gmt":"2025-12-08T06:11:02","slug":"quenelle-sked-tecture-l","status":"publish","type":"product","link":"https:\/\/nordic-chefs.com\/sv\/shop\/quenelle-spoon-tecture-l\/","title":{"rendered":"Quenelle Sked Texture L - Jet Black"},"content":{"rendered":"<p>V\u00e5r popul\u00e4ra quenelle-sked \u00e4r tillverkad av h\u00f6gkvalitativt rostfritt st\u00e5l med v\u00e5r jet black-bel\u00e4ggning.<\/p>\n<p>Det som utm\u00e4rker Quenelle\/ Rocher-skeden \u00e4r dess unika form, som har tagits fram f\u00f6r att hj\u00e4lpa dig att skapa den perfekta rocher- eller quenelle-skeden varje g\u00e5ng. Oavsett om du \u00e4r en professionell kock eller hemmakock kommer den h\u00e4r skeden att ta ditt dessertspel till n\u00e4sta niv\u00e5!<\/p>\n<p>Men ta inte bara v\u00e5rt ord f\u00f6r det - prova sj\u00e4lv och upplev skillnaden p\u00e5 n\u00e4ra h\u00e5ll. Du kommer att bli f\u00f6rv\u00e5nad \u00f6ver den perfekta formen och strukturen p\u00e5 dina roches, vilket m\u00f6jligg\u00f6rs av skedens speciella design.<\/p>\n<p>Uppgradera dina k\u00f6ksredskap med v\u00e5r dessertsked och b\u00f6rja skapa desserter som \u00e4r lika vackra som de \u00e4r goda.<\/p>\n<p>Har du sett v\u00e5r <a href=\"https:\/\/nordic-chefs.com\/sv\/butik\/koksredskap\/quenelle-sked\/quenellespoonkit\/\">quenelle kit?<\/a><\/p>","protected":false},"excerpt":{"rendered":"<p>Our popular quenelle Spoon is made from high quality stainless steel with our jet black coating. What sets the Quenelle\/ Rocher Spoon apart is its unique shape, which has been made to help you create the perfect rocher or quenelle scoop every time. Whether you&#8217;re a professional chef or a home cook, this spoon will [&hellip;]<\/p>\n","protected":false},"featured_media":10050,"template":"","meta":{"_acf_changed":false,"_seopress_robots_primary_cat":"none","_seopress_titles_title":"Quenelle spoon 20cm texture handle by Nordic Chefs","_seopress_titles_desc":"Create stunning desserts with our Rocher Spoon used by professionals world wide! \r\nMade for Chefs","_seopress_robots_index":""},"product_brand":[],"product_cat":[22],"product_tag":[],"class_list":{"0":"post-1259","1":"product","2":"type-product","3":"status-publish","4":"has-post-thumbnail","6":"product_cat-quenelle-spoon","7":"product-type-simple","8":"tm-no-options","10":"first","11":"onbackorder","12":"taxable","13":"shipping-taxable","14":"purchasable"},"acf":[],"_links":{"self":[{"href":"https:\/\/nordic-chefs.com\/sv\/wp-json\/wp\/v2\/product\/1259","targetHints":{"allow":["GET"]}}],"collection":[{"href":"https:\/\/nordic-chefs.com\/sv\/wp-json\/wp\/v2\/product"}],"about":[{"href":"https:\/\/nordic-chefs.com\/sv\/wp-json\/wp\/v2\/types\/product"}],"version-history":[{"count":0,"href":"https:\/\/nordic-chefs.com\/sv\/wp-json\/wp\/v2\/product\/1259\/revisions"}],"wp:featuredmedia":[{"embeddable":true,"href":"https:\/\/nordic-chefs.com\/sv\/wp-json\/wp\/v2\/media\/10050"}],"wp:attachment":[{"href":"https:\/\/nordic-chefs.com\/sv\/wp-json\/wp\/v2\/media?parent=1259"}],"wp:term":[{"taxonomy":"product_brand","embeddable":true,"href":"https:\/\/nordic-chefs.com\/sv\/wp-json\/wp\/v2\/product_brand?post=1259"},{"taxonomy":"product_cat","embeddable":true,"href":"https:\/\/nordic-chefs.com\/sv\/wp-json\/wp\/v2\/product_cat?post=1259"},{"taxonomy":"product_tag","embeddable":true,"href":"https:\/\/nordic-chefs.com\/sv\/wp-json\/wp\/v2\/product_tag?post=1259"}],"curies":[{"name":"wp","href":"https:\/\/api.w.org\/{rel}","templated":true}]}}