{"id":1260,"date":"2023-06-15T17:38:50","date_gmt":"2023-06-15T15:38:50","guid":{"rendered":"https:\/\/nordic-chefs.gullevdesigns.studio\/?post_type=product&#038;p=1260"},"modified":"2026-04-17T20:42:41","modified_gmt":"2026-04-17T18:42:41","slug":"quenelle-sked-kit","status":"publish","type":"product","link":"https:\/\/nordic-chefs.com\/sv\/shop\/quenelle-spoon-kit\/","title":{"rendered":"Quenelle skedsats - Curvey-handtag, Jet Black"},"content":{"rendered":"<p>V\u00e5r Quenelle- eller rochersked med b\u00f6jt handtag \u00e4r tillverkad av finaste rostfria st\u00e5l med en kolsvart f\u00e4rg<\/p>\n<p>Quenelle Spoons \u00e4r inte bara vacker, dess speciella form hj\u00e4lper dig att producera n\u00e5gra av de b\u00e4sta rocher-skedarna f\u00f6r din tallrik<\/p>\n<p>Denna upps\u00e4ttning inneh\u00e5ller<br \/>\nCurvey quenelle Sked 20cm - Jet Black<br \/>\nCurvey quenelle Sked 14cm - Jet Black<\/p>\n<p>&nbsp;<\/p>\n<p>Passar bra ihop med v\u00e5r <a href=\"https:\/\/nordic-chefs.com\/sv\/pincett\/?srsltid=AfmBOoqL59WoUoZagqbLJ43CKfQ_nq6KYH_ZZ0qYIAEKytG25OpjFxKy\">K\u00f6ks\u00adpincett<\/a> f\u00f6r optimal anv\u00e4ndning!<\/p>","protected":false},"excerpt":{"rendered":"<p>Our Curvey Handle Quenelle or rocher spoon is made of the finest stainless steel with a jet black color The quenelle Spoons is not only beautiful, its special shape will help you produce some of the best rocher scoops for your plate This set includes Curvey quenelle Spoon 20cm \u2013 Jet Black Curvey quenelle Spoon [&hellip;]<\/p>\n","protected":false},"featured_media":10227,"template":"","meta":{"_acf_changed":false,"_seopress_robots_primary_cat":"none","_seopress_titles_title":"Quenelle spoon Kit - Curvey Handle a great pastry tool","_seopress_titles_desc":"Create quenelle-shapes or rocher with our chef spoons made for professional kitchens and fits as a perfect pastry chefs tool. Made for professionals","_seopress_robots_index":""},"product_brand":[],"product_cat":[105,22],"product_tag":[],"class_list":{"0":"post-1260","1":"product","2":"type-product","3":"status-publish","4":"has-post-thumbnail","6":"product_cat-kitchen-utensils","7":"product_cat-quenelle-spoon","8":"product-type-simple","9":"tm-no-options","11":"first","12":"onbackorder","13":"taxable","14":"shipping-taxable","15":"purchasable"},"acf":[],"_links":{"self":[{"href":"https:\/\/nordic-chefs.com\/sv\/wp-json\/wp\/v2\/product\/1260","targetHints":{"allow":["GET"]}}],"collection":[{"href":"https:\/\/nordic-chefs.com\/sv\/wp-json\/wp\/v2\/product"}],"about":[{"href":"https:\/\/nordic-chefs.com\/sv\/wp-json\/wp\/v2\/types\/product"}],"version-history":[{"count":0,"href":"https:\/\/nordic-chefs.com\/sv\/wp-json\/wp\/v2\/product\/1260\/revisions"}],"wp:featuredmedia":[{"embeddable":true,"href":"https:\/\/nordic-chefs.com\/sv\/wp-json\/wp\/v2\/media\/10227"}],"wp:attachment":[{"href":"https:\/\/nordic-chefs.com\/sv\/wp-json\/wp\/v2\/media?parent=1260"}],"wp:term":[{"taxonomy":"product_brand","embeddable":true,"href":"https:\/\/nordic-chefs.com\/sv\/wp-json\/wp\/v2\/product_brand?post=1260"},{"taxonomy":"product_cat","embeddable":true,"href":"https:\/\/nordic-chefs.com\/sv\/wp-json\/wp\/v2\/product_cat?post=1260"},{"taxonomy":"product_tag","embeddable":true,"href":"https:\/\/nordic-chefs.com\/sv\/wp-json\/wp\/v2\/product_tag?post=1260"}],"curies":[{"name":"wp","href":"https:\/\/api.w.org\/{rel}","templated":true}]}}