{"id":1283,"date":"2023-06-15T17:39:04","date_gmt":"2023-06-15T15:39:04","guid":{"rendered":"https:\/\/nordic-chefs.gullevdesigns.studio\/?post_type=product&#038;p=1283"},"modified":"2026-04-06T13:48:02","modified_gmt":"2026-04-06T11:48:02","slug":"sfarifiering-sked","status":"publish","type":"product","link":"https:\/\/nordic-chefs.com\/sv\/shop\/spherification-spoon\/","title":{"rendered":"Spherification-sked - Jet Black"},"content":{"rendered":"<p>V\u00e5r sked i rostfritt st\u00e5l \u00e4r utformad f\u00f6r att hantera k\u00e4nslig sf\u00e4risk \"kaviar\" eller andra typer av livsmedel som m\u00e5ste siktas, samtidigt som den kan r\u00f6ra sig snabbt. Den \u00e4r tillverkad av h\u00f6gkvalitativt rostfritt st\u00e5l och belagd med v\u00e5r Jet Black-f\u00e4rg. Den h\u00e4r skeden g\u00f6r det m\u00f6jligt att f\u00f6rsiktigt \u00f6verf\u00f6ra sf\u00e4riska v\u00e4tskor utan att skada deras k\u00e4nsliga struktur.<\/p>\n<p>Med Chef Spoon kan du tryggt hantera sf\u00e4riska v\u00e4tskor utan att oroa dig f\u00f6r att skada dem, vilket g\u00f6r den till ett viktigt verktyg f\u00f6r alla k\u00f6k som str\u00e4var efter att uppn\u00e5 excellens inom molekyl\u00e4r gastronomi.<\/p>\n<p>Den passar bra ihop med v\u00e5r <a href=\"https:\/\/nordic-chefs.com\/sv\/butik\/pincett\/pincett-kit\/nordic-chefs-komplett-kockredskapssats-med-tander\/\">K\u00f6ks\u00adpincett<\/a><\/p>","protected":false},"excerpt":{"rendered":"<p>V\u00e5r sked i rostfritt st\u00e5l \u00e4r utformad f\u00f6r att hantera k\u00e4nslig sf\u00e4risk \"kaviar\" eller andra typer av livsmedel som m\u00e5ste siktas, samtidigt som den kan r\u00f6ra sig snabbt. Den \u00e4r tillverkad av h\u00f6gkvalitativt rostfritt st\u00e5l och belagd med v\u00e5r Jet Black-f\u00e4rg. Den h\u00e4r skeden g\u00f6r det m\u00f6jligt att f\u00f6rsiktigt \u00f6verf\u00f6ra sf\u00e4riska v\u00e4tskor utan att skada deras k\u00e4nsliga struktur.<\/p>","protected":false},"featured_media":10058,"template":"","meta":{"_acf_changed":false,"_seopress_robots_primary_cat":"none","_seopress_titles_title":"Spherification Spoon for molecular gastronomy for Chefs","_seopress_titles_desc":"Handle delicate spherified liquids perfectly with our Stainless Steel Spoon. Ideal for molecular gastronomy and a great chef tool for any kitchens","_seopress_robots_index":""},"product_brand":[],"product_cat":[22],"product_tag":[],"class_list":{"0":"post-1283","1":"product","2":"type-product","3":"status-publish","4":"has-post-thumbnail","6":"product_cat-quenelle-spoon","7":"product-type-simple","8":"tm-no-options","10":"first","11":"onbackorder","12":"taxable","13":"shipping-taxable","14":"purchasable"},"acf":[],"_links":{"self":[{"href":"https:\/\/nordic-chefs.com\/sv\/wp-json\/wp\/v2\/product\/1283","targetHints":{"allow":["GET"]}}],"collection":[{"href":"https:\/\/nordic-chefs.com\/sv\/wp-json\/wp\/v2\/product"}],"about":[{"href":"https:\/\/nordic-chefs.com\/sv\/wp-json\/wp\/v2\/types\/product"}],"version-history":[{"count":0,"href":"https:\/\/nordic-chefs.com\/sv\/wp-json\/wp\/v2\/product\/1283\/revisions"}],"wp:featuredmedia":[{"embeddable":true,"href":"https:\/\/nordic-chefs.com\/sv\/wp-json\/wp\/v2\/media\/10058"}],"wp:attachment":[{"href":"https:\/\/nordic-chefs.com\/sv\/wp-json\/wp\/v2\/media?parent=1283"}],"wp:term":[{"taxonomy":"product_brand","embeddable":true,"href":"https:\/\/nordic-chefs.com\/sv\/wp-json\/wp\/v2\/product_brand?post=1283"},{"taxonomy":"product_cat","embeddable":true,"href":"https:\/\/nordic-chefs.com\/sv\/wp-json\/wp\/v2\/product_cat?post=1283"},{"taxonomy":"product_tag","embeddable":true,"href":"https:\/\/nordic-chefs.com\/sv\/wp-json\/wp\/v2\/product_tag?post=1283"}],"curies":[{"name":"wp","href":"https:\/\/api.w.org\/{rel}","templated":true}]}}