{"id":1286,"date":"2023-06-15T15:39:04","date_gmt":"2023-06-15T15:39:04","guid":{"rendered":"https:\/\/nordic-chefs.gullevdesigns.studio\/?post_type=product&#038;p=1286"},"modified":"2026-01-08T00:16:35","modified_gmt":"2026-01-07T22:16:35","slug":"provsmakningssked-pincett","status":"publish","type":"product","link":"https:\/\/nordic-chefs.com\/sv\/shop\/tasting-spoon-tweezer\/","title":{"rendered":"Provsmakningssked\/pincett 19cm - Jet Black"},"content":{"rendered":"<p>Vi presenterar v\u00e5r Tweezer\/Spoon - ett m\u00e5ngsidigt verktyg som kommer att revolutionera din kulinariska upplevelse. Med detta multifunktionella verktyg kan du enkelt kontrollera kryddningen av soppor och s\u00e5ser, smaka av ingredienser med precision, finf\u00f6rdela r\u00e4tter och l\u00e4gga till garnering, allt med ett enda instrument.<\/p>\n<p>Detta verktyg \u00e4r utrustat med b\u00e5de pincett- och sked\u00e4ndar och \u00e4r perfekt f\u00f6r att hantera ingredienser varsamt och se till att dina r\u00e4tter kryddas till perfektion. Dessutom g\u00f6r sked\u00e4nden det enkelt att platta och garnera, vilket ger din matr\u00e4tt ett professionellt och polerat utseende.<\/p>\n<p>Oavsett om du \u00e4r professionell kock eller hemmakock \u00e4r Tweezer\/Spoon ett m\u00e5ste-verktyg som kommer att lyfta dina kulinariska skapelser till n\u00e4sta niv\u00e5.<\/p>\n<p>&nbsp;<\/p>","protected":false},"excerpt":{"rendered":"<p>Vi presenterar v\u00e5r Tweezer\/Spoon - ett m\u00e5ngsidigt verktyg som kommer att revolutionera din kulinariska upplevelse. Med detta multifunktionella verktyg kan du enkelt kontrollera kryddningen av soppor och s\u00e5ser, smaka av ingredienser med precision, finf\u00f6rdela r\u00e4tter och l\u00e4gga till garnering, allt med ett enda instrument.<\/p>","protected":false},"featured_media":10054,"template":"","meta":{"_acf_changed":false,"_seopress_robots_primary_cat":"none","_seopress_titles_title":"Tweezer\/spoon - The best Multifunctional chef tool","_seopress_titles_desc":"Elevate dishes with Nordic Chefs' Tweezer\/Spoon - a versatile tool for seasoning, plating, and garnishing. A must-have for chefs and home cooks!","_seopress_robots_index":"","wprm-recipe-roundup-name":"","wprm-recipe-roundup-description":""},"product_brand":[],"product_cat":[22],"product_tag":[],"class_list":{"0":"post-1286","1":"product","2":"type-product","3":"status-publish","4":"has-post-thumbnail","6":"product_cat-quenelle-spoon","7":"product-type-simple","8":"tm-no-options","10":"first","11":"onbackorder","12":"taxable","13":"shipping-taxable","14":"purchasable"},"acf":[],"_links":{"self":[{"href":"https:\/\/nordic-chefs.com\/sv\/wp-json\/wp\/v2\/product\/1286","targetHints":{"allow":["GET"]}}],"collection":[{"href":"https:\/\/nordic-chefs.com\/sv\/wp-json\/wp\/v2\/product"}],"about":[{"href":"https:\/\/nordic-chefs.com\/sv\/wp-json\/wp\/v2\/types\/product"}],"version-history":[{"count":0,"href":"https:\/\/nordic-chefs.com\/sv\/wp-json\/wp\/v2\/product\/1286\/revisions"}],"wp:featuredmedia":[{"embeddable":true,"href":"https:\/\/nordic-chefs.com\/sv\/wp-json\/wp\/v2\/media\/10054"}],"wp:attachment":[{"href":"https:\/\/nordic-chefs.com\/sv\/wp-json\/wp\/v2\/media?parent=1286"}],"wp:term":[{"taxonomy":"product_brand","embeddable":true,"href":"https:\/\/nordic-chefs.com\/sv\/wp-json\/wp\/v2\/product_brand?post=1286"},{"taxonomy":"product_cat","embeddable":true,"href":"https:\/\/nordic-chefs.com\/sv\/wp-json\/wp\/v2\/product_cat?post=1286"},{"taxonomy":"product_tag","embeddable":true,"href":"https:\/\/nordic-chefs.com\/sv\/wp-json\/wp\/v2\/product_tag?post=1286"}],"curies":[{"name":"wp","href":"https:\/\/api.w.org\/{rel}","templated":true}]}}