{"id":1295,"date":"2023-06-15T17:39:05","date_gmt":"2023-06-15T15:39:05","guid":{"rendered":"https:\/\/nordic-chefs.gullevdesigns.studio\/?post_type=product&#038;p=1295"},"modified":"2026-01-12T23:23:38","modified_gmt":"2026-01-12T21:23:38","slug":"croustade-jarn-enkelhandtag","status":"publish","type":"product","link":"https:\/\/nordic-chefs.com\/sv\/shop\/croustade-iron-single-handle\/","title":{"rendered":"Croustade Iron - enkelgrepp"},"content":{"rendered":"<p class=\"p1\">Skapa l\u00e4ckra krispiga snacks med v\u00e5r asiatiskt inspirerade Pie Tee Mold. V\u00e5r croustadeform v\u00e4rms upp j\u00e4mnt, vilket garanterar konsekventa resultat varje g\u00e5ng. Oavsett om du inspireras av umami-fyllda asiatiska snacks, traditionella minit\u00e5rtskal eller bara s\u00f6ta snacks i allm\u00e4nhet, s\u00e5 har den h\u00e4r m\u00e5ngsidiga croustadeformen allt du beh\u00f6ver. Den \u00e4r skapad f\u00f6r kockar, \u00e4r l\u00e4tt att reng\u00f6ra och byggd f\u00f6r att h\u00e5lla, vilket g\u00f6r den till det perfekta matlagningsverktyget f\u00f6r b\u00e5de professionella kockar och amat\u00f6rkockar.<\/p>","protected":false},"excerpt":{"rendered":"<p class=\"p1\">Nordic Chefs croustade iron is known professional kitchen tool for creating mini tart shells. It is used worldwide and is created with the chefs in mind \u2013 It is easy to clean, lightweight &amp; has an ergonomic design with changeable molds for creating versatile gourmet snacks!<\/p>","protected":false},"featured_media":13866,"template":"","meta":{"_acf_changed":false,"_seopress_robots_primary_cat":"none","_seopress_titles_title":"krustade jern - single perfekt til hjemmelavet krustader","_seopress_titles_desc":"Skab l\u00e6kre snacks med vores forskellige croustadeforme - skabt til at lave snacks i professionelle k\u00f8kkener eller i hjemmet.","_seopress_robots_index":""},"product_brand":[],"product_cat":[152,167],"product_tag":[],"class_list":{"0":"post-1295","1":"product","2":"type-product","3":"status-publish","4":"has-post-thumbnail","6":"product_cat-croustade-iron-and-rosette-iron","7":"product_cat-single-iron","8":"product-type-variable","9":"tm-no-options","11":"first","12":"instock","13":"taxable","14":"shipping-taxable","15":"purchasable","17":"has-default-attributes"},"acf":[],"_links":{"self":[{"href":"https:\/\/nordic-chefs.com\/sv\/wp-json\/wp\/v2\/product\/1295","targetHints":{"allow":["GET"]}}],"collection":[{"href":"https:\/\/nordic-chefs.com\/sv\/wp-json\/wp\/v2\/product"}],"about":[{"href":"https:\/\/nordic-chefs.com\/sv\/wp-json\/wp\/v2\/types\/product"}],"version-history":[{"count":0,"href":"https:\/\/nordic-chefs.com\/sv\/wp-json\/wp\/v2\/product\/1295\/revisions"}],"wp:featuredmedia":[{"embeddable":true,"href":"https:\/\/nordic-chefs.com\/sv\/wp-json\/wp\/v2\/media\/13866"}],"wp:attachment":[{"href":"https:\/\/nordic-chefs.com\/sv\/wp-json\/wp\/v2\/media?parent=1295"}],"wp:term":[{"taxonomy":"product_brand","embeddable":true,"href":"https:\/\/nordic-chefs.com\/sv\/wp-json\/wp\/v2\/product_brand?post=1295"},{"taxonomy":"product_cat","embeddable":true,"href":"https:\/\/nordic-chefs.com\/sv\/wp-json\/wp\/v2\/product_cat?post=1295"},{"taxonomy":"product_tag","embeddable":true,"href":"https:\/\/nordic-chefs.com\/sv\/wp-json\/wp\/v2\/product_tag?post=1295"}],"curies":[{"name":"wp","href":"https:\/\/api.w.org\/{rel}","templated":true}]}}