{"id":13189,"date":"2025-03-13T16:21:20","date_gmt":"2025-03-13T14:21:20","guid":{"rendered":"https:\/\/nordic-chefs.com\/?post_type=product&#038;p=13189"},"modified":"2026-02-20T23:34:41","modified_gmt":"2026-02-20T21:34:41","slug":"femfacks-minirosettjarn","status":"publish","type":"product","link":"https:\/\/nordic-chefs.com\/sv\/shop\/fivemount-mini-rosette-iron\/","title":{"rendered":"FiveMount Liten rosettj\u00e4rn"},"content":{"rendered":"<p class=\"p1\">Vi presenterar FiveMount Small Rosette Iron, det ultimata bunuelosverktyget f\u00f6r att skapa sm\u00e5 bunuelos och en m\u00e4ngd olika snacks. Perfekt f\u00f6r mexikanska snacks som kan \u00e4tas i en enda tugga. V\u00e5ra kockverktyg \u00e4r tillverkade av h\u00f6gkvalitativt rostfritt st\u00e5l, vilket g\u00f6r dem h\u00e5llbara, l\u00e4tta att reng\u00f6ra och l\u00e4tta f\u00f6r b\u00e5de professionella k\u00f6k och hemmak\u00f6k.<\/p>\n<p class=\"p1\">Med ett system med fem f\u00e4sten kan du samtidigt producera fem perfekta minit\u00e5rtskal, vilket maximerar effektiviteten. Den \u00e4r l\u00e4tt att byta ut mot v\u00e5ra andra formar som Croustade, Small Flat Top och v\u00e5r Small Oval Croustade.<\/p>\n<p class=\"p1\"><b>Denna produkt inneh\u00e5ller:<\/b><\/p>\n<p class=\"p1\">5 x sm\u00e5 rosettformar<\/p>\n<p class=\"p1\">1 x Single handle<\/p>\n<p class=\"p1\">1 x FiveMount<\/p>","protected":false},"excerpt":{"rendered":"<p class=\"p1\">Vi presenterar FiveMount Small Rosette Iron, det ultimata bunuelosverktyget f\u00f6r att skapa sm\u00e5 bunuelos och en m\u00e4ngd olika snacks. Perfekt f\u00f6r mexikanska snacks som kan \u00e4tas i en enda tugga. V\u00e5ra kockverktyg \u00e4r tillverkade av h\u00f6gkvalitativt rostfritt st\u00e5l, vilket g\u00f6r dem h\u00e5llbara, l\u00e4tta att reng\u00f6ra och l\u00e4tta f\u00f6r b\u00e5de professionella k\u00f6k och hemmak\u00f6k.<\/p>\n<p class=\"p1\">Med ett system med fem f\u00e4sten kan du samtidigt producera fem perfekta minit\u00e5rtskal, vilket maximerar effektiviteten. Den \u00e4r l\u00e4tt att byta ut mot v\u00e5ra andra formar som Croustade, Small Flat Top och v\u00e5r Small Oval Croustade.<\/p>\n<p>Du kan nu g\u00f6ra handtaget personligt med en anpassad gravyr.<\/p>\n<p class=\"p1\"><b>Denna produkt inneh\u00e5ller:<\/b><\/p>\n<p class=\"p1\">5 x sm\u00e5 rosettformar<\/p>\n<p class=\"p1\">1 x enkelt handtag<\/p>\n<p class=\"p1\">1 x FiveMount<\/p>\n<p class=\"p1\">Redo f\u00f6r fritering!<\/p>","protected":false},"featured_media":13196,"template":"","meta":{"_acf_changed":false,"_seopress_robots_primary_cat":"152","_seopress_titles_title":"FiveMount Small Rosette Iron - Create Bunuelos like a pro","_seopress_titles_desc":"Our FiveMount Small Rosette Iron makes you create fried snacks 5x as fast! New Rosette iron edition for professional chefs! World Wide Shipping!","_seopress_robots_index":""},"product_brand":[],"product_cat":[152,170],"product_tag":[],"class_list":{"0":"post-13189","1":"product","2":"type-product","3":"status-publish","4":"has-post-thumbnail","6":"product_cat-croustade-iron-and-rosette-iron","7":"product_cat-fivemount-croustade-iron","8":"product-type-variable","9":"tm-no-options","11":"first","12":"instock","13":"taxable","14":"shipping-taxable","15":"purchasable","17":"has-default-attributes"},"acf":[],"_links":{"self":[{"href":"https:\/\/nordic-chefs.com\/sv\/wp-json\/wp\/v2\/product\/13189","targetHints":{"allow":["GET"]}}],"collection":[{"href":"https:\/\/nordic-chefs.com\/sv\/wp-json\/wp\/v2\/product"}],"about":[{"href":"https:\/\/nordic-chefs.com\/sv\/wp-json\/wp\/v2\/types\/product"}],"version-history":[{"count":0,"href":"https:\/\/nordic-chefs.com\/sv\/wp-json\/wp\/v2\/product\/13189\/revisions"}],"wp:featuredmedia":[{"embeddable":true,"href":"https:\/\/nordic-chefs.com\/sv\/wp-json\/wp\/v2\/media\/13196"}],"wp:attachment":[{"href":"https:\/\/nordic-chefs.com\/sv\/wp-json\/wp\/v2\/media?parent=13189"}],"wp:term":[{"taxonomy":"product_brand","embeddable":true,"href":"https:\/\/nordic-chefs.com\/sv\/wp-json\/wp\/v2\/product_brand?post=13189"},{"taxonomy":"product_cat","embeddable":true,"href":"https:\/\/nordic-chefs.com\/sv\/wp-json\/wp\/v2\/product_cat?post=13189"},{"taxonomy":"product_tag","embeddable":true,"href":"https:\/\/nordic-chefs.com\/sv\/wp-json\/wp\/v2\/product_tag?post=13189"}],"curies":[{"name":"wp","href":"https:\/\/api.w.org\/{rel}","templated":true}]}}